{"id":5146,"date":"2025-03-10T10:28:27","date_gmt":"2025-03-10T10:28:27","guid":{"rendered":"https:\/\/magida-agro.az\/?post_type=product&#038;p=5146"},"modified":"2025-10-03T16:21:15","modified_gmt":"2025-10-03T16:21:15","slug":"codasal-premium","status":"publish","type":"product","link":"https:\/\/magida-agro.az\/az\/product\/codasal-premium\/","title":{"rendered":"Codasal Premium"},"content":{"rendered":"","protected":false},"excerpt":{"rendered":"<h3><strong>17.52% CaO + orqanik tur\u015fular<\/strong><\/h3>\n<p>Y\u00fcks\u0259k keyfiyy\u0259tli bitki m\u0259n\u015f\u0259li orqanik tur\u015fu z\u0259ncirl\u0259ri il\u0259 kompleksl\u0259\u015fdirilmi\u015f kalsium<br \/>\nm\u0259hlulu. Bitkiy\u0259 kalsium t\u0259min edir, k\u00f6k zonas\u0131nda duzlar\u0131n h\u0259r\u0259k\u0259tini asanla\u015fd\u0131r\u0131r,<br \/>\ntorpa\u011fda \u015foranl\u0131\u011f\u0131 aradan qald\u0131r\u0131r, bitkid\u0259 osmotik stressi azald\u0131r v\u0259 torpa\u011f\u0131n fiziki,<br \/>\nkimy\u0259vi v\u0259 bioloji x\u00fcsusiyy\u0259tl\u0259rini yax\u015f\u0131la\u015fd\u0131r\u0131r<\/p>","protected":false},"featured_media":5409,"comment_status":"open","ping_status":"closed","template":"","meta":[],"product_brand":[],"product_cat":[25],"product_tag":[],"class_list":{"0":"post-5146","1":"product","2":"type-product","3":"status-publish","4":"has-post-thumbnail","6":"product_cat-organic-foods","8":"first","9":"instock","10":"shipping-taxable","11":"purchasable","12":"product-type-variable"},"yoast_head":"<!-- This site is optimized with the Yoast SEO plugin v26.4 - https:\/\/yoast.com\/wordpress\/plugins\/seo\/ -->\n<title>Codasal Premium - Magida Agro<\/title>\n<meta name=\"robots\" content=\"index, follow, max-snippet:-1, max-image-preview:large, max-video-preview:-1\" \/>\n<link rel=\"canonical\" href=\"https:\/\/magida-agro.az\/az\/product\/codasal-premium\/\" \/>\n<meta property=\"og:locale\" content=\"az_AZ\" \/>\n<meta property=\"og:type\" content=\"article\" \/>\n<meta property=\"og:title\" content=\"Codasal Premium - Magida Agro\" \/>\n<meta property=\"og:description\" content=\"17.52% CaO + orqanik tur\u015fular Y\u00fcks\u0259k keyfiyy\u0259tli bitki m\u0259n\u015f\u0259li orqanik tur\u015fu z\u0259ncirl\u0259ri il\u0259 kompleksl\u0259\u015fdirilmi\u015f kalsium m\u0259hlulu. Bitkiy\u0259 kalsium t\u0259min edir, k\u00f6k zonas\u0131nda duzlar\u0131n h\u0259r\u0259k\u0259tini asanla\u015fd\u0131r\u0131r, torpa\u011fda \u015foranl\u0131\u011f\u0131 aradan qald\u0131r\u0131r, bitkid\u0259 osmotik stressi azald\u0131r v\u0259 torpa\u011f\u0131n fiziki, kimy\u0259vi v\u0259 bioloji x\u00fcsusiyy\u0259tl\u0259rini yax\u015f\u0131la\u015fd\u0131r\u0131r\" \/>\n<meta property=\"og:url\" content=\"https:\/\/magida-agro.az\/az\/product\/codasal-premium\/\" \/>\n<meta property=\"og:site_name\" content=\"Magida Agro\" \/>\n<meta property=\"article:modified_time\" content=\"2025-10-03T16:21:15+00:00\" \/>\n<meta property=\"og:image\" content=\"https:\/\/magida-agro.az\/wp-content\/uploads\/2025\/03\/codasal_premium-coda-sas-min.jpg\" \/>\n\t<meta property=\"og:image:width\" content=\"1000\" \/>\n\t<meta property=\"og:image:height\" content=\"1000\" \/>\n\t<meta property=\"og:image:type\" content=\"image\/jpeg\" \/>\n<meta name=\"twitter:card\" content=\"summary_large_image\" \/>\n<script type=\"application\/ld+json\" class=\"yoast-schema-graph\">{\"@context\":\"https:\/\/schema.org\",\"@graph\":[{\"@type\":\"WebPage\",\"@id\":\"https:\/\/magida-agro.az\/product\/codasal-premium\/\",\"url\":\"https:\/\/magida-agro.az\/product\/codasal-premium\/\",\"name\":\"Codasal Premium - Magida Agro\",\"isPartOf\":{\"@id\":\"https:\/\/magida-agro.az\/#website\"},\"primaryImageOfPage\":{\"@id\":\"https:\/\/magida-agro.az\/product\/codasal-premium\/#primaryimage\"},\"image\":{\"@id\":\"https:\/\/magida-agro.az\/product\/codasal-premium\/#primaryimage\"},\"thumbnailUrl\":\"https:\/\/magida-agro.az\/wp-content\/uploads\/2025\/03\/codasal_premium-coda-sas-min.jpg\",\"datePublished\":\"2025-03-10T10:28:27+00:00\",\"dateModified\":\"2025-10-03T16:21:15+00:00\",\"breadcrumb\":{\"@id\":\"https:\/\/magida-agro.az\/product\/codasal-premium\/#breadcrumb\"},\"inLanguage\":\"az\",\"potentialAction\":[{\"@type\":\"ReadAction\",\"target\":[\"https:\/\/magida-agro.az\/product\/codasal-premium\/\"]}]},{\"@type\":\"ImageObject\",\"inLanguage\":\"az\",\"@id\":\"https:\/\/magida-agro.az\/product\/codasal-premium\/#primaryimage\",\"url\":\"https:\/\/magida-agro.az\/wp-content\/uploads\/2025\/03\/codasal_premium-coda-sas-min.jpg\",\"contentUrl\":\"https:\/\/magida-agro.az\/wp-content\/uploads\/2025\/03\/codasal_premium-coda-sas-min.jpg\",\"width\":1000,\"height\":1000},{\"@type\":\"BreadcrumbList\",\"@id\":\"https:\/\/magida-agro.az\/product\/codasal-premium\/#breadcrumb\",\"itemListElement\":[{\"@type\":\"ListItem\",\"position\":1,\"name\":\"Home\",\"item\":\"https:\/\/magida-agro.az\/\"},{\"@type\":\"ListItem\",\"position\":2,\"name\":\"Shop\",\"item\":\"https:\/\/magida-agro.az\/shop\/\"},{\"@type\":\"ListItem\",\"position\":3,\"name\":\"Codasal Premium\"}]},{\"@type\":\"WebSite\",\"@id\":\"https:\/\/magida-agro.az\/#website\",\"url\":\"https:\/\/magida-agro.az\/\",\"name\":\"Magida Agro\",\"description\":\"\",\"publisher\":{\"@id\":\"https:\/\/magida-agro.az\/#organization\"},\"potentialAction\":[{\"@type\":\"SearchAction\",\"target\":{\"@type\":\"EntryPoint\",\"urlTemplate\":\"https:\/\/magida-agro.az\/?s={search_term_string}\"},\"query-input\":{\"@type\":\"PropertyValueSpecification\",\"valueRequired\":true,\"valueName\":\"search_term_string\"}}],\"inLanguage\":\"az\"},{\"@type\":\"Organization\",\"@id\":\"https:\/\/magida-agro.az\/#organization\",\"name\":\"Magida Agro\",\"url\":\"https:\/\/magida-agro.az\/\",\"logo\":{\"@type\":\"ImageObject\",\"inLanguage\":\"az\",\"@id\":\"https:\/\/magida-agro.az\/#\/schema\/logo\/image\/\",\"url\":\"https:\/\/magida-agro.az\/wp-content\/uploads\/2025\/02\/cropped-207768526-1.png\",\"contentUrl\":\"https:\/\/magida-agro.az\/wp-content\/uploads\/2025\/02\/cropped-207768526-1.png\",\"width\":1000,\"height\":998,\"caption\":\"Magida Agro\"},\"image\":{\"@id\":\"https:\/\/magida-agro.az\/#\/schema\/logo\/image\/\"}}]}<\/script>\n<!-- \/ Yoast SEO plugin. -->","yoast_head_json":{"title":"Codasal Premium - Magida Agro","robots":{"index":"index","follow":"follow","max-snippet":"max-snippet:-1","max-image-preview":"max-image-preview:large","max-video-preview":"max-video-preview:-1"},"canonical":"https:\/\/magida-agro.az\/az\/product\/codasal-premium\/","og_locale":"az_AZ","og_type":"article","og_title":"Codasal Premium - Magida Agro","og_description":"17.52% CaO + orqanik tur\u015fular Y\u00fcks\u0259k keyfiyy\u0259tli bitki m\u0259n\u015f\u0259li orqanik tur\u015fu z\u0259ncirl\u0259ri il\u0259 kompleksl\u0259\u015fdirilmi\u015f kalsium m\u0259hlulu. Bitkiy\u0259 kalsium t\u0259min edir, k\u00f6k zonas\u0131nda duzlar\u0131n h\u0259r\u0259k\u0259tini asanla\u015fd\u0131r\u0131r, torpa\u011fda \u015foranl\u0131\u011f\u0131 aradan qald\u0131r\u0131r, bitkid\u0259 osmotik stressi azald\u0131r v\u0259 torpa\u011f\u0131n fiziki, kimy\u0259vi v\u0259 bioloji x\u00fcsusiyy\u0259tl\u0259rini yax\u015f\u0131la\u015fd\u0131r\u0131r","og_url":"https:\/\/magida-agro.az\/az\/product\/codasal-premium\/","og_site_name":"Magida Agro","article_modified_time":"2025-10-03T16:21:15+00:00","og_image":[{"width":1000,"height":1000,"url":"https:\/\/magida-agro.az\/wp-content\/uploads\/2025\/03\/codasal_premium-coda-sas-min.jpg","type":"image\/jpeg"}],"twitter_card":"summary_large_image","schema":{"@context":"https:\/\/schema.org","@graph":[{"@type":"WebPage","@id":"https:\/\/magida-agro.az\/product\/codasal-premium\/","url":"https:\/\/magida-agro.az\/product\/codasal-premium\/","name":"Codasal Premium - Magida Agro","isPartOf":{"@id":"https:\/\/magida-agro.az\/#website"},"primaryImageOfPage":{"@id":"https:\/\/magida-agro.az\/product\/codasal-premium\/#primaryimage"},"image":{"@id":"https:\/\/magida-agro.az\/product\/codasal-premium\/#primaryimage"},"thumbnailUrl":"https:\/\/magida-agro.az\/wp-content\/uploads\/2025\/03\/codasal_premium-coda-sas-min.jpg","datePublished":"2025-03-10T10:28:27+00:00","dateModified":"2025-10-03T16:21:15+00:00","breadcrumb":{"@id":"https:\/\/magida-agro.az\/product\/codasal-premium\/#breadcrumb"},"inLanguage":"az","potentialAction":[{"@type":"ReadAction","target":["https:\/\/magida-agro.az\/product\/codasal-premium\/"]}]},{"@type":"ImageObject","inLanguage":"az","@id":"https:\/\/magida-agro.az\/product\/codasal-premium\/#primaryimage","url":"https:\/\/magida-agro.az\/wp-content\/uploads\/2025\/03\/codasal_premium-coda-sas-min.jpg","contentUrl":"https:\/\/magida-agro.az\/wp-content\/uploads\/2025\/03\/codasal_premium-coda-sas-min.jpg","width":1000,"height":1000},{"@type":"BreadcrumbList","@id":"https:\/\/magida-agro.az\/product\/codasal-premium\/#breadcrumb","itemListElement":[{"@type":"ListItem","position":1,"name":"Home","item":"https:\/\/magida-agro.az\/"},{"@type":"ListItem","position":2,"name":"Shop","item":"https:\/\/magida-agro.az\/shop\/"},{"@type":"ListItem","position":3,"name":"Codasal Premium"}]},{"@type":"WebSite","@id":"https:\/\/magida-agro.az\/#website","url":"https:\/\/magida-agro.az\/","name":"Magida Agro","description":"","publisher":{"@id":"https:\/\/magida-agro.az\/#organization"},"potentialAction":[{"@type":"SearchAction","target":{"@type":"EntryPoint","urlTemplate":"https:\/\/magida-agro.az\/?s={search_term_string}"},"query-input":{"@type":"PropertyValueSpecification","valueRequired":true,"valueName":"search_term_string"}}],"inLanguage":"az"},{"@type":"Organization","@id":"https:\/\/magida-agro.az\/#organization","name":"Magida Agro","url":"https:\/\/magida-agro.az\/","logo":{"@type":"ImageObject","inLanguage":"az","@id":"https:\/\/magida-agro.az\/#\/schema\/logo\/image\/","url":"https:\/\/magida-agro.az\/wp-content\/uploads\/2025\/02\/cropped-207768526-1.png","contentUrl":"https:\/\/magida-agro.az\/wp-content\/uploads\/2025\/02\/cropped-207768526-1.png","width":1000,"height":998,"caption":"Magida Agro"},"image":{"@id":"https:\/\/magida-agro.az\/#\/schema\/logo\/image\/"}}]}},"_links":{"self":[{"href":"https:\/\/magida-agro.az\/az\/wp-json\/wp\/v2\/product\/5146","targetHints":{"allow":["GET"]}}],"collection":[{"href":"https:\/\/magida-agro.az\/az\/wp-json\/wp\/v2\/product"}],"about":[{"href":"https:\/\/magida-agro.az\/az\/wp-json\/wp\/v2\/types\/product"}],"replies":[{"embeddable":true,"href":"https:\/\/magida-agro.az\/az\/wp-json\/wp\/v2\/comments?post=5146"}],"wp:featuredmedia":[{"embeddable":true,"href":"https:\/\/magida-agro.az\/az\/wp-json\/wp\/v2\/media\/5409"}],"wp:attachment":[{"href":"https:\/\/magida-agro.az\/az\/wp-json\/wp\/v2\/media?parent=5146"}],"wp:term":[{"taxonomy":"product_brand","embeddable":true,"href":"https:\/\/magida-agro.az\/az\/wp-json\/wp\/v2\/product_brand?post=5146"},{"taxonomy":"product_cat","embeddable":true,"href":"https:\/\/magida-agro.az\/az\/wp-json\/wp\/v2\/product_cat?post=5146"},{"taxonomy":"product_tag","embeddable":true,"href":"https:\/\/magida-agro.az\/az\/wp-json\/wp\/v2\/product_tag?post=5146"}],"curies":[{"name":"wp","href":"https:\/\/api.w.org\/{rel}","templated":true}]}}