{"id":5148,"date":"2025-03-10T10:30:04","date_gmt":"2025-03-10T10:30:04","guid":{"rendered":"https:\/\/magida-agro.az\/?post_type=product&#038;p=5148"},"modified":"2025-10-03T16:18:46","modified_gmt":"2025-10-03T16:18:46","slug":"numatric","status":"publish","type":"product","link":"https:\/\/magida-agro.az\/az\/product\/numatric\/","title":{"rendered":"Numatric"},"content":{"rendered":"","protected":false},"excerpt":{"rendered":"<h3><strong>2.4% CaO + 1.1% MgO + 45.2% \u00fczvi tur\u015fular<\/strong><\/h3>\n<p>Leonarditd\u0259n \u00e7\u0131xar\u0131lan humik v\u0259 fulvik tur\u015fular\u0131 olan maye \u00fczvi<br \/>\nkorrektor. Torpa\u011f\u0131n fiziki qurulu\u015funu yax\u015f\u0131la\u015fd\u0131r\u0131r v\u0259 KMT-u (Kation<br \/>\nM\u00fcbadil\u0259 Tutumu) art\u0131r\u0131r. Bu m\u0259hsulu t\u0259tbiq etm\u0259kl\u0259 biz torpaqda<br \/>\nm\u00f6vcud olan qida madd\u0259l\u0259rinin blokunu a\u00e7\u0131r v\u0259 m\u0259nims\u0259m\u0259<br \/>\nqabiliyy\u0259tini art\u0131r\u0131r\u0131q. Torpa\u011f\u0131n mikrobiotas\u0131na t\u0259sir ed\u0259r\u0259k mikrob<br \/>\nbiok\u00fctl\u0259sini v\u0259 onun f\u0259aliyy\u0259tini art\u0131r\u0131r. Torpa\u011f\u0131n keyfiyy\u0259tli<br \/>\nformala\u015fmas\u0131na k\u00f6m\u0259k edir, k\u00f6k k\u00fctl\u0259sini v\u0259 suyun saxlanmas\u0131n\u0131<br \/>\nart\u0131r\u0131r<\/p>","protected":false},"featured_media":5408,"comment_status":"open","ping_status":"closed","template":"","meta":[],"product_brand":[],"product_cat":[25],"product_tag":[],"class_list":{"0":"post-5148","1":"product","2":"type-product","3":"status-publish","4":"has-post-thumbnail","6":"product_cat-organic-foods","8":"first","9":"instock","10":"shipping-taxable","11":"purchasable","12":"product-type-variable"},"yoast_head":"<!-- This site is optimized with the Yoast SEO plugin v26.4 - https:\/\/yoast.com\/wordpress\/plugins\/seo\/ -->\n<title>Numatric - Magida Agro<\/title>\n<meta name=\"robots\" content=\"index, follow, max-snippet:-1, max-image-preview:large, max-video-preview:-1\" \/>\n<link rel=\"canonical\" href=\"https:\/\/magida-agro.az\/az\/product\/numatric\/\" \/>\n<meta property=\"og:locale\" content=\"az_AZ\" \/>\n<meta property=\"og:type\" content=\"article\" \/>\n<meta property=\"og:title\" content=\"Numatric - Magida Agro\" \/>\n<meta property=\"og:description\" content=\"2.4% CaO + 1.1% MgO + 45.2% \u00fczvi tur\u015fular Leonarditd\u0259n \u00e7\u0131xar\u0131lan humik v\u0259 fulvik tur\u015fular\u0131 olan maye \u00fczvi korrektor. Torpa\u011f\u0131n fiziki qurulu\u015funu yax\u015f\u0131la\u015fd\u0131r\u0131r v\u0259 KMT-u (Kation M\u00fcbadil\u0259 Tutumu) art\u0131r\u0131r. Bu m\u0259hsulu t\u0259tbiq etm\u0259kl\u0259 biz torpaqda m\u00f6vcud olan qida madd\u0259l\u0259rinin blokunu a\u00e7\u0131r v\u0259 m\u0259nims\u0259m\u0259 qabiliyy\u0259tini art\u0131r\u0131r\u0131q. Torpa\u011f\u0131n mikrobiotas\u0131na t\u0259sir ed\u0259r\u0259k mikrob biok\u00fctl\u0259sini v\u0259 onun f\u0259aliyy\u0259tini art\u0131r\u0131r. Torpa\u011f\u0131n keyfiyy\u0259tli formala\u015fmas\u0131na k\u00f6m\u0259k edir, k\u00f6k k\u00fctl\u0259sini v\u0259 suyun saxlanmas\u0131n\u0131 art\u0131r\u0131r\" \/>\n<meta property=\"og:url\" content=\"https:\/\/magida-agro.az\/az\/product\/numatric\/\" \/>\n<meta property=\"og:site_name\" content=\"Magida Agro\" \/>\n<meta property=\"article:modified_time\" content=\"2025-10-03T16:18:46+00:00\" \/>\n<meta property=\"og:image\" content=\"https:\/\/magida-agro.az\/wp-content\/uploads\/2025\/03\/numatric-productos-coda-sas.jpg\" \/>\n\t<meta property=\"og:image:width\" content=\"840\" \/>\n\t<meta property=\"og:image:height\" content=\"840\" \/>\n\t<meta property=\"og:image:type\" content=\"image\/jpeg\" \/>\n<meta name=\"twitter:card\" content=\"summary_large_image\" \/>\n<script type=\"application\/ld+json\" class=\"yoast-schema-graph\">{\"@context\":\"https:\/\/schema.org\",\"@graph\":[{\"@type\":\"WebPage\",\"@id\":\"https:\/\/magida-agro.az\/product\/numatric\/\",\"url\":\"https:\/\/magida-agro.az\/product\/numatric\/\",\"name\":\"Numatric - Magida Agro\",\"isPartOf\":{\"@id\":\"https:\/\/magida-agro.az\/#website\"},\"primaryImageOfPage\":{\"@id\":\"https:\/\/magida-agro.az\/product\/numatric\/#primaryimage\"},\"image\":{\"@id\":\"https:\/\/magida-agro.az\/product\/numatric\/#primaryimage\"},\"thumbnailUrl\":\"https:\/\/magida-agro.az\/wp-content\/uploads\/2025\/03\/numatric-productos-coda-sas.jpg\",\"datePublished\":\"2025-03-10T10:30:04+00:00\",\"dateModified\":\"2025-10-03T16:18:46+00:00\",\"breadcrumb\":{\"@id\":\"https:\/\/magida-agro.az\/product\/numatric\/#breadcrumb\"},\"inLanguage\":\"az\",\"potentialAction\":[{\"@type\":\"ReadAction\",\"target\":[\"https:\/\/magida-agro.az\/product\/numatric\/\"]}]},{\"@type\":\"ImageObject\",\"inLanguage\":\"az\",\"@id\":\"https:\/\/magida-agro.az\/product\/numatric\/#primaryimage\",\"url\":\"https:\/\/magida-agro.az\/wp-content\/uploads\/2025\/03\/numatric-productos-coda-sas.jpg\",\"contentUrl\":\"https:\/\/magida-agro.az\/wp-content\/uploads\/2025\/03\/numatric-productos-coda-sas.jpg\",\"width\":840,\"height\":840},{\"@type\":\"BreadcrumbList\",\"@id\":\"https:\/\/magida-agro.az\/product\/numatric\/#breadcrumb\",\"itemListElement\":[{\"@type\":\"ListItem\",\"position\":1,\"name\":\"Home\",\"item\":\"https:\/\/magida-agro.az\/\"},{\"@type\":\"ListItem\",\"position\":2,\"name\":\"Shop\",\"item\":\"https:\/\/magida-agro.az\/shop\/\"},{\"@type\":\"ListItem\",\"position\":3,\"name\":\"Numatric\"}]},{\"@type\":\"WebSite\",\"@id\":\"https:\/\/magida-agro.az\/#website\",\"url\":\"https:\/\/magida-agro.az\/\",\"name\":\"Magida Agro\",\"description\":\"\",\"publisher\":{\"@id\":\"https:\/\/magida-agro.az\/#organization\"},\"potentialAction\":[{\"@type\":\"SearchAction\",\"target\":{\"@type\":\"EntryPoint\",\"urlTemplate\":\"https:\/\/magida-agro.az\/?s={search_term_string}\"},\"query-input\":{\"@type\":\"PropertyValueSpecification\",\"valueRequired\":true,\"valueName\":\"search_term_string\"}}],\"inLanguage\":\"az\"},{\"@type\":\"Organization\",\"@id\":\"https:\/\/magida-agro.az\/#organization\",\"name\":\"Magida Agro\",\"url\":\"https:\/\/magida-agro.az\/\",\"logo\":{\"@type\":\"ImageObject\",\"inLanguage\":\"az\",\"@id\":\"https:\/\/magida-agro.az\/#\/schema\/logo\/image\/\",\"url\":\"https:\/\/magida-agro.az\/wp-content\/uploads\/2025\/02\/cropped-207768526-1.png\",\"contentUrl\":\"https:\/\/magida-agro.az\/wp-content\/uploads\/2025\/02\/cropped-207768526-1.png\",\"width\":1000,\"height\":998,\"caption\":\"Magida Agro\"},\"image\":{\"@id\":\"https:\/\/magida-agro.az\/#\/schema\/logo\/image\/\"}}]}<\/script>\n<!-- \/ Yoast SEO plugin. -->","yoast_head_json":{"title":"Numatric - Magida Agro","robots":{"index":"index","follow":"follow","max-snippet":"max-snippet:-1","max-image-preview":"max-image-preview:large","max-video-preview":"max-video-preview:-1"},"canonical":"https:\/\/magida-agro.az\/az\/product\/numatric\/","og_locale":"az_AZ","og_type":"article","og_title":"Numatric - Magida Agro","og_description":"2.4% CaO + 1.1% MgO + 45.2% \u00fczvi tur\u015fular Leonarditd\u0259n \u00e7\u0131xar\u0131lan humik v\u0259 fulvik tur\u015fular\u0131 olan maye \u00fczvi korrektor. Torpa\u011f\u0131n fiziki qurulu\u015funu yax\u015f\u0131la\u015fd\u0131r\u0131r v\u0259 KMT-u (Kation M\u00fcbadil\u0259 Tutumu) art\u0131r\u0131r. Bu m\u0259hsulu t\u0259tbiq etm\u0259kl\u0259 biz torpaqda m\u00f6vcud olan qida madd\u0259l\u0259rinin blokunu a\u00e7\u0131r v\u0259 m\u0259nims\u0259m\u0259 qabiliyy\u0259tini art\u0131r\u0131r\u0131q. Torpa\u011f\u0131n mikrobiotas\u0131na t\u0259sir ed\u0259r\u0259k mikrob biok\u00fctl\u0259sini v\u0259 onun f\u0259aliyy\u0259tini art\u0131r\u0131r. Torpa\u011f\u0131n keyfiyy\u0259tli formala\u015fmas\u0131na k\u00f6m\u0259k edir, k\u00f6k k\u00fctl\u0259sini v\u0259 suyun saxlanmas\u0131n\u0131 art\u0131r\u0131r","og_url":"https:\/\/magida-agro.az\/az\/product\/numatric\/","og_site_name":"Magida Agro","article_modified_time":"2025-10-03T16:18:46+00:00","og_image":[{"width":840,"height":840,"url":"https:\/\/magida-agro.az\/wp-content\/uploads\/2025\/03\/numatric-productos-coda-sas.jpg","type":"image\/jpeg"}],"twitter_card":"summary_large_image","schema":{"@context":"https:\/\/schema.org","@graph":[{"@type":"WebPage","@id":"https:\/\/magida-agro.az\/product\/numatric\/","url":"https:\/\/magida-agro.az\/product\/numatric\/","name":"Numatric - Magida Agro","isPartOf":{"@id":"https:\/\/magida-agro.az\/#website"},"primaryImageOfPage":{"@id":"https:\/\/magida-agro.az\/product\/numatric\/#primaryimage"},"image":{"@id":"https:\/\/magida-agro.az\/product\/numatric\/#primaryimage"},"thumbnailUrl":"https:\/\/magida-agro.az\/wp-content\/uploads\/2025\/03\/numatric-productos-coda-sas.jpg","datePublished":"2025-03-10T10:30:04+00:00","dateModified":"2025-10-03T16:18:46+00:00","breadcrumb":{"@id":"https:\/\/magida-agro.az\/product\/numatric\/#breadcrumb"},"inLanguage":"az","potentialAction":[{"@type":"ReadAction","target":["https:\/\/magida-agro.az\/product\/numatric\/"]}]},{"@type":"ImageObject","inLanguage":"az","@id":"https:\/\/magida-agro.az\/product\/numatric\/#primaryimage","url":"https:\/\/magida-agro.az\/wp-content\/uploads\/2025\/03\/numatric-productos-coda-sas.jpg","contentUrl":"https:\/\/magida-agro.az\/wp-content\/uploads\/2025\/03\/numatric-productos-coda-sas.jpg","width":840,"height":840},{"@type":"BreadcrumbList","@id":"https:\/\/magida-agro.az\/product\/numatric\/#breadcrumb","itemListElement":[{"@type":"ListItem","position":1,"name":"Home","item":"https:\/\/magida-agro.az\/"},{"@type":"ListItem","position":2,"name":"Shop","item":"https:\/\/magida-agro.az\/shop\/"},{"@type":"ListItem","position":3,"name":"Numatric"}]},{"@type":"WebSite","@id":"https:\/\/magida-agro.az\/#website","url":"https:\/\/magida-agro.az\/","name":"Magida Agro","description":"","publisher":{"@id":"https:\/\/magida-agro.az\/#organization"},"potentialAction":[{"@type":"SearchAction","target":{"@type":"EntryPoint","urlTemplate":"https:\/\/magida-agro.az\/?s={search_term_string}"},"query-input":{"@type":"PropertyValueSpecification","valueRequired":true,"valueName":"search_term_string"}}],"inLanguage":"az"},{"@type":"Organization","@id":"https:\/\/magida-agro.az\/#organization","name":"Magida Agro","url":"https:\/\/magida-agro.az\/","logo":{"@type":"ImageObject","inLanguage":"az","@id":"https:\/\/magida-agro.az\/#\/schema\/logo\/image\/","url":"https:\/\/magida-agro.az\/wp-content\/uploads\/2025\/02\/cropped-207768526-1.png","contentUrl":"https:\/\/magida-agro.az\/wp-content\/uploads\/2025\/02\/cropped-207768526-1.png","width":1000,"height":998,"caption":"Magida Agro"},"image":{"@id":"https:\/\/magida-agro.az\/#\/schema\/logo\/image\/"}}]}},"_links":{"self":[{"href":"https:\/\/magida-agro.az\/az\/wp-json\/wp\/v2\/product\/5148","targetHints":{"allow":["GET"]}}],"collection":[{"href":"https:\/\/magida-agro.az\/az\/wp-json\/wp\/v2\/product"}],"about":[{"href":"https:\/\/magida-agro.az\/az\/wp-json\/wp\/v2\/types\/product"}],"replies":[{"embeddable":true,"href":"https:\/\/magida-agro.az\/az\/wp-json\/wp\/v2\/comments?post=5148"}],"wp:featuredmedia":[{"embeddable":true,"href":"https:\/\/magida-agro.az\/az\/wp-json\/wp\/v2\/media\/5408"}],"wp:attachment":[{"href":"https:\/\/magida-agro.az\/az\/wp-json\/wp\/v2\/media?parent=5148"}],"wp:term":[{"taxonomy":"product_brand","embeddable":true,"href":"https:\/\/magida-agro.az\/az\/wp-json\/wp\/v2\/product_brand?post=5148"},{"taxonomy":"product_cat","embeddable":true,"href":"https:\/\/magida-agro.az\/az\/wp-json\/wp\/v2\/product_cat?post=5148"},{"taxonomy":"product_tag","embeddable":true,"href":"https:\/\/magida-agro.az\/az\/wp-json\/wp\/v2\/product_tag?post=5148"}],"curies":[{"name":"wp","href":"https:\/\/api.w.org\/{rel}","templated":true}]}}