{"id":5151,"date":"2025-03-10T10:41:35","date_gmt":"2025-03-10T10:41:35","guid":{"rendered":"https:\/\/magida-agro.az\/?post_type=product&#038;p=5151"},"modified":"2025-10-03T16:13:20","modified_gmt":"2025-10-03T16:13:20","slug":"codasul-ph","status":"publish","type":"product","link":"https:\/\/magida-agro.az\/az\/product\/codasul-ph\/","title":{"rendered":"Codasul PH"},"content":{"rendered":"","protected":false},"excerpt":{"rendered":"<h3><strong>22.8% N + 60.8% SO3 + 0.03% Fe + 0.01% Zn (w\/v)<\/strong><\/h3>\n<p>H+ (HCO &#8211; + H+ &lt;-&gt; H O + CO ) hesab\u0131na suvarma suyunun<br \/>\npH s\u0259viyy\u0259sini a\u015fa\u011f\u0131 salan k\u00fck\u00fcrdl\u00fc azot g\u00fcbr\u0259sinin tur\u015fulu,<br \/>\nmaye m\u0259hluludur. O, h\u0259m\u00e7inin suvarma suyunda torpa\u011fa<br \/>\nt\u0259tbiq olunan karbonatlar\u0131 v\u0259 bikarbonatlar\u0131 neytralla\u015fd\u0131r\u0131r,<br \/>\nm\u0259hsuldarl\u0131\u011f\u0131 v\u0259 bloklanm\u0131\u015f qida madd\u0259l\u0259rinin m\u00f6vcudlu\u011funu<br \/>\nart\u0131r\u0131r. Sodik torpaqlarda H+-n\u0131n qatq\u0131s\u0131 onun Na+ il\u0259<br \/>\nm\u00fcbadil\u0259sin\u0259 k\u00f6m\u0259k edir, duzlar\u0131n yuyulmas\u0131n\u0131 asanla\u015fd\u0131r\u0131r<\/p>","protected":false},"featured_media":5407,"comment_status":"open","ping_status":"closed","template":"","meta":[],"product_brand":[],"product_cat":[25],"product_tag":[],"class_list":{"0":"post-5151","1":"product","2":"type-product","3":"status-publish","4":"has-post-thumbnail","6":"product_cat-organic-foods","8":"first","9":"instock","10":"shipping-taxable","11":"purchasable","12":"product-type-variable"},"yoast_head":"<!-- This site is optimized with the Yoast SEO plugin v26.4 - https:\/\/yoast.com\/wordpress\/plugins\/seo\/ -->\n<title>Codasul PH - Magida Agro<\/title>\n<meta name=\"robots\" content=\"index, follow, max-snippet:-1, max-image-preview:large, max-video-preview:-1\" \/>\n<link rel=\"canonical\" href=\"https:\/\/magida-agro.az\/az\/product\/codasul-ph\/\" \/>\n<meta property=\"og:locale\" content=\"az_AZ\" \/>\n<meta property=\"og:type\" content=\"article\" \/>\n<meta property=\"og:title\" content=\"Codasul PH - Magida Agro\" \/>\n<meta property=\"og:description\" content=\"22.8% N + 60.8% SO3 + 0.03% Fe + 0.01% Zn (w\/v) H+ (HCO - + H+ &lt;-&gt; H O + CO ) hesab\u0131na suvarma suyunun pH s\u0259viyy\u0259sini a\u015fa\u011f\u0131 salan k\u00fck\u00fcrdl\u00fc azot g\u00fcbr\u0259sinin tur\u015fulu, maye m\u0259hluludur. O, h\u0259m\u00e7inin suvarma suyunda torpa\u011fa t\u0259tbiq olunan karbonatlar\u0131 v\u0259 bikarbonatlar\u0131 neytralla\u015fd\u0131r\u0131r, m\u0259hsuldarl\u0131\u011f\u0131 v\u0259 bloklanm\u0131\u015f qida madd\u0259l\u0259rinin m\u00f6vcudlu\u011funu art\u0131r\u0131r. Sodik torpaqlarda H+-n\u0131n qatq\u0131s\u0131 onun Na+ il\u0259 m\u00fcbadil\u0259sin\u0259 k\u00f6m\u0259k edir, duzlar\u0131n yuyulmas\u0131n\u0131 asanla\u015fd\u0131r\u0131r\" \/>\n<meta property=\"og:url\" content=\"https:\/\/magida-agro.az\/az\/product\/codasul-ph\/\" \/>\n<meta property=\"og:site_name\" content=\"Magida Agro\" \/>\n<meta property=\"article:modified_time\" content=\"2025-10-03T16:13:20+00:00\" \/>\n<meta property=\"og:image\" content=\"https:\/\/magida-agro.az\/wp-content\/uploads\/2025\/03\/codasul_ph-productos-coda-sas.jpg\" \/>\n\t<meta property=\"og:image:width\" content=\"840\" \/>\n\t<meta property=\"og:image:height\" content=\"840\" \/>\n\t<meta property=\"og:image:type\" content=\"image\/jpeg\" \/>\n<meta name=\"twitter:card\" content=\"summary_large_image\" \/>\n<script type=\"application\/ld+json\" class=\"yoast-schema-graph\">{\"@context\":\"https:\/\/schema.org\",\"@graph\":[{\"@type\":\"WebPage\",\"@id\":\"https:\/\/magida-agro.az\/product\/codasul-ph\/\",\"url\":\"https:\/\/magida-agro.az\/product\/codasul-ph\/\",\"name\":\"Codasul PH - Magida Agro\",\"isPartOf\":{\"@id\":\"https:\/\/magida-agro.az\/#website\"},\"primaryImageOfPage\":{\"@id\":\"https:\/\/magida-agro.az\/product\/codasul-ph\/#primaryimage\"},\"image\":{\"@id\":\"https:\/\/magida-agro.az\/product\/codasul-ph\/#primaryimage\"},\"thumbnailUrl\":\"https:\/\/magida-agro.az\/wp-content\/uploads\/2025\/03\/codasul_ph-productos-coda-sas.jpg\",\"datePublished\":\"2025-03-10T10:41:35+00:00\",\"dateModified\":\"2025-10-03T16:13:20+00:00\",\"breadcrumb\":{\"@id\":\"https:\/\/magida-agro.az\/product\/codasul-ph\/#breadcrumb\"},\"inLanguage\":\"az\",\"potentialAction\":[{\"@type\":\"ReadAction\",\"target\":[\"https:\/\/magida-agro.az\/product\/codasul-ph\/\"]}]},{\"@type\":\"ImageObject\",\"inLanguage\":\"az\",\"@id\":\"https:\/\/magida-agro.az\/product\/codasul-ph\/#primaryimage\",\"url\":\"https:\/\/magida-agro.az\/wp-content\/uploads\/2025\/03\/codasul_ph-productos-coda-sas.jpg\",\"contentUrl\":\"https:\/\/magida-agro.az\/wp-content\/uploads\/2025\/03\/codasul_ph-productos-coda-sas.jpg\",\"width\":840,\"height\":840},{\"@type\":\"BreadcrumbList\",\"@id\":\"https:\/\/magida-agro.az\/product\/codasul-ph\/#breadcrumb\",\"itemListElement\":[{\"@type\":\"ListItem\",\"position\":1,\"name\":\"Home\",\"item\":\"https:\/\/magida-agro.az\/\"},{\"@type\":\"ListItem\",\"position\":2,\"name\":\"Shop\",\"item\":\"https:\/\/magida-agro.az\/shop\/\"},{\"@type\":\"ListItem\",\"position\":3,\"name\":\"Codasul PH\"}]},{\"@type\":\"WebSite\",\"@id\":\"https:\/\/magida-agro.az\/#website\",\"url\":\"https:\/\/magida-agro.az\/\",\"name\":\"Magida Agro\",\"description\":\"\",\"publisher\":{\"@id\":\"https:\/\/magida-agro.az\/#organization\"},\"potentialAction\":[{\"@type\":\"SearchAction\",\"target\":{\"@type\":\"EntryPoint\",\"urlTemplate\":\"https:\/\/magida-agro.az\/?s={search_term_string}\"},\"query-input\":{\"@type\":\"PropertyValueSpecification\",\"valueRequired\":true,\"valueName\":\"search_term_string\"}}],\"inLanguage\":\"az\"},{\"@type\":\"Organization\",\"@id\":\"https:\/\/magida-agro.az\/#organization\",\"name\":\"Magida Agro\",\"url\":\"https:\/\/magida-agro.az\/\",\"logo\":{\"@type\":\"ImageObject\",\"inLanguage\":\"az\",\"@id\":\"https:\/\/magida-agro.az\/#\/schema\/logo\/image\/\",\"url\":\"https:\/\/magida-agro.az\/wp-content\/uploads\/2025\/02\/cropped-207768526-1.png\",\"contentUrl\":\"https:\/\/magida-agro.az\/wp-content\/uploads\/2025\/02\/cropped-207768526-1.png\",\"width\":1000,\"height\":998,\"caption\":\"Magida Agro\"},\"image\":{\"@id\":\"https:\/\/magida-agro.az\/#\/schema\/logo\/image\/\"}}]}<\/script>\n<!-- \/ Yoast SEO plugin. -->","yoast_head_json":{"title":"Codasul PH - Magida Agro","robots":{"index":"index","follow":"follow","max-snippet":"max-snippet:-1","max-image-preview":"max-image-preview:large","max-video-preview":"max-video-preview:-1"},"canonical":"https:\/\/magida-agro.az\/az\/product\/codasul-ph\/","og_locale":"az_AZ","og_type":"article","og_title":"Codasul PH - Magida Agro","og_description":"22.8% N + 60.8% SO3 + 0.03% Fe + 0.01% Zn (w\/v) H+ (HCO - + H+ &lt;-&gt; H O + CO ) hesab\u0131na suvarma suyunun pH s\u0259viyy\u0259sini a\u015fa\u011f\u0131 salan k\u00fck\u00fcrdl\u00fc azot g\u00fcbr\u0259sinin tur\u015fulu, maye m\u0259hluludur. O, h\u0259m\u00e7inin suvarma suyunda torpa\u011fa t\u0259tbiq olunan karbonatlar\u0131 v\u0259 bikarbonatlar\u0131 neytralla\u015fd\u0131r\u0131r, m\u0259hsuldarl\u0131\u011f\u0131 v\u0259 bloklanm\u0131\u015f qida madd\u0259l\u0259rinin m\u00f6vcudlu\u011funu art\u0131r\u0131r. Sodik torpaqlarda H+-n\u0131n qatq\u0131s\u0131 onun Na+ il\u0259 m\u00fcbadil\u0259sin\u0259 k\u00f6m\u0259k edir, duzlar\u0131n yuyulmas\u0131n\u0131 asanla\u015fd\u0131r\u0131r","og_url":"https:\/\/magida-agro.az\/az\/product\/codasul-ph\/","og_site_name":"Magida Agro","article_modified_time":"2025-10-03T16:13:20+00:00","og_image":[{"width":840,"height":840,"url":"https:\/\/magida-agro.az\/wp-content\/uploads\/2025\/03\/codasul_ph-productos-coda-sas.jpg","type":"image\/jpeg"}],"twitter_card":"summary_large_image","schema":{"@context":"https:\/\/schema.org","@graph":[{"@type":"WebPage","@id":"https:\/\/magida-agro.az\/product\/codasul-ph\/","url":"https:\/\/magida-agro.az\/product\/codasul-ph\/","name":"Codasul PH - Magida Agro","isPartOf":{"@id":"https:\/\/magida-agro.az\/#website"},"primaryImageOfPage":{"@id":"https:\/\/magida-agro.az\/product\/codasul-ph\/#primaryimage"},"image":{"@id":"https:\/\/magida-agro.az\/product\/codasul-ph\/#primaryimage"},"thumbnailUrl":"https:\/\/magida-agro.az\/wp-content\/uploads\/2025\/03\/codasul_ph-productos-coda-sas.jpg","datePublished":"2025-03-10T10:41:35+00:00","dateModified":"2025-10-03T16:13:20+00:00","breadcrumb":{"@id":"https:\/\/magida-agro.az\/product\/codasul-ph\/#breadcrumb"},"inLanguage":"az","potentialAction":[{"@type":"ReadAction","target":["https:\/\/magida-agro.az\/product\/codasul-ph\/"]}]},{"@type":"ImageObject","inLanguage":"az","@id":"https:\/\/magida-agro.az\/product\/codasul-ph\/#primaryimage","url":"https:\/\/magida-agro.az\/wp-content\/uploads\/2025\/03\/codasul_ph-productos-coda-sas.jpg","contentUrl":"https:\/\/magida-agro.az\/wp-content\/uploads\/2025\/03\/codasul_ph-productos-coda-sas.jpg","width":840,"height":840},{"@type":"BreadcrumbList","@id":"https:\/\/magida-agro.az\/product\/codasul-ph\/#breadcrumb","itemListElement":[{"@type":"ListItem","position":1,"name":"Home","item":"https:\/\/magida-agro.az\/"},{"@type":"ListItem","position":2,"name":"Shop","item":"https:\/\/magida-agro.az\/shop\/"},{"@type":"ListItem","position":3,"name":"Codasul PH"}]},{"@type":"WebSite","@id":"https:\/\/magida-agro.az\/#website","url":"https:\/\/magida-agro.az\/","name":"Magida Agro","description":"","publisher":{"@id":"https:\/\/magida-agro.az\/#organization"},"potentialAction":[{"@type":"SearchAction","target":{"@type":"EntryPoint","urlTemplate":"https:\/\/magida-agro.az\/?s={search_term_string}"},"query-input":{"@type":"PropertyValueSpecification","valueRequired":true,"valueName":"search_term_string"}}],"inLanguage":"az"},{"@type":"Organization","@id":"https:\/\/magida-agro.az\/#organization","name":"Magida Agro","url":"https:\/\/magida-agro.az\/","logo":{"@type":"ImageObject","inLanguage":"az","@id":"https:\/\/magida-agro.az\/#\/schema\/logo\/image\/","url":"https:\/\/magida-agro.az\/wp-content\/uploads\/2025\/02\/cropped-207768526-1.png","contentUrl":"https:\/\/magida-agro.az\/wp-content\/uploads\/2025\/02\/cropped-207768526-1.png","width":1000,"height":998,"caption":"Magida Agro"},"image":{"@id":"https:\/\/magida-agro.az\/#\/schema\/logo\/image\/"}}]}},"_links":{"self":[{"href":"https:\/\/magida-agro.az\/az\/wp-json\/wp\/v2\/product\/5151","targetHints":{"allow":["GET"]}}],"collection":[{"href":"https:\/\/magida-agro.az\/az\/wp-json\/wp\/v2\/product"}],"about":[{"href":"https:\/\/magida-agro.az\/az\/wp-json\/wp\/v2\/types\/product"}],"replies":[{"embeddable":true,"href":"https:\/\/magida-agro.az\/az\/wp-json\/wp\/v2\/comments?post=5151"}],"wp:featuredmedia":[{"embeddable":true,"href":"https:\/\/magida-agro.az\/az\/wp-json\/wp\/v2\/media\/5407"}],"wp:attachment":[{"href":"https:\/\/magida-agro.az\/az\/wp-json\/wp\/v2\/media?parent=5151"}],"wp:term":[{"taxonomy":"product_brand","embeddable":true,"href":"https:\/\/magida-agro.az\/az\/wp-json\/wp\/v2\/product_brand?post=5151"},{"taxonomy":"product_cat","embeddable":true,"href":"https:\/\/magida-agro.az\/az\/wp-json\/wp\/v2\/product_cat?post=5151"},{"taxonomy":"product_tag","embeddable":true,"href":"https:\/\/magida-agro.az\/az\/wp-json\/wp\/v2\/product_tag?post=5151"}],"curies":[{"name":"wp","href":"https:\/\/api.w.org\/{rel}","templated":true}]}}