{"id":5172,"date":"2025-03-10T12:44:03","date_gmt":"2025-03-10T12:44:03","guid":{"rendered":"https:\/\/magida-agro.az\/?post_type=product&#038;p=5172"},"modified":"2025-10-02T21:48:25","modified_gmt":"2025-10-02T21:48:25","slug":"codacal-boro","status":"publish","type":"product","link":"https:\/\/magida-agro.az\/az\/product\/codacal-boro\/","title":{"rendered":"Codacal boro"},"content":{"rendered":"","protected":false},"excerpt":{"rendered":"<h3><strong>10.4 % CaO + 0.52 % B<\/strong><\/h3>\n<p>Yarpaq v\u0259 torpaq t\u0259tbiql\u0259ri<br \/>\n\u00fc\u00e7\u00fcn t\u00f6vsiy\u0259 olunan<br \/>\nkalsium v\u0259 bor<br \/>\nkompleksidir. Sinergetik<br \/>\n\u0259laq\u0259ni payla\u015fan h\u0259r iki<br \/>\nelementin<br \/>\n\u00e7at\u0131\u015fmazl\u0131qlar\u0131n\u0131n qar\u015f\u0131s\u0131n\u0131<br \/>\nal\u0131r. T\u0259tbiq edildikd\u0259n sonra<br \/>\n\u0259ld\u0259 edil\u0259n meyv\u0259l\u0259r daha<br \/>\n\u00e7ox s\u0259rtlik v\u0259 elastiklik<br \/>\nn\u00fcmayi\u015f etdirir, bel\u0259likl\u0259,<br \/>\nr\u0259f \u00f6mr\u00fcn\u00fc uzad\u0131r. Bu iki<br \/>\nelementin birg\u0259 t\u0259tbiqi<br \/>\nkalsiumun h\u0259r\u0259k\u0259tliliyini<br \/>\nart\u0131r\u0131r, eyni zamanda<br \/>\nm\u00fcmk\u00fcn bor<br \/>\n\u00e7at\u0131\u015fmazl\u0131qlar\u0131n\u0131 d\u00fcz\u0259ldir<\/p>","protected":false},"featured_media":5403,"comment_status":"open","ping_status":"closed","template":"","meta":[],"product_brand":[],"product_cat":[25],"product_tag":[],"class_list":{"0":"post-5172","1":"product","2":"type-product","3":"status-publish","4":"has-post-thumbnail","6":"product_cat-organic-foods","8":"first","9":"instock","10":"shipping-taxable","11":"purchasable","12":"product-type-variable"},"yoast_head":"<!-- This site is optimized with the Yoast SEO plugin v26.4 - https:\/\/yoast.com\/wordpress\/plugins\/seo\/ -->\n<title>Codacal boro - Magida Agro<\/title>\n<meta name=\"robots\" content=\"index, follow, max-snippet:-1, max-image-preview:large, max-video-preview:-1\" \/>\n<link rel=\"canonical\" href=\"https:\/\/magida-agro.az\/az\/product\/codacal-boro\/\" \/>\n<meta property=\"og:locale\" content=\"az_AZ\" \/>\n<meta property=\"og:type\" content=\"article\" \/>\n<meta property=\"og:title\" content=\"Codacal boro - Magida Agro\" \/>\n<meta property=\"og:description\" content=\"10.4 % CaO + 0.52 % B Yarpaq v\u0259 torpaq t\u0259tbiql\u0259ri \u00fc\u00e7\u00fcn t\u00f6vsiy\u0259 olunan kalsium v\u0259 bor kompleksidir. Sinergetik \u0259laq\u0259ni payla\u015fan h\u0259r iki elementin \u00e7at\u0131\u015fmazl\u0131qlar\u0131n\u0131n qar\u015f\u0131s\u0131n\u0131 al\u0131r. T\u0259tbiq edildikd\u0259n sonra \u0259ld\u0259 edil\u0259n meyv\u0259l\u0259r daha \u00e7ox s\u0259rtlik v\u0259 elastiklik n\u00fcmayi\u015f etdirir, bel\u0259likl\u0259, r\u0259f \u00f6mr\u00fcn\u00fc uzad\u0131r. Bu iki elementin birg\u0259 t\u0259tbiqi kalsiumun h\u0259r\u0259k\u0259tliliyini art\u0131r\u0131r, eyni zamanda m\u00fcmk\u00fcn bor \u00e7at\u0131\u015fmazl\u0131qlar\u0131n\u0131 d\u00fcz\u0259ldir\" \/>\n<meta property=\"og:url\" content=\"https:\/\/magida-agro.az\/az\/product\/codacal-boro\/\" \/>\n<meta property=\"og:site_name\" content=\"Magida Agro\" \/>\n<meta property=\"article:modified_time\" content=\"2025-10-02T21:48:25+00:00\" \/>\n<meta property=\"og:image\" content=\"https:\/\/magida-agro.az\/wp-content\/uploads\/2025\/03\/codacal_boro-productos-coda-sas.jpg\" \/>\n\t<meta property=\"og:image:width\" content=\"840\" \/>\n\t<meta property=\"og:image:height\" content=\"840\" \/>\n\t<meta property=\"og:image:type\" content=\"image\/jpeg\" \/>\n<meta name=\"twitter:card\" content=\"summary_large_image\" \/>\n<script type=\"application\/ld+json\" class=\"yoast-schema-graph\">{\"@context\":\"https:\/\/schema.org\",\"@graph\":[{\"@type\":\"WebPage\",\"@id\":\"https:\/\/magida-agro.az\/product\/codacal-boro\/\",\"url\":\"https:\/\/magida-agro.az\/product\/codacal-boro\/\",\"name\":\"Codacal boro - Magida Agro\",\"isPartOf\":{\"@id\":\"https:\/\/magida-agro.az\/#website\"},\"primaryImageOfPage\":{\"@id\":\"https:\/\/magida-agro.az\/product\/codacal-boro\/#primaryimage\"},\"image\":{\"@id\":\"https:\/\/magida-agro.az\/product\/codacal-boro\/#primaryimage\"},\"thumbnailUrl\":\"https:\/\/magida-agro.az\/wp-content\/uploads\/2025\/03\/codacal_boro-productos-coda-sas.jpg\",\"datePublished\":\"2025-03-10T12:44:03+00:00\",\"dateModified\":\"2025-10-02T21:48:25+00:00\",\"breadcrumb\":{\"@id\":\"https:\/\/magida-agro.az\/product\/codacal-boro\/#breadcrumb\"},\"inLanguage\":\"az\",\"potentialAction\":[{\"@type\":\"ReadAction\",\"target\":[\"https:\/\/magida-agro.az\/product\/codacal-boro\/\"]}]},{\"@type\":\"ImageObject\",\"inLanguage\":\"az\",\"@id\":\"https:\/\/magida-agro.az\/product\/codacal-boro\/#primaryimage\",\"url\":\"https:\/\/magida-agro.az\/wp-content\/uploads\/2025\/03\/codacal_boro-productos-coda-sas.jpg\",\"contentUrl\":\"https:\/\/magida-agro.az\/wp-content\/uploads\/2025\/03\/codacal_boro-productos-coda-sas.jpg\",\"width\":840,\"height\":840},{\"@type\":\"BreadcrumbList\",\"@id\":\"https:\/\/magida-agro.az\/product\/codacal-boro\/#breadcrumb\",\"itemListElement\":[{\"@type\":\"ListItem\",\"position\":1,\"name\":\"Home\",\"item\":\"https:\/\/magida-agro.az\/\"},{\"@type\":\"ListItem\",\"position\":2,\"name\":\"Shop\",\"item\":\"https:\/\/magida-agro.az\/shop\/\"},{\"@type\":\"ListItem\",\"position\":3,\"name\":\"Codacal boro\"}]},{\"@type\":\"WebSite\",\"@id\":\"https:\/\/magida-agro.az\/#website\",\"url\":\"https:\/\/magida-agro.az\/\",\"name\":\"Magida Agro\",\"description\":\"\",\"publisher\":{\"@id\":\"https:\/\/magida-agro.az\/#organization\"},\"potentialAction\":[{\"@type\":\"SearchAction\",\"target\":{\"@type\":\"EntryPoint\",\"urlTemplate\":\"https:\/\/magida-agro.az\/?s={search_term_string}\"},\"query-input\":{\"@type\":\"PropertyValueSpecification\",\"valueRequired\":true,\"valueName\":\"search_term_string\"}}],\"inLanguage\":\"az\"},{\"@type\":\"Organization\",\"@id\":\"https:\/\/magida-agro.az\/#organization\",\"name\":\"Magida Agro\",\"url\":\"https:\/\/magida-agro.az\/\",\"logo\":{\"@type\":\"ImageObject\",\"inLanguage\":\"az\",\"@id\":\"https:\/\/magida-agro.az\/#\/schema\/logo\/image\/\",\"url\":\"https:\/\/magida-agro.az\/wp-content\/uploads\/2025\/02\/cropped-207768526-1.png\",\"contentUrl\":\"https:\/\/magida-agro.az\/wp-content\/uploads\/2025\/02\/cropped-207768526-1.png\",\"width\":1000,\"height\":998,\"caption\":\"Magida Agro\"},\"image\":{\"@id\":\"https:\/\/magida-agro.az\/#\/schema\/logo\/image\/\"}}]}<\/script>\n<!-- \/ Yoast SEO plugin. -->","yoast_head_json":{"title":"Codacal boro - Magida Agro","robots":{"index":"index","follow":"follow","max-snippet":"max-snippet:-1","max-image-preview":"max-image-preview:large","max-video-preview":"max-video-preview:-1"},"canonical":"https:\/\/magida-agro.az\/az\/product\/codacal-boro\/","og_locale":"az_AZ","og_type":"article","og_title":"Codacal boro - Magida Agro","og_description":"10.4 % CaO + 0.52 % B Yarpaq v\u0259 torpaq t\u0259tbiql\u0259ri \u00fc\u00e7\u00fcn t\u00f6vsiy\u0259 olunan kalsium v\u0259 bor kompleksidir. Sinergetik \u0259laq\u0259ni payla\u015fan h\u0259r iki elementin \u00e7at\u0131\u015fmazl\u0131qlar\u0131n\u0131n qar\u015f\u0131s\u0131n\u0131 al\u0131r. T\u0259tbiq edildikd\u0259n sonra \u0259ld\u0259 edil\u0259n meyv\u0259l\u0259r daha \u00e7ox s\u0259rtlik v\u0259 elastiklik n\u00fcmayi\u015f etdirir, bel\u0259likl\u0259, r\u0259f \u00f6mr\u00fcn\u00fc uzad\u0131r. Bu iki elementin birg\u0259 t\u0259tbiqi kalsiumun h\u0259r\u0259k\u0259tliliyini art\u0131r\u0131r, eyni zamanda m\u00fcmk\u00fcn bor \u00e7at\u0131\u015fmazl\u0131qlar\u0131n\u0131 d\u00fcz\u0259ldir","og_url":"https:\/\/magida-agro.az\/az\/product\/codacal-boro\/","og_site_name":"Magida Agro","article_modified_time":"2025-10-02T21:48:25+00:00","og_image":[{"width":840,"height":840,"url":"https:\/\/magida-agro.az\/wp-content\/uploads\/2025\/03\/codacal_boro-productos-coda-sas.jpg","type":"image\/jpeg"}],"twitter_card":"summary_large_image","schema":{"@context":"https:\/\/schema.org","@graph":[{"@type":"WebPage","@id":"https:\/\/magida-agro.az\/product\/codacal-boro\/","url":"https:\/\/magida-agro.az\/product\/codacal-boro\/","name":"Codacal boro - Magida Agro","isPartOf":{"@id":"https:\/\/magida-agro.az\/#website"},"primaryImageOfPage":{"@id":"https:\/\/magida-agro.az\/product\/codacal-boro\/#primaryimage"},"image":{"@id":"https:\/\/magida-agro.az\/product\/codacal-boro\/#primaryimage"},"thumbnailUrl":"https:\/\/magida-agro.az\/wp-content\/uploads\/2025\/03\/codacal_boro-productos-coda-sas.jpg","datePublished":"2025-03-10T12:44:03+00:00","dateModified":"2025-10-02T21:48:25+00:00","breadcrumb":{"@id":"https:\/\/magida-agro.az\/product\/codacal-boro\/#breadcrumb"},"inLanguage":"az","potentialAction":[{"@type":"ReadAction","target":["https:\/\/magida-agro.az\/product\/codacal-boro\/"]}]},{"@type":"ImageObject","inLanguage":"az","@id":"https:\/\/magida-agro.az\/product\/codacal-boro\/#primaryimage","url":"https:\/\/magida-agro.az\/wp-content\/uploads\/2025\/03\/codacal_boro-productos-coda-sas.jpg","contentUrl":"https:\/\/magida-agro.az\/wp-content\/uploads\/2025\/03\/codacal_boro-productos-coda-sas.jpg","width":840,"height":840},{"@type":"BreadcrumbList","@id":"https:\/\/magida-agro.az\/product\/codacal-boro\/#breadcrumb","itemListElement":[{"@type":"ListItem","position":1,"name":"Home","item":"https:\/\/magida-agro.az\/"},{"@type":"ListItem","position":2,"name":"Shop","item":"https:\/\/magida-agro.az\/shop\/"},{"@type":"ListItem","position":3,"name":"Codacal boro"}]},{"@type":"WebSite","@id":"https:\/\/magida-agro.az\/#website","url":"https:\/\/magida-agro.az\/","name":"Magida Agro","description":"","publisher":{"@id":"https:\/\/magida-agro.az\/#organization"},"potentialAction":[{"@type":"SearchAction","target":{"@type":"EntryPoint","urlTemplate":"https:\/\/magida-agro.az\/?s={search_term_string}"},"query-input":{"@type":"PropertyValueSpecification","valueRequired":true,"valueName":"search_term_string"}}],"inLanguage":"az"},{"@type":"Organization","@id":"https:\/\/magida-agro.az\/#organization","name":"Magida Agro","url":"https:\/\/magida-agro.az\/","logo":{"@type":"ImageObject","inLanguage":"az","@id":"https:\/\/magida-agro.az\/#\/schema\/logo\/image\/","url":"https:\/\/magida-agro.az\/wp-content\/uploads\/2025\/02\/cropped-207768526-1.png","contentUrl":"https:\/\/magida-agro.az\/wp-content\/uploads\/2025\/02\/cropped-207768526-1.png","width":1000,"height":998,"caption":"Magida Agro"},"image":{"@id":"https:\/\/magida-agro.az\/#\/schema\/logo\/image\/"}}]}},"_links":{"self":[{"href":"https:\/\/magida-agro.az\/az\/wp-json\/wp\/v2\/product\/5172","targetHints":{"allow":["GET"]}}],"collection":[{"href":"https:\/\/magida-agro.az\/az\/wp-json\/wp\/v2\/product"}],"about":[{"href":"https:\/\/magida-agro.az\/az\/wp-json\/wp\/v2\/types\/product"}],"replies":[{"embeddable":true,"href":"https:\/\/magida-agro.az\/az\/wp-json\/wp\/v2\/comments?post=5172"}],"wp:featuredmedia":[{"embeddable":true,"href":"https:\/\/magida-agro.az\/az\/wp-json\/wp\/v2\/media\/5403"}],"wp:attachment":[{"href":"https:\/\/magida-agro.az\/az\/wp-json\/wp\/v2\/media?parent=5172"}],"wp:term":[{"taxonomy":"product_brand","embeddable":true,"href":"https:\/\/magida-agro.az\/az\/wp-json\/wp\/v2\/product_brand?post=5172"},{"taxonomy":"product_cat","embeddable":true,"href":"https:\/\/magida-agro.az\/az\/wp-json\/wp\/v2\/product_cat?post=5172"},{"taxonomy":"product_tag","embeddable":true,"href":"https:\/\/magida-agro.az\/az\/wp-json\/wp\/v2\/product_tag?post=5172"}],"curies":[{"name":"wp","href":"https:\/\/api.w.org\/{rel}","templated":true}]}}