{"id":5176,"date":"2025-03-10T12:47:57","date_gmt":"2025-03-10T12:47:57","guid":{"rendered":"https:\/\/magida-agro.az\/?post_type=product&#038;p=5176"},"modified":"2025-10-02T20:47:57","modified_gmt":"2025-10-02T20:47:57","slug":"codamin-b-mo","status":"publish","type":"product","link":"https:\/\/magida-agro.az\/az\/product\/codamin-b-mo\/","title":{"rendered":"Codamin B-Mo"},"content":{"rendered":"","protected":false},"excerpt":{"rendered":"<h3><strong>6.27% B + 0.2% Mo + 12.04% s\u0259rb\u0259st amin tur\u015fular\u0131 (w\/v)<\/strong><\/h3>\n<p>Bor v\u0259 molibdenl\u0259 birl\u0259\u015fmi\u015f bitki amin tur\u015fular\u0131na \u0259saslanan biostimulyator. Bor \u00e7at\u0131\u015fmazl\u0131qlar\u0131n\u0131<br \/>\nd\u00fcz\u0259ltm\u0259kd\u0259n \u0259lav\u0259, boru amin tur\u015fular\u0131 v\u0259 molibdenl\u0259 birl\u0259\u015fdir\u0259r\u0259k, z\u00fclal sintezini t\u0259\u015fviq edir v\u0259<br \/>\nh\u00fcceyr\u0259l\u0259r vasit\u0259sil\u0259 \u00f6z da\u015f\u0131nmas\u0131n\u0131 v\u0259 n\u00fcfuzunu art\u0131ran sinerji yarad\u0131r, \u00e7i\u00e7\u0259kl\u0259m\u0259d\u0259n meyv\u0259l\u0259rin<br \/>\nformala\u015fmas\u0131na q\u0259d\u0259r fizioloji prosesl\u0259ri asanla\u015fd\u0131r\u0131r. Bundan \u0259lav\u0259, bitkini \u00f6z enerjisini s\u0259rf<br \/>\netm\u0259kd\u0259n xilas edir v\u0259 neqativ \u015f\u0259rait\u0259 qar\u015f\u0131 m\u00fcqavim\u0259ti g\u00fccl\u0259ndirir, m\u0259hsuldarl\u0131\u011f\u0131 v\u0259 meyv\u0259<br \/>\nkeyfiyy\u0259tini art\u0131r\u0131r.<\/p>","protected":false},"featured_media":5401,"comment_status":"open","ping_status":"closed","template":"","meta":[],"product_brand":[],"product_cat":[25],"product_tag":[],"class_list":{"0":"post-5176","1":"product","2":"type-product","3":"status-publish","4":"has-post-thumbnail","6":"product_cat-organic-foods","8":"first","9":"instock","10":"shipping-taxable","11":"purchasable","12":"product-type-variable"},"yoast_head":"<!-- This site is optimized with the Yoast SEO plugin v26.4 - https:\/\/yoast.com\/wordpress\/plugins\/seo\/ -->\n<title>Codamin B-Mo - Magida Agro<\/title>\n<meta name=\"robots\" content=\"index, follow, max-snippet:-1, max-image-preview:large, max-video-preview:-1\" \/>\n<link rel=\"canonical\" href=\"https:\/\/magida-agro.az\/az\/product\/codamin-b-mo\/\" \/>\n<meta property=\"og:locale\" content=\"az_AZ\" \/>\n<meta property=\"og:type\" content=\"article\" \/>\n<meta property=\"og:title\" content=\"Codamin B-Mo - Magida Agro\" \/>\n<meta property=\"og:description\" content=\"6.27% B + 0.2% Mo + 12.04% s\u0259rb\u0259st amin tur\u015fular\u0131 (w\/v) Bor v\u0259 molibdenl\u0259 birl\u0259\u015fmi\u015f bitki amin tur\u015fular\u0131na \u0259saslanan biostimulyator. Bor \u00e7at\u0131\u015fmazl\u0131qlar\u0131n\u0131 d\u00fcz\u0259ltm\u0259kd\u0259n \u0259lav\u0259, boru amin tur\u015fular\u0131 v\u0259 molibdenl\u0259 birl\u0259\u015fdir\u0259r\u0259k, z\u00fclal sintezini t\u0259\u015fviq edir v\u0259 h\u00fcceyr\u0259l\u0259r vasit\u0259sil\u0259 \u00f6z da\u015f\u0131nmas\u0131n\u0131 v\u0259 n\u00fcfuzunu art\u0131ran sinerji yarad\u0131r, \u00e7i\u00e7\u0259kl\u0259m\u0259d\u0259n meyv\u0259l\u0259rin formala\u015fmas\u0131na q\u0259d\u0259r fizioloji prosesl\u0259ri asanla\u015fd\u0131r\u0131r. Bundan \u0259lav\u0259, bitkini \u00f6z enerjisini s\u0259rf etm\u0259kd\u0259n xilas edir v\u0259 neqativ \u015f\u0259rait\u0259 qar\u015f\u0131 m\u00fcqavim\u0259ti g\u00fccl\u0259ndirir, m\u0259hsuldarl\u0131\u011f\u0131 v\u0259 meyv\u0259 keyfiyy\u0259tini art\u0131r\u0131r.\" \/>\n<meta property=\"og:url\" content=\"https:\/\/magida-agro.az\/az\/product\/codamin-b-mo\/\" \/>\n<meta property=\"og:site_name\" content=\"Magida Agro\" \/>\n<meta property=\"article:modified_time\" content=\"2025-10-02T20:47:57+00:00\" \/>\n<meta property=\"og:image\" content=\"https:\/\/magida-agro.az\/wp-content\/uploads\/2025\/03\/codamin_b-mo-productos-coda-sas.jpg\" \/>\n\t<meta property=\"og:image:width\" content=\"840\" \/>\n\t<meta property=\"og:image:height\" content=\"840\" \/>\n\t<meta property=\"og:image:type\" content=\"image\/jpeg\" \/>\n<meta name=\"twitter:card\" content=\"summary_large_image\" \/>\n<meta name=\"twitter:label1\" content=\"Est. reading time\" \/>\n\t<meta name=\"twitter:data1\" content=\"1 minute\" \/>\n<script type=\"application\/ld+json\" class=\"yoast-schema-graph\">{\"@context\":\"https:\/\/schema.org\",\"@graph\":[{\"@type\":\"WebPage\",\"@id\":\"https:\/\/magida-agro.az\/product\/codamin-b-mo\/\",\"url\":\"https:\/\/magida-agro.az\/product\/codamin-b-mo\/\",\"name\":\"Codamin B-Mo - Magida Agro\",\"isPartOf\":{\"@id\":\"https:\/\/magida-agro.az\/#website\"},\"primaryImageOfPage\":{\"@id\":\"https:\/\/magida-agro.az\/product\/codamin-b-mo\/#primaryimage\"},\"image\":{\"@id\":\"https:\/\/magida-agro.az\/product\/codamin-b-mo\/#primaryimage\"},\"thumbnailUrl\":\"https:\/\/magida-agro.az\/wp-content\/uploads\/2025\/03\/codamin_b-mo-productos-coda-sas.jpg\",\"datePublished\":\"2025-03-10T12:47:57+00:00\",\"dateModified\":\"2025-10-02T20:47:57+00:00\",\"breadcrumb\":{\"@id\":\"https:\/\/magida-agro.az\/product\/codamin-b-mo\/#breadcrumb\"},\"inLanguage\":\"az\",\"potentialAction\":[{\"@type\":\"ReadAction\",\"target\":[\"https:\/\/magida-agro.az\/product\/codamin-b-mo\/\"]}]},{\"@type\":\"ImageObject\",\"inLanguage\":\"az\",\"@id\":\"https:\/\/magida-agro.az\/product\/codamin-b-mo\/#primaryimage\",\"url\":\"https:\/\/magida-agro.az\/wp-content\/uploads\/2025\/03\/codamin_b-mo-productos-coda-sas.jpg\",\"contentUrl\":\"https:\/\/magida-agro.az\/wp-content\/uploads\/2025\/03\/codamin_b-mo-productos-coda-sas.jpg\",\"width\":840,\"height\":840},{\"@type\":\"BreadcrumbList\",\"@id\":\"https:\/\/magida-agro.az\/product\/codamin-b-mo\/#breadcrumb\",\"itemListElement\":[{\"@type\":\"ListItem\",\"position\":1,\"name\":\"Home\",\"item\":\"https:\/\/magida-agro.az\/\"},{\"@type\":\"ListItem\",\"position\":2,\"name\":\"Shop\",\"item\":\"https:\/\/magida-agro.az\/shop\/\"},{\"@type\":\"ListItem\",\"position\":3,\"name\":\"Codamin B-Mo\"}]},{\"@type\":\"WebSite\",\"@id\":\"https:\/\/magida-agro.az\/#website\",\"url\":\"https:\/\/magida-agro.az\/\",\"name\":\"Magida Agro\",\"description\":\"\",\"publisher\":{\"@id\":\"https:\/\/magida-agro.az\/#organization\"},\"potentialAction\":[{\"@type\":\"SearchAction\",\"target\":{\"@type\":\"EntryPoint\",\"urlTemplate\":\"https:\/\/magida-agro.az\/?s={search_term_string}\"},\"query-input\":{\"@type\":\"PropertyValueSpecification\",\"valueRequired\":true,\"valueName\":\"search_term_string\"}}],\"inLanguage\":\"az\"},{\"@type\":\"Organization\",\"@id\":\"https:\/\/magida-agro.az\/#organization\",\"name\":\"Magida Agro\",\"url\":\"https:\/\/magida-agro.az\/\",\"logo\":{\"@type\":\"ImageObject\",\"inLanguage\":\"az\",\"@id\":\"https:\/\/magida-agro.az\/#\/schema\/logo\/image\/\",\"url\":\"https:\/\/magida-agro.az\/wp-content\/uploads\/2025\/02\/cropped-207768526-1.png\",\"contentUrl\":\"https:\/\/magida-agro.az\/wp-content\/uploads\/2025\/02\/cropped-207768526-1.png\",\"width\":1000,\"height\":998,\"caption\":\"Magida Agro\"},\"image\":{\"@id\":\"https:\/\/magida-agro.az\/#\/schema\/logo\/image\/\"}}]}<\/script>\n<!-- \/ Yoast SEO plugin. -->","yoast_head_json":{"title":"Codamin B-Mo - Magida Agro","robots":{"index":"index","follow":"follow","max-snippet":"max-snippet:-1","max-image-preview":"max-image-preview:large","max-video-preview":"max-video-preview:-1"},"canonical":"https:\/\/magida-agro.az\/az\/product\/codamin-b-mo\/","og_locale":"az_AZ","og_type":"article","og_title":"Codamin B-Mo - Magida Agro","og_description":"6.27% B + 0.2% Mo + 12.04% s\u0259rb\u0259st amin tur\u015fular\u0131 (w\/v) Bor v\u0259 molibdenl\u0259 birl\u0259\u015fmi\u015f bitki amin tur\u015fular\u0131na \u0259saslanan biostimulyator. Bor \u00e7at\u0131\u015fmazl\u0131qlar\u0131n\u0131 d\u00fcz\u0259ltm\u0259kd\u0259n \u0259lav\u0259, boru amin tur\u015fular\u0131 v\u0259 molibdenl\u0259 birl\u0259\u015fdir\u0259r\u0259k, z\u00fclal sintezini t\u0259\u015fviq edir v\u0259 h\u00fcceyr\u0259l\u0259r vasit\u0259sil\u0259 \u00f6z da\u015f\u0131nmas\u0131n\u0131 v\u0259 n\u00fcfuzunu art\u0131ran sinerji yarad\u0131r, \u00e7i\u00e7\u0259kl\u0259m\u0259d\u0259n meyv\u0259l\u0259rin formala\u015fmas\u0131na q\u0259d\u0259r fizioloji prosesl\u0259ri asanla\u015fd\u0131r\u0131r. Bundan \u0259lav\u0259, bitkini \u00f6z enerjisini s\u0259rf etm\u0259kd\u0259n xilas edir v\u0259 neqativ \u015f\u0259rait\u0259 qar\u015f\u0131 m\u00fcqavim\u0259ti g\u00fccl\u0259ndirir, m\u0259hsuldarl\u0131\u011f\u0131 v\u0259 meyv\u0259 keyfiyy\u0259tini art\u0131r\u0131r.","og_url":"https:\/\/magida-agro.az\/az\/product\/codamin-b-mo\/","og_site_name":"Magida Agro","article_modified_time":"2025-10-02T20:47:57+00:00","og_image":[{"width":840,"height":840,"url":"https:\/\/magida-agro.az\/wp-content\/uploads\/2025\/03\/codamin_b-mo-productos-coda-sas.jpg","type":"image\/jpeg"}],"twitter_card":"summary_large_image","twitter_misc":{"Est. reading time":"1 minute"},"schema":{"@context":"https:\/\/schema.org","@graph":[{"@type":"WebPage","@id":"https:\/\/magida-agro.az\/product\/codamin-b-mo\/","url":"https:\/\/magida-agro.az\/product\/codamin-b-mo\/","name":"Codamin B-Mo - Magida Agro","isPartOf":{"@id":"https:\/\/magida-agro.az\/#website"},"primaryImageOfPage":{"@id":"https:\/\/magida-agro.az\/product\/codamin-b-mo\/#primaryimage"},"image":{"@id":"https:\/\/magida-agro.az\/product\/codamin-b-mo\/#primaryimage"},"thumbnailUrl":"https:\/\/magida-agro.az\/wp-content\/uploads\/2025\/03\/codamin_b-mo-productos-coda-sas.jpg","datePublished":"2025-03-10T12:47:57+00:00","dateModified":"2025-10-02T20:47:57+00:00","breadcrumb":{"@id":"https:\/\/magida-agro.az\/product\/codamin-b-mo\/#breadcrumb"},"inLanguage":"az","potentialAction":[{"@type":"ReadAction","target":["https:\/\/magida-agro.az\/product\/codamin-b-mo\/"]}]},{"@type":"ImageObject","inLanguage":"az","@id":"https:\/\/magida-agro.az\/product\/codamin-b-mo\/#primaryimage","url":"https:\/\/magida-agro.az\/wp-content\/uploads\/2025\/03\/codamin_b-mo-productos-coda-sas.jpg","contentUrl":"https:\/\/magida-agro.az\/wp-content\/uploads\/2025\/03\/codamin_b-mo-productos-coda-sas.jpg","width":840,"height":840},{"@type":"BreadcrumbList","@id":"https:\/\/magida-agro.az\/product\/codamin-b-mo\/#breadcrumb","itemListElement":[{"@type":"ListItem","position":1,"name":"Home","item":"https:\/\/magida-agro.az\/"},{"@type":"ListItem","position":2,"name":"Shop","item":"https:\/\/magida-agro.az\/shop\/"},{"@type":"ListItem","position":3,"name":"Codamin B-Mo"}]},{"@type":"WebSite","@id":"https:\/\/magida-agro.az\/#website","url":"https:\/\/magida-agro.az\/","name":"Magida Agro","description":"","publisher":{"@id":"https:\/\/magida-agro.az\/#organization"},"potentialAction":[{"@type":"SearchAction","target":{"@type":"EntryPoint","urlTemplate":"https:\/\/magida-agro.az\/?s={search_term_string}"},"query-input":{"@type":"PropertyValueSpecification","valueRequired":true,"valueName":"search_term_string"}}],"inLanguage":"az"},{"@type":"Organization","@id":"https:\/\/magida-agro.az\/#organization","name":"Magida Agro","url":"https:\/\/magida-agro.az\/","logo":{"@type":"ImageObject","inLanguage":"az","@id":"https:\/\/magida-agro.az\/#\/schema\/logo\/image\/","url":"https:\/\/magida-agro.az\/wp-content\/uploads\/2025\/02\/cropped-207768526-1.png","contentUrl":"https:\/\/magida-agro.az\/wp-content\/uploads\/2025\/02\/cropped-207768526-1.png","width":1000,"height":998,"caption":"Magida Agro"},"image":{"@id":"https:\/\/magida-agro.az\/#\/schema\/logo\/image\/"}}]}},"_links":{"self":[{"href":"https:\/\/magida-agro.az\/az\/wp-json\/wp\/v2\/product\/5176","targetHints":{"allow":["GET"]}}],"collection":[{"href":"https:\/\/magida-agro.az\/az\/wp-json\/wp\/v2\/product"}],"about":[{"href":"https:\/\/magida-agro.az\/az\/wp-json\/wp\/v2\/types\/product"}],"replies":[{"embeddable":true,"href":"https:\/\/magida-agro.az\/az\/wp-json\/wp\/v2\/comments?post=5176"}],"wp:featuredmedia":[{"embeddable":true,"href":"https:\/\/magida-agro.az\/az\/wp-json\/wp\/v2\/media\/5401"}],"wp:attachment":[{"href":"https:\/\/magida-agro.az\/az\/wp-json\/wp\/v2\/media?parent=5176"}],"wp:term":[{"taxonomy":"product_brand","embeddable":true,"href":"https:\/\/magida-agro.az\/az\/wp-json\/wp\/v2\/product_brand?post=5176"},{"taxonomy":"product_cat","embeddable":true,"href":"https:\/\/magida-agro.az\/az\/wp-json\/wp\/v2\/product_cat?post=5176"},{"taxonomy":"product_tag","embeddable":true,"href":"https:\/\/magida-agro.az\/az\/wp-json\/wp\/v2\/product_tag?post=5176"}],"curies":[{"name":"wp","href":"https:\/\/api.w.org\/{rel}","templated":true}]}}