{"id":5182,"date":"2025-03-10T12:52:57","date_gmt":"2025-03-10T12:52:57","guid":{"rendered":"https:\/\/magida-agro.az\/?post_type=product&#038;p=5182"},"modified":"2025-10-02T20:36:32","modified_gmt":"2025-10-02T20:36:32","slug":"fruitmax-10","status":"publish","type":"product","link":"https:\/\/magida-agro.az\/az\/product\/fruitmax-10\/","title":{"rendered":"Fruitmax 10"},"content":{"rendered":"","protected":false},"excerpt":{"rendered":"<h3><strong>3.46% N + 1.96% K2O + 1.15% B + 0.11% Mo + 11.55% s\u0259rb\u0259st amin tur\u015fular\u0131 + 9.47%<\/strong><br \/>\n<strong>d\u0259niz yosunu ekstrakt\u0131 (w\/v)<\/strong><\/h3>\n<p>Bitki amin tur\u015fular\u0131ndan, bioaktiv madd\u0259l\u0259rd\u0259n, osmolitl\u0259rd\u0259n v\u0259 yosun ekstrakt\u0131ndan ibar\u0259t<br \/>\nbiostimulantd\u0131r.<br \/>\nOnun t\u0259tbiqi, meyv\u0259 \u0259m\u0259l\u0259 g\u0259lm\u0259si d\u00f6vrl\u0259rind\u0259 enerji verir, vegetativ tarazl\u0131\u011f\u0131 t\u0259min edir v\u0259<br \/>\nh\u00fcceyr\u0259l\u0259rin \u00e7oxalmas\u0131na k\u00f6m\u0259k edir. \u00abFruitmax 10\u00bb meyv\u0259 \u00f6l\u00e7\u00fcs\u00fcn\u00fc, vahidliyini, h\u0259m\u00e7inin \u00fcmumi<br \/>\nistehsal\u0131 art\u0131r\u0131r.<\/p>","protected":false},"featured_media":5398,"comment_status":"open","ping_status":"closed","template":"","meta":[],"product_brand":[],"product_cat":[25],"product_tag":[],"class_list":{"0":"post-5182","1":"product","2":"type-product","3":"status-publish","4":"has-post-thumbnail","6":"product_cat-organic-foods","8":"first","9":"instock","10":"shipping-taxable","11":"purchasable","12":"product-type-variable"},"yoast_head":"<!-- This site is optimized with the Yoast SEO plugin v26.4 - https:\/\/yoast.com\/wordpress\/plugins\/seo\/ -->\n<title>Fruitmax 10 - Magida Agro<\/title>\n<meta name=\"robots\" content=\"index, follow, max-snippet:-1, max-image-preview:large, max-video-preview:-1\" \/>\n<link rel=\"canonical\" href=\"https:\/\/magida-agro.az\/az\/product\/fruitmax-10\/\" \/>\n<meta property=\"og:locale\" content=\"az_AZ\" \/>\n<meta property=\"og:type\" content=\"article\" \/>\n<meta property=\"og:title\" content=\"Fruitmax 10 - Magida Agro\" \/>\n<meta property=\"og:description\" content=\"3.46% N + 1.96% K2O + 1.15% B + 0.11% Mo + 11.55% s\u0259rb\u0259st amin tur\u015fular\u0131 + 9.47% d\u0259niz yosunu ekstrakt\u0131 (w\/v) Bitki amin tur\u015fular\u0131ndan, bioaktiv madd\u0259l\u0259rd\u0259n, osmolitl\u0259rd\u0259n v\u0259 yosun ekstrakt\u0131ndan ibar\u0259t biostimulantd\u0131r. Onun t\u0259tbiqi, meyv\u0259 \u0259m\u0259l\u0259 g\u0259lm\u0259si d\u00f6vrl\u0259rind\u0259 enerji verir, vegetativ tarazl\u0131\u011f\u0131 t\u0259min edir v\u0259 h\u00fcceyr\u0259l\u0259rin \u00e7oxalmas\u0131na k\u00f6m\u0259k edir. \u00abFruitmax 10\u00bb meyv\u0259 \u00f6l\u00e7\u00fcs\u00fcn\u00fc, vahidliyini, h\u0259m\u00e7inin \u00fcmumi istehsal\u0131 art\u0131r\u0131r.\" \/>\n<meta property=\"og:url\" content=\"https:\/\/magida-agro.az\/az\/product\/fruitmax-10\/\" \/>\n<meta property=\"og:site_name\" content=\"Magida Agro\" \/>\n<meta property=\"article:modified_time\" content=\"2025-10-02T20:36:32+00:00\" \/>\n<meta property=\"og:image\" content=\"https:\/\/magida-agro.az\/wp-content\/uploads\/2025\/03\/fruitmax_10-productos-coda-sas.jpg\" \/>\n\t<meta property=\"og:image:width\" content=\"840\" \/>\n\t<meta property=\"og:image:height\" content=\"840\" \/>\n\t<meta property=\"og:image:type\" content=\"image\/jpeg\" \/>\n<meta name=\"twitter:card\" content=\"summary_large_image\" \/>\n<script type=\"application\/ld+json\" class=\"yoast-schema-graph\">{\"@context\":\"https:\/\/schema.org\",\"@graph\":[{\"@type\":\"WebPage\",\"@id\":\"https:\/\/magida-agro.az\/product\/fruitmax-10\/\",\"url\":\"https:\/\/magida-agro.az\/product\/fruitmax-10\/\",\"name\":\"Fruitmax 10 - Magida Agro\",\"isPartOf\":{\"@id\":\"https:\/\/magida-agro.az\/#website\"},\"primaryImageOfPage\":{\"@id\":\"https:\/\/magida-agro.az\/product\/fruitmax-10\/#primaryimage\"},\"image\":{\"@id\":\"https:\/\/magida-agro.az\/product\/fruitmax-10\/#primaryimage\"},\"thumbnailUrl\":\"https:\/\/magida-agro.az\/wp-content\/uploads\/2025\/03\/fruitmax_10-productos-coda-sas.jpg\",\"datePublished\":\"2025-03-10T12:52:57+00:00\",\"dateModified\":\"2025-10-02T20:36:32+00:00\",\"breadcrumb\":{\"@id\":\"https:\/\/magida-agro.az\/product\/fruitmax-10\/#breadcrumb\"},\"inLanguage\":\"az\",\"potentialAction\":[{\"@type\":\"ReadAction\",\"target\":[\"https:\/\/magida-agro.az\/product\/fruitmax-10\/\"]}]},{\"@type\":\"ImageObject\",\"inLanguage\":\"az\",\"@id\":\"https:\/\/magida-agro.az\/product\/fruitmax-10\/#primaryimage\",\"url\":\"https:\/\/magida-agro.az\/wp-content\/uploads\/2025\/03\/fruitmax_10-productos-coda-sas.jpg\",\"contentUrl\":\"https:\/\/magida-agro.az\/wp-content\/uploads\/2025\/03\/fruitmax_10-productos-coda-sas.jpg\",\"width\":840,\"height\":840},{\"@type\":\"BreadcrumbList\",\"@id\":\"https:\/\/magida-agro.az\/product\/fruitmax-10\/#breadcrumb\",\"itemListElement\":[{\"@type\":\"ListItem\",\"position\":1,\"name\":\"Home\",\"item\":\"https:\/\/magida-agro.az\/\"},{\"@type\":\"ListItem\",\"position\":2,\"name\":\"Shop\",\"item\":\"https:\/\/magida-agro.az\/shop\/\"},{\"@type\":\"ListItem\",\"position\":3,\"name\":\"Fruitmax 10\"}]},{\"@type\":\"WebSite\",\"@id\":\"https:\/\/magida-agro.az\/#website\",\"url\":\"https:\/\/magida-agro.az\/\",\"name\":\"Magida Agro\",\"description\":\"\",\"publisher\":{\"@id\":\"https:\/\/magida-agro.az\/#organization\"},\"potentialAction\":[{\"@type\":\"SearchAction\",\"target\":{\"@type\":\"EntryPoint\",\"urlTemplate\":\"https:\/\/magida-agro.az\/?s={search_term_string}\"},\"query-input\":{\"@type\":\"PropertyValueSpecification\",\"valueRequired\":true,\"valueName\":\"search_term_string\"}}],\"inLanguage\":\"az\"},{\"@type\":\"Organization\",\"@id\":\"https:\/\/magida-agro.az\/#organization\",\"name\":\"Magida Agro\",\"url\":\"https:\/\/magida-agro.az\/\",\"logo\":{\"@type\":\"ImageObject\",\"inLanguage\":\"az\",\"@id\":\"https:\/\/magida-agro.az\/#\/schema\/logo\/image\/\",\"url\":\"https:\/\/magida-agro.az\/wp-content\/uploads\/2025\/02\/cropped-207768526-1.png\",\"contentUrl\":\"https:\/\/magida-agro.az\/wp-content\/uploads\/2025\/02\/cropped-207768526-1.png\",\"width\":1000,\"height\":998,\"caption\":\"Magida Agro\"},\"image\":{\"@id\":\"https:\/\/magida-agro.az\/#\/schema\/logo\/image\/\"}}]}<\/script>\n<!-- \/ Yoast SEO plugin. -->","yoast_head_json":{"title":"Fruitmax 10 - Magida Agro","robots":{"index":"index","follow":"follow","max-snippet":"max-snippet:-1","max-image-preview":"max-image-preview:large","max-video-preview":"max-video-preview:-1"},"canonical":"https:\/\/magida-agro.az\/az\/product\/fruitmax-10\/","og_locale":"az_AZ","og_type":"article","og_title":"Fruitmax 10 - Magida Agro","og_description":"3.46% N + 1.96% K2O + 1.15% B + 0.11% Mo + 11.55% s\u0259rb\u0259st amin tur\u015fular\u0131 + 9.47% d\u0259niz yosunu ekstrakt\u0131 (w\/v) Bitki amin tur\u015fular\u0131ndan, bioaktiv madd\u0259l\u0259rd\u0259n, osmolitl\u0259rd\u0259n v\u0259 yosun ekstrakt\u0131ndan ibar\u0259t biostimulantd\u0131r. Onun t\u0259tbiqi, meyv\u0259 \u0259m\u0259l\u0259 g\u0259lm\u0259si d\u00f6vrl\u0259rind\u0259 enerji verir, vegetativ tarazl\u0131\u011f\u0131 t\u0259min edir v\u0259 h\u00fcceyr\u0259l\u0259rin \u00e7oxalmas\u0131na k\u00f6m\u0259k edir. \u00abFruitmax 10\u00bb meyv\u0259 \u00f6l\u00e7\u00fcs\u00fcn\u00fc, vahidliyini, h\u0259m\u00e7inin \u00fcmumi istehsal\u0131 art\u0131r\u0131r.","og_url":"https:\/\/magida-agro.az\/az\/product\/fruitmax-10\/","og_site_name":"Magida Agro","article_modified_time":"2025-10-02T20:36:32+00:00","og_image":[{"width":840,"height":840,"url":"https:\/\/magida-agro.az\/wp-content\/uploads\/2025\/03\/fruitmax_10-productos-coda-sas.jpg","type":"image\/jpeg"}],"twitter_card":"summary_large_image","schema":{"@context":"https:\/\/schema.org","@graph":[{"@type":"WebPage","@id":"https:\/\/magida-agro.az\/product\/fruitmax-10\/","url":"https:\/\/magida-agro.az\/product\/fruitmax-10\/","name":"Fruitmax 10 - Magida Agro","isPartOf":{"@id":"https:\/\/magida-agro.az\/#website"},"primaryImageOfPage":{"@id":"https:\/\/magida-agro.az\/product\/fruitmax-10\/#primaryimage"},"image":{"@id":"https:\/\/magida-agro.az\/product\/fruitmax-10\/#primaryimage"},"thumbnailUrl":"https:\/\/magida-agro.az\/wp-content\/uploads\/2025\/03\/fruitmax_10-productos-coda-sas.jpg","datePublished":"2025-03-10T12:52:57+00:00","dateModified":"2025-10-02T20:36:32+00:00","breadcrumb":{"@id":"https:\/\/magida-agro.az\/product\/fruitmax-10\/#breadcrumb"},"inLanguage":"az","potentialAction":[{"@type":"ReadAction","target":["https:\/\/magida-agro.az\/product\/fruitmax-10\/"]}]},{"@type":"ImageObject","inLanguage":"az","@id":"https:\/\/magida-agro.az\/product\/fruitmax-10\/#primaryimage","url":"https:\/\/magida-agro.az\/wp-content\/uploads\/2025\/03\/fruitmax_10-productos-coda-sas.jpg","contentUrl":"https:\/\/magida-agro.az\/wp-content\/uploads\/2025\/03\/fruitmax_10-productos-coda-sas.jpg","width":840,"height":840},{"@type":"BreadcrumbList","@id":"https:\/\/magida-agro.az\/product\/fruitmax-10\/#breadcrumb","itemListElement":[{"@type":"ListItem","position":1,"name":"Home","item":"https:\/\/magida-agro.az\/"},{"@type":"ListItem","position":2,"name":"Shop","item":"https:\/\/magida-agro.az\/shop\/"},{"@type":"ListItem","position":3,"name":"Fruitmax 10"}]},{"@type":"WebSite","@id":"https:\/\/magida-agro.az\/#website","url":"https:\/\/magida-agro.az\/","name":"Magida Agro","description":"","publisher":{"@id":"https:\/\/magida-agro.az\/#organization"},"potentialAction":[{"@type":"SearchAction","target":{"@type":"EntryPoint","urlTemplate":"https:\/\/magida-agro.az\/?s={search_term_string}"},"query-input":{"@type":"PropertyValueSpecification","valueRequired":true,"valueName":"search_term_string"}}],"inLanguage":"az"},{"@type":"Organization","@id":"https:\/\/magida-agro.az\/#organization","name":"Magida Agro","url":"https:\/\/magida-agro.az\/","logo":{"@type":"ImageObject","inLanguage":"az","@id":"https:\/\/magida-agro.az\/#\/schema\/logo\/image\/","url":"https:\/\/magida-agro.az\/wp-content\/uploads\/2025\/02\/cropped-207768526-1.png","contentUrl":"https:\/\/magida-agro.az\/wp-content\/uploads\/2025\/02\/cropped-207768526-1.png","width":1000,"height":998,"caption":"Magida Agro"},"image":{"@id":"https:\/\/magida-agro.az\/#\/schema\/logo\/image\/"}}]}},"_links":{"self":[{"href":"https:\/\/magida-agro.az\/az\/wp-json\/wp\/v2\/product\/5182","targetHints":{"allow":["GET"]}}],"collection":[{"href":"https:\/\/magida-agro.az\/az\/wp-json\/wp\/v2\/product"}],"about":[{"href":"https:\/\/magida-agro.az\/az\/wp-json\/wp\/v2\/types\/product"}],"replies":[{"embeddable":true,"href":"https:\/\/magida-agro.az\/az\/wp-json\/wp\/v2\/comments?post=5182"}],"wp:featuredmedia":[{"embeddable":true,"href":"https:\/\/magida-agro.az\/az\/wp-json\/wp\/v2\/media\/5398"}],"wp:attachment":[{"href":"https:\/\/magida-agro.az\/az\/wp-json\/wp\/v2\/media?parent=5182"}],"wp:term":[{"taxonomy":"product_brand","embeddable":true,"href":"https:\/\/magida-agro.az\/az\/wp-json\/wp\/v2\/product_brand?post=5182"},{"taxonomy":"product_cat","embeddable":true,"href":"https:\/\/magida-agro.az\/az\/wp-json\/wp\/v2\/product_cat?post=5182"},{"taxonomy":"product_tag","embeddable":true,"href":"https:\/\/magida-agro.az\/az\/wp-json\/wp\/v2\/product_tag?post=5182"}],"curies":[{"name":"wp","href":"https:\/\/api.w.org\/{rel}","templated":true}]}}