{"id":5184,"date":"2025-03-10T12:54:57","date_gmt":"2025-03-10T12:54:57","guid":{"rendered":"https:\/\/magida-agro.az\/?post_type=product&#038;p=5184"},"modified":"2025-10-02T20:32:55","modified_gmt":"2025-10-02T20:32:55","slug":"kryoss","status":"publish","type":"product","link":"https:\/\/magida-agro.az\/az\/product\/kryoss\/","title":{"rendered":"Kryoss"},"content":{"rendered":"","protected":false},"excerpt":{"rendered":"<h3><strong>0.28% N + 7.62% K2O + 2.26% <\/strong><br \/>\n<strong>amin tur\u015fular\u0131 + mannitol (113 g\/l) <\/strong><br \/>\n<strong>(w\/v)<\/strong><\/h3>\n<p>Kalium, osmolitl\u0259r v\u0259 krioprotektiv\u0259<br \/>\n\u0259saslanan biostimulyator<br \/>\nbirl\u0259\u015fm\u0259dir<br \/>\n.<br \/>\nTolerantl\u0131\u011f\u0131 art\u0131r\u0131r v\u0259 \u015faxta z\u0259r\u0259rinin<br \/>\nt\u0259sirl\u0259rini azald\u0131r<br \/>\n(<br \/>\n-2,5\u00ba \/<br \/>\n-3\u00ba<br \/>\n-\u0259<br \/>\nq\u0259d\u0259r). Onun osmorequlyasiya<br \/>\npotensial\u0131 donma n\u00f6qt\u0259sini azald\u0131r,<br \/>\nh\u00fcceyr\u0259daxili kristallar\u0131n \u0259m\u0259l\u0259<br \/>\ng\u0259lm\u0259sinin, membran\u0131n<br \/>\nb\u00fct\u00f6vl\u00fcy\u00fcn\u00fcn itirilm\u0259sinin v\u0259<br \/>\nh\u00fcceyr\u0259nin m\u0259hvinin qar\u015f\u0131s\u0131n\u0131 al\u0131r<br \/>\n.<\/p>","protected":false},"featured_media":5397,"comment_status":"open","ping_status":"closed","template":"","meta":[],"product_brand":[],"product_cat":[25],"product_tag":[],"class_list":{"0":"post-5184","1":"product","2":"type-product","3":"status-publish","4":"has-post-thumbnail","6":"product_cat-organic-foods","8":"first","9":"instock","10":"shipping-taxable","11":"purchasable","12":"product-type-variable"},"yoast_head":"<!-- This site is optimized with the Yoast SEO plugin v26.4 - https:\/\/yoast.com\/wordpress\/plugins\/seo\/ -->\n<title>Kryoss - Magida Agro<\/title>\n<meta name=\"robots\" content=\"index, follow, max-snippet:-1, max-image-preview:large, max-video-preview:-1\" \/>\n<link rel=\"canonical\" href=\"https:\/\/magida-agro.az\/az\/product\/kryoss\/\" \/>\n<meta property=\"og:locale\" content=\"az_AZ\" \/>\n<meta property=\"og:type\" content=\"article\" \/>\n<meta property=\"og:title\" content=\"Kryoss - Magida Agro\" \/>\n<meta property=\"og:description\" content=\"0.28% N + 7.62% K2O + 2.26%  amin tur\u015fular\u0131 + mannitol (113 g\/l)  (w\/v) Kalium, osmolitl\u0259r v\u0259 krioprotektiv\u0259 \u0259saslanan biostimulyator birl\u0259\u015fm\u0259dir . Tolerantl\u0131\u011f\u0131 art\u0131r\u0131r v\u0259 \u015faxta z\u0259r\u0259rinin t\u0259sirl\u0259rini azald\u0131r ( -2,5\u00ba \/ -3\u00ba -\u0259 q\u0259d\u0259r). Onun osmorequlyasiya potensial\u0131 donma n\u00f6qt\u0259sini azald\u0131r, h\u00fcceyr\u0259daxili kristallar\u0131n \u0259m\u0259l\u0259 g\u0259lm\u0259sinin, membran\u0131n b\u00fct\u00f6vl\u00fcy\u00fcn\u00fcn itirilm\u0259sinin v\u0259 h\u00fcceyr\u0259nin m\u0259hvinin qar\u015f\u0131s\u0131n\u0131 al\u0131r .\" \/>\n<meta property=\"og:url\" content=\"https:\/\/magida-agro.az\/az\/product\/kryoss\/\" \/>\n<meta property=\"og:site_name\" content=\"Magida Agro\" \/>\n<meta property=\"article:modified_time\" content=\"2025-10-02T20:32:55+00:00\" \/>\n<meta property=\"og:image\" content=\"https:\/\/magida-agro.az\/wp-content\/uploads\/2025\/03\/kryoss-productos-coda-sas.jpg\" \/>\n\t<meta property=\"og:image:width\" content=\"1000\" \/>\n\t<meta property=\"og:image:height\" content=\"1000\" \/>\n\t<meta property=\"og:image:type\" content=\"image\/jpeg\" \/>\n<meta name=\"twitter:card\" content=\"summary_large_image\" \/>\n<script type=\"application\/ld+json\" class=\"yoast-schema-graph\">{\"@context\":\"https:\/\/schema.org\",\"@graph\":[{\"@type\":\"WebPage\",\"@id\":\"https:\/\/magida-agro.az\/product\/kryoss\/\",\"url\":\"https:\/\/magida-agro.az\/product\/kryoss\/\",\"name\":\"Kryoss - Magida Agro\",\"isPartOf\":{\"@id\":\"https:\/\/magida-agro.az\/#website\"},\"primaryImageOfPage\":{\"@id\":\"https:\/\/magida-agro.az\/product\/kryoss\/#primaryimage\"},\"image\":{\"@id\":\"https:\/\/magida-agro.az\/product\/kryoss\/#primaryimage\"},\"thumbnailUrl\":\"https:\/\/magida-agro.az\/wp-content\/uploads\/2025\/03\/kryoss-productos-coda-sas.jpg\",\"datePublished\":\"2025-03-10T12:54:57+00:00\",\"dateModified\":\"2025-10-02T20:32:55+00:00\",\"breadcrumb\":{\"@id\":\"https:\/\/magida-agro.az\/product\/kryoss\/#breadcrumb\"},\"inLanguage\":\"az\",\"potentialAction\":[{\"@type\":\"ReadAction\",\"target\":[\"https:\/\/magida-agro.az\/product\/kryoss\/\"]}]},{\"@type\":\"ImageObject\",\"inLanguage\":\"az\",\"@id\":\"https:\/\/magida-agro.az\/product\/kryoss\/#primaryimage\",\"url\":\"https:\/\/magida-agro.az\/wp-content\/uploads\/2025\/03\/kryoss-productos-coda-sas.jpg\",\"contentUrl\":\"https:\/\/magida-agro.az\/wp-content\/uploads\/2025\/03\/kryoss-productos-coda-sas.jpg\",\"width\":1000,\"height\":1000},{\"@type\":\"BreadcrumbList\",\"@id\":\"https:\/\/magida-agro.az\/product\/kryoss\/#breadcrumb\",\"itemListElement\":[{\"@type\":\"ListItem\",\"position\":1,\"name\":\"Home\",\"item\":\"https:\/\/magida-agro.az\/\"},{\"@type\":\"ListItem\",\"position\":2,\"name\":\"Shop\",\"item\":\"https:\/\/magida-agro.az\/shop\/\"},{\"@type\":\"ListItem\",\"position\":3,\"name\":\"Kryoss\"}]},{\"@type\":\"WebSite\",\"@id\":\"https:\/\/magida-agro.az\/#website\",\"url\":\"https:\/\/magida-agro.az\/\",\"name\":\"Magida Agro\",\"description\":\"\",\"publisher\":{\"@id\":\"https:\/\/magida-agro.az\/#organization\"},\"potentialAction\":[{\"@type\":\"SearchAction\",\"target\":{\"@type\":\"EntryPoint\",\"urlTemplate\":\"https:\/\/magida-agro.az\/?s={search_term_string}\"},\"query-input\":{\"@type\":\"PropertyValueSpecification\",\"valueRequired\":true,\"valueName\":\"search_term_string\"}}],\"inLanguage\":\"az\"},{\"@type\":\"Organization\",\"@id\":\"https:\/\/magida-agro.az\/#organization\",\"name\":\"Magida Agro\",\"url\":\"https:\/\/magida-agro.az\/\",\"logo\":{\"@type\":\"ImageObject\",\"inLanguage\":\"az\",\"@id\":\"https:\/\/magida-agro.az\/#\/schema\/logo\/image\/\",\"url\":\"https:\/\/magida-agro.az\/wp-content\/uploads\/2025\/02\/cropped-207768526-1.png\",\"contentUrl\":\"https:\/\/magida-agro.az\/wp-content\/uploads\/2025\/02\/cropped-207768526-1.png\",\"width\":1000,\"height\":998,\"caption\":\"Magida Agro\"},\"image\":{\"@id\":\"https:\/\/magida-agro.az\/#\/schema\/logo\/image\/\"}}]}<\/script>\n<!-- \/ Yoast SEO plugin. -->","yoast_head_json":{"title":"Kryoss - Magida Agro","robots":{"index":"index","follow":"follow","max-snippet":"max-snippet:-1","max-image-preview":"max-image-preview:large","max-video-preview":"max-video-preview:-1"},"canonical":"https:\/\/magida-agro.az\/az\/product\/kryoss\/","og_locale":"az_AZ","og_type":"article","og_title":"Kryoss - Magida Agro","og_description":"0.28% N + 7.62% K2O + 2.26%  amin tur\u015fular\u0131 + mannitol (113 g\/l)  (w\/v) Kalium, osmolitl\u0259r v\u0259 krioprotektiv\u0259 \u0259saslanan biostimulyator birl\u0259\u015fm\u0259dir . Tolerantl\u0131\u011f\u0131 art\u0131r\u0131r v\u0259 \u015faxta z\u0259r\u0259rinin t\u0259sirl\u0259rini azald\u0131r ( -2,5\u00ba \/ -3\u00ba -\u0259 q\u0259d\u0259r). Onun osmorequlyasiya potensial\u0131 donma n\u00f6qt\u0259sini azald\u0131r, h\u00fcceyr\u0259daxili kristallar\u0131n \u0259m\u0259l\u0259 g\u0259lm\u0259sinin, membran\u0131n b\u00fct\u00f6vl\u00fcy\u00fcn\u00fcn itirilm\u0259sinin v\u0259 h\u00fcceyr\u0259nin m\u0259hvinin qar\u015f\u0131s\u0131n\u0131 al\u0131r .","og_url":"https:\/\/magida-agro.az\/az\/product\/kryoss\/","og_site_name":"Magida Agro","article_modified_time":"2025-10-02T20:32:55+00:00","og_image":[{"width":1000,"height":1000,"url":"https:\/\/magida-agro.az\/wp-content\/uploads\/2025\/03\/kryoss-productos-coda-sas.jpg","type":"image\/jpeg"}],"twitter_card":"summary_large_image","schema":{"@context":"https:\/\/schema.org","@graph":[{"@type":"WebPage","@id":"https:\/\/magida-agro.az\/product\/kryoss\/","url":"https:\/\/magida-agro.az\/product\/kryoss\/","name":"Kryoss - Magida Agro","isPartOf":{"@id":"https:\/\/magida-agro.az\/#website"},"primaryImageOfPage":{"@id":"https:\/\/magida-agro.az\/product\/kryoss\/#primaryimage"},"image":{"@id":"https:\/\/magida-agro.az\/product\/kryoss\/#primaryimage"},"thumbnailUrl":"https:\/\/magida-agro.az\/wp-content\/uploads\/2025\/03\/kryoss-productos-coda-sas.jpg","datePublished":"2025-03-10T12:54:57+00:00","dateModified":"2025-10-02T20:32:55+00:00","breadcrumb":{"@id":"https:\/\/magida-agro.az\/product\/kryoss\/#breadcrumb"},"inLanguage":"az","potentialAction":[{"@type":"ReadAction","target":["https:\/\/magida-agro.az\/product\/kryoss\/"]}]},{"@type":"ImageObject","inLanguage":"az","@id":"https:\/\/magida-agro.az\/product\/kryoss\/#primaryimage","url":"https:\/\/magida-agro.az\/wp-content\/uploads\/2025\/03\/kryoss-productos-coda-sas.jpg","contentUrl":"https:\/\/magida-agro.az\/wp-content\/uploads\/2025\/03\/kryoss-productos-coda-sas.jpg","width":1000,"height":1000},{"@type":"BreadcrumbList","@id":"https:\/\/magida-agro.az\/product\/kryoss\/#breadcrumb","itemListElement":[{"@type":"ListItem","position":1,"name":"Home","item":"https:\/\/magida-agro.az\/"},{"@type":"ListItem","position":2,"name":"Shop","item":"https:\/\/magida-agro.az\/shop\/"},{"@type":"ListItem","position":3,"name":"Kryoss"}]},{"@type":"WebSite","@id":"https:\/\/magida-agro.az\/#website","url":"https:\/\/magida-agro.az\/","name":"Magida Agro","description":"","publisher":{"@id":"https:\/\/magida-agro.az\/#organization"},"potentialAction":[{"@type":"SearchAction","target":{"@type":"EntryPoint","urlTemplate":"https:\/\/magida-agro.az\/?s={search_term_string}"},"query-input":{"@type":"PropertyValueSpecification","valueRequired":true,"valueName":"search_term_string"}}],"inLanguage":"az"},{"@type":"Organization","@id":"https:\/\/magida-agro.az\/#organization","name":"Magida Agro","url":"https:\/\/magida-agro.az\/","logo":{"@type":"ImageObject","inLanguage":"az","@id":"https:\/\/magida-agro.az\/#\/schema\/logo\/image\/","url":"https:\/\/magida-agro.az\/wp-content\/uploads\/2025\/02\/cropped-207768526-1.png","contentUrl":"https:\/\/magida-agro.az\/wp-content\/uploads\/2025\/02\/cropped-207768526-1.png","width":1000,"height":998,"caption":"Magida Agro"},"image":{"@id":"https:\/\/magida-agro.az\/#\/schema\/logo\/image\/"}}]}},"_links":{"self":[{"href":"https:\/\/magida-agro.az\/az\/wp-json\/wp\/v2\/product\/5184","targetHints":{"allow":["GET"]}}],"collection":[{"href":"https:\/\/magida-agro.az\/az\/wp-json\/wp\/v2\/product"}],"about":[{"href":"https:\/\/magida-agro.az\/az\/wp-json\/wp\/v2\/types\/product"}],"replies":[{"embeddable":true,"href":"https:\/\/magida-agro.az\/az\/wp-json\/wp\/v2\/comments?post=5184"}],"wp:featuredmedia":[{"embeddable":true,"href":"https:\/\/magida-agro.az\/az\/wp-json\/wp\/v2\/media\/5397"}],"wp:attachment":[{"href":"https:\/\/magida-agro.az\/az\/wp-json\/wp\/v2\/media?parent=5184"}],"wp:term":[{"taxonomy":"product_brand","embeddable":true,"href":"https:\/\/magida-agro.az\/az\/wp-json\/wp\/v2\/product_brand?post=5184"},{"taxonomy":"product_cat","embeddable":true,"href":"https:\/\/magida-agro.az\/az\/wp-json\/wp\/v2\/product_cat?post=5184"},{"taxonomy":"product_tag","embeddable":true,"href":"https:\/\/magida-agro.az\/az\/wp-json\/wp\/v2\/product_tag?post=5184"}],"curies":[{"name":"wp","href":"https:\/\/api.w.org\/{rel}","templated":true}]}}