{"id":5186,"date":"2025-03-10T12:56:54","date_gmt":"2025-03-10T12:56:54","guid":{"rendered":"https:\/\/magida-agro.az\/?post_type=product&#038;p=5186"},"modified":"2025-10-02T20:30:10","modified_gmt":"2025-10-02T20:30:10","slug":"unibrot","status":"publish","type":"product","link":"https:\/\/magida-agro.az\/az\/product\/unibrot\/","title":{"rendered":"Unibrot"},"content":{"rendered":"","protected":false},"excerpt":{"rendered":"<h3><strong>12.64% N + 3.52% amin tur\u015fular\u0131 + <\/strong><br \/>\n<strong>23.07% CaO (w\/v)<\/strong><\/h3>\n<p>T\u0259rkibind\u0259 amin tur\u015fular\u0131, azot v\u0259<br \/>\nkalsium olan biostimulyatordur,<br \/>\nasanl\u0131qla islan\u0131r v\u0259 q\u00f6n\u00e7\u0259l\u0259rin a\u00e7\u0131lmas\u0131n\u0131<br \/>\ndaha vahid edir, qidalanma faktorlar\u0131<br \/>\ns\u0259b\u0259bind\u0259n gecikmi\u015f vegetativ v\u0259<br \/>\nreproduktiv q\u00f6n\u00e7\u0259l\u0259rin fenoloji inki\u015faf\u0131n\u0131<br \/>\n\u00f6n\u0259 \u00e7\u0131xar\u0131r<br \/>\n.<br \/>\nAmin tur\u015fular\u0131 v\u0259 qida madd\u0259l\u0259ri<br \/>\naras\u0131ndak\u0131 sinerji n\u0259tic\u0259sind\u0259<br \/>\nqidalanma bax\u0131m\u0131ndan \u0259lveri\u015fsiz olan<br \/>\na\u00e7\u0131lmayan q\u00f6n\u00e7\u0259l\u0259ri stimulla\u015fd\u0131r\u0131r v\u0259<br \/>\nn\u0259tic\u0259d\u0259 onlar a\u00e7\u0131l\u0131r v\u0259 \u00e7i\u00e7\u0259kl\u0259nir<\/p>","protected":false},"featured_media":5396,"comment_status":"open","ping_status":"closed","template":"","meta":[],"product_brand":[],"product_cat":[25],"product_tag":[],"class_list":{"0":"post-5186","1":"product","2":"type-product","3":"status-publish","4":"has-post-thumbnail","6":"product_cat-organic-foods","8":"first","9":"instock","10":"shipping-taxable","11":"purchasable","12":"product-type-variable"},"yoast_head":"<!-- This site is optimized with the Yoast SEO plugin v26.4 - https:\/\/yoast.com\/wordpress\/plugins\/seo\/ -->\n<title>Unibrot - Magida Agro<\/title>\n<meta name=\"robots\" content=\"index, follow, max-snippet:-1, max-image-preview:large, max-video-preview:-1\" \/>\n<link rel=\"canonical\" href=\"https:\/\/magida-agro.az\/az\/product\/unibrot\/\" \/>\n<meta property=\"og:locale\" content=\"az_AZ\" \/>\n<meta property=\"og:type\" content=\"article\" \/>\n<meta property=\"og:title\" content=\"Unibrot - Magida Agro\" \/>\n<meta property=\"og:description\" content=\"12.64% N + 3.52% amin tur\u015fular\u0131 +  23.07% CaO (w\/v) T\u0259rkibind\u0259 amin tur\u015fular\u0131, azot v\u0259 kalsium olan biostimulyatordur, asanl\u0131qla islan\u0131r v\u0259 q\u00f6n\u00e7\u0259l\u0259rin a\u00e7\u0131lmas\u0131n\u0131 daha vahid edir, qidalanma faktorlar\u0131 s\u0259b\u0259bind\u0259n gecikmi\u015f vegetativ v\u0259 reproduktiv q\u00f6n\u00e7\u0259l\u0259rin fenoloji inki\u015faf\u0131n\u0131 \u00f6n\u0259 \u00e7\u0131xar\u0131r . Amin tur\u015fular\u0131 v\u0259 qida madd\u0259l\u0259ri aras\u0131ndak\u0131 sinerji n\u0259tic\u0259sind\u0259 qidalanma bax\u0131m\u0131ndan \u0259lveri\u015fsiz olan a\u00e7\u0131lmayan q\u00f6n\u00e7\u0259l\u0259ri stimulla\u015fd\u0131r\u0131r v\u0259 n\u0259tic\u0259d\u0259 onlar a\u00e7\u0131l\u0131r v\u0259 \u00e7i\u00e7\u0259kl\u0259nir\" \/>\n<meta property=\"og:url\" content=\"https:\/\/magida-agro.az\/az\/product\/unibrot\/\" \/>\n<meta property=\"og:site_name\" content=\"Magida Agro\" \/>\n<meta property=\"article:modified_time\" content=\"2025-10-02T20:30:10+00:00\" \/>\n<meta property=\"og:image\" content=\"https:\/\/magida-agro.az\/wp-content\/uploads\/2025\/03\/unibrot-productos-coda-sas.jpg\" \/>\n\t<meta property=\"og:image:width\" content=\"1000\" \/>\n\t<meta property=\"og:image:height\" content=\"1000\" \/>\n\t<meta property=\"og:image:type\" content=\"image\/jpeg\" \/>\n<meta name=\"twitter:card\" content=\"summary_large_image\" \/>\n<script type=\"application\/ld+json\" class=\"yoast-schema-graph\">{\"@context\":\"https:\/\/schema.org\",\"@graph\":[{\"@type\":\"WebPage\",\"@id\":\"https:\/\/magida-agro.az\/product\/unibrot\/\",\"url\":\"https:\/\/magida-agro.az\/product\/unibrot\/\",\"name\":\"Unibrot - Magida Agro\",\"isPartOf\":{\"@id\":\"https:\/\/magida-agro.az\/#website\"},\"primaryImageOfPage\":{\"@id\":\"https:\/\/magida-agro.az\/product\/unibrot\/#primaryimage\"},\"image\":{\"@id\":\"https:\/\/magida-agro.az\/product\/unibrot\/#primaryimage\"},\"thumbnailUrl\":\"https:\/\/magida-agro.az\/wp-content\/uploads\/2025\/03\/unibrot-productos-coda-sas.jpg\",\"datePublished\":\"2025-03-10T12:56:54+00:00\",\"dateModified\":\"2025-10-02T20:30:10+00:00\",\"breadcrumb\":{\"@id\":\"https:\/\/magida-agro.az\/product\/unibrot\/#breadcrumb\"},\"inLanguage\":\"az\",\"potentialAction\":[{\"@type\":\"ReadAction\",\"target\":[\"https:\/\/magida-agro.az\/product\/unibrot\/\"]}]},{\"@type\":\"ImageObject\",\"inLanguage\":\"az\",\"@id\":\"https:\/\/magida-agro.az\/product\/unibrot\/#primaryimage\",\"url\":\"https:\/\/magida-agro.az\/wp-content\/uploads\/2025\/03\/unibrot-productos-coda-sas.jpg\",\"contentUrl\":\"https:\/\/magida-agro.az\/wp-content\/uploads\/2025\/03\/unibrot-productos-coda-sas.jpg\",\"width\":1000,\"height\":1000},{\"@type\":\"BreadcrumbList\",\"@id\":\"https:\/\/magida-agro.az\/product\/unibrot\/#breadcrumb\",\"itemListElement\":[{\"@type\":\"ListItem\",\"position\":1,\"name\":\"Home\",\"item\":\"https:\/\/magida-agro.az\/\"},{\"@type\":\"ListItem\",\"position\":2,\"name\":\"Shop\",\"item\":\"https:\/\/magida-agro.az\/shop\/\"},{\"@type\":\"ListItem\",\"position\":3,\"name\":\"Unibrot\"}]},{\"@type\":\"WebSite\",\"@id\":\"https:\/\/magida-agro.az\/#website\",\"url\":\"https:\/\/magida-agro.az\/\",\"name\":\"Magida Agro\",\"description\":\"\",\"publisher\":{\"@id\":\"https:\/\/magida-agro.az\/#organization\"},\"potentialAction\":[{\"@type\":\"SearchAction\",\"target\":{\"@type\":\"EntryPoint\",\"urlTemplate\":\"https:\/\/magida-agro.az\/?s={search_term_string}\"},\"query-input\":{\"@type\":\"PropertyValueSpecification\",\"valueRequired\":true,\"valueName\":\"search_term_string\"}}],\"inLanguage\":\"az\"},{\"@type\":\"Organization\",\"@id\":\"https:\/\/magida-agro.az\/#organization\",\"name\":\"Magida Agro\",\"url\":\"https:\/\/magida-agro.az\/\",\"logo\":{\"@type\":\"ImageObject\",\"inLanguage\":\"az\",\"@id\":\"https:\/\/magida-agro.az\/#\/schema\/logo\/image\/\",\"url\":\"https:\/\/magida-agro.az\/wp-content\/uploads\/2025\/02\/cropped-207768526-1.png\",\"contentUrl\":\"https:\/\/magida-agro.az\/wp-content\/uploads\/2025\/02\/cropped-207768526-1.png\",\"width\":1000,\"height\":998,\"caption\":\"Magida Agro\"},\"image\":{\"@id\":\"https:\/\/magida-agro.az\/#\/schema\/logo\/image\/\"}}]}<\/script>\n<!-- \/ Yoast SEO plugin. -->","yoast_head_json":{"title":"Unibrot - Magida Agro","robots":{"index":"index","follow":"follow","max-snippet":"max-snippet:-1","max-image-preview":"max-image-preview:large","max-video-preview":"max-video-preview:-1"},"canonical":"https:\/\/magida-agro.az\/az\/product\/unibrot\/","og_locale":"az_AZ","og_type":"article","og_title":"Unibrot - Magida Agro","og_description":"12.64% N + 3.52% amin tur\u015fular\u0131 +  23.07% CaO (w\/v) T\u0259rkibind\u0259 amin tur\u015fular\u0131, azot v\u0259 kalsium olan biostimulyatordur, asanl\u0131qla islan\u0131r v\u0259 q\u00f6n\u00e7\u0259l\u0259rin a\u00e7\u0131lmas\u0131n\u0131 daha vahid edir, qidalanma faktorlar\u0131 s\u0259b\u0259bind\u0259n gecikmi\u015f vegetativ v\u0259 reproduktiv q\u00f6n\u00e7\u0259l\u0259rin fenoloji inki\u015faf\u0131n\u0131 \u00f6n\u0259 \u00e7\u0131xar\u0131r . Amin tur\u015fular\u0131 v\u0259 qida madd\u0259l\u0259ri aras\u0131ndak\u0131 sinerji n\u0259tic\u0259sind\u0259 qidalanma bax\u0131m\u0131ndan \u0259lveri\u015fsiz olan a\u00e7\u0131lmayan q\u00f6n\u00e7\u0259l\u0259ri stimulla\u015fd\u0131r\u0131r v\u0259 n\u0259tic\u0259d\u0259 onlar a\u00e7\u0131l\u0131r v\u0259 \u00e7i\u00e7\u0259kl\u0259nir","og_url":"https:\/\/magida-agro.az\/az\/product\/unibrot\/","og_site_name":"Magida Agro","article_modified_time":"2025-10-02T20:30:10+00:00","og_image":[{"width":1000,"height":1000,"url":"https:\/\/magida-agro.az\/wp-content\/uploads\/2025\/03\/unibrot-productos-coda-sas.jpg","type":"image\/jpeg"}],"twitter_card":"summary_large_image","schema":{"@context":"https:\/\/schema.org","@graph":[{"@type":"WebPage","@id":"https:\/\/magida-agro.az\/product\/unibrot\/","url":"https:\/\/magida-agro.az\/product\/unibrot\/","name":"Unibrot - Magida Agro","isPartOf":{"@id":"https:\/\/magida-agro.az\/#website"},"primaryImageOfPage":{"@id":"https:\/\/magida-agro.az\/product\/unibrot\/#primaryimage"},"image":{"@id":"https:\/\/magida-agro.az\/product\/unibrot\/#primaryimage"},"thumbnailUrl":"https:\/\/magida-agro.az\/wp-content\/uploads\/2025\/03\/unibrot-productos-coda-sas.jpg","datePublished":"2025-03-10T12:56:54+00:00","dateModified":"2025-10-02T20:30:10+00:00","breadcrumb":{"@id":"https:\/\/magida-agro.az\/product\/unibrot\/#breadcrumb"},"inLanguage":"az","potentialAction":[{"@type":"ReadAction","target":["https:\/\/magida-agro.az\/product\/unibrot\/"]}]},{"@type":"ImageObject","inLanguage":"az","@id":"https:\/\/magida-agro.az\/product\/unibrot\/#primaryimage","url":"https:\/\/magida-agro.az\/wp-content\/uploads\/2025\/03\/unibrot-productos-coda-sas.jpg","contentUrl":"https:\/\/magida-agro.az\/wp-content\/uploads\/2025\/03\/unibrot-productos-coda-sas.jpg","width":1000,"height":1000},{"@type":"BreadcrumbList","@id":"https:\/\/magida-agro.az\/product\/unibrot\/#breadcrumb","itemListElement":[{"@type":"ListItem","position":1,"name":"Home","item":"https:\/\/magida-agro.az\/"},{"@type":"ListItem","position":2,"name":"Shop","item":"https:\/\/magida-agro.az\/shop\/"},{"@type":"ListItem","position":3,"name":"Unibrot"}]},{"@type":"WebSite","@id":"https:\/\/magida-agro.az\/#website","url":"https:\/\/magida-agro.az\/","name":"Magida Agro","description":"","publisher":{"@id":"https:\/\/magida-agro.az\/#organization"},"potentialAction":[{"@type":"SearchAction","target":{"@type":"EntryPoint","urlTemplate":"https:\/\/magida-agro.az\/?s={search_term_string}"},"query-input":{"@type":"PropertyValueSpecification","valueRequired":true,"valueName":"search_term_string"}}],"inLanguage":"az"},{"@type":"Organization","@id":"https:\/\/magida-agro.az\/#organization","name":"Magida Agro","url":"https:\/\/magida-agro.az\/","logo":{"@type":"ImageObject","inLanguage":"az","@id":"https:\/\/magida-agro.az\/#\/schema\/logo\/image\/","url":"https:\/\/magida-agro.az\/wp-content\/uploads\/2025\/02\/cropped-207768526-1.png","contentUrl":"https:\/\/magida-agro.az\/wp-content\/uploads\/2025\/02\/cropped-207768526-1.png","width":1000,"height":998,"caption":"Magida Agro"},"image":{"@id":"https:\/\/magida-agro.az\/#\/schema\/logo\/image\/"}}]}},"_links":{"self":[{"href":"https:\/\/magida-agro.az\/az\/wp-json\/wp\/v2\/product\/5186","targetHints":{"allow":["GET"]}}],"collection":[{"href":"https:\/\/magida-agro.az\/az\/wp-json\/wp\/v2\/product"}],"about":[{"href":"https:\/\/magida-agro.az\/az\/wp-json\/wp\/v2\/types\/product"}],"replies":[{"embeddable":true,"href":"https:\/\/magida-agro.az\/az\/wp-json\/wp\/v2\/comments?post=5186"}],"wp:featuredmedia":[{"embeddable":true,"href":"https:\/\/magida-agro.az\/az\/wp-json\/wp\/v2\/media\/5396"}],"wp:attachment":[{"href":"https:\/\/magida-agro.az\/az\/wp-json\/wp\/v2\/media?parent=5186"}],"wp:term":[{"taxonomy":"product_brand","embeddable":true,"href":"https:\/\/magida-agro.az\/az\/wp-json\/wp\/v2\/product_brand?post=5186"},{"taxonomy":"product_cat","embeddable":true,"href":"https:\/\/magida-agro.az\/az\/wp-json\/wp\/v2\/product_cat?post=5186"},{"taxonomy":"product_tag","embeddable":true,"href":"https:\/\/magida-agro.az\/az\/wp-json\/wp\/v2\/product_tag?post=5186"}],"curies":[{"name":"wp","href":"https:\/\/api.w.org\/{rel}","templated":true}]}}