{"id":5188,"date":"2025-03-10T12:58:42","date_gmt":"2025-03-10T12:58:42","guid":{"rendered":"https:\/\/magida-agro.az\/?post_type=product&#038;p=5188"},"modified":"2025-10-02T20:25:39","modified_gmt":"2025-10-02T20:25:39","slug":"osmoplant","status":"publish","type":"product","link":"https:\/\/magida-agro.az\/az\/product\/osmoplant\/","title":{"rendered":"Osmoplant"},"content":{"rendered":"","protected":false},"excerpt":{"rendered":"<h3><strong>2.65% N + 6.63% % amin tur\u015fular\u0131 + <\/strong><br \/>\n<strong>3.70% K2O (w\/v)<\/strong><\/h3>\n<p>X\u00fcsusi amin tur\u015fular\u0131na v\u0259<br \/>\nosmoprotektorlara \u0259saslanan<br \/>\nbiostimulyatordur<br \/>\n.<br \/>\nBitkinin suyun azalmas\u0131na qar\u015f\u0131<br \/>\nd\u00f6z\u00fcml\u00fcl\u00fck mexanizml\u0259rini<br \/>\nyax\u015f\u0131la\u015fd\u0131r\u0131r. Stres\u0259 daha effektiv<br \/>\ncavab ver\u0259n, bitkinin fotosintetik<br \/>\naktivliyini art\u0131ran v\u0259 bel\u0259likl\u0259,<br \/>\nm\u0259hsulun istehsal\u0131n\u0131n v\u0259<br \/>\nkeyfiyy\u0259tinin artmas\u0131na k\u00f6m\u0259k ed\u0259n<br \/>\nresursdur<br \/>\n.<\/p>","protected":false},"featured_media":5395,"comment_status":"open","ping_status":"closed","template":"","meta":[],"product_brand":[],"product_cat":[25],"product_tag":[],"class_list":{"0":"post-5188","1":"product","2":"type-product","3":"status-publish","4":"has-post-thumbnail","6":"product_cat-organic-foods","8":"first","9":"instock","10":"shipping-taxable","11":"purchasable","12":"product-type-variable"},"yoast_head":"<!-- This site is optimized with the Yoast SEO plugin v26.4 - https:\/\/yoast.com\/wordpress\/plugins\/seo\/ -->\n<title>Osmoplant - Magida Agro<\/title>\n<meta name=\"robots\" content=\"index, follow, max-snippet:-1, max-image-preview:large, max-video-preview:-1\" \/>\n<link rel=\"canonical\" href=\"https:\/\/magida-agro.az\/az\/product\/osmoplant\/\" \/>\n<meta property=\"og:locale\" content=\"az_AZ\" \/>\n<meta property=\"og:type\" content=\"article\" \/>\n<meta property=\"og:title\" content=\"Osmoplant - Magida Agro\" \/>\n<meta property=\"og:description\" content=\"2.65% N + 6.63% % amin tur\u015fular\u0131 +  3.70% K2O (w\/v) X\u00fcsusi amin tur\u015fular\u0131na v\u0259 osmoprotektorlara \u0259saslanan biostimulyatordur . Bitkinin suyun azalmas\u0131na qar\u015f\u0131 d\u00f6z\u00fcml\u00fcl\u00fck mexanizml\u0259rini yax\u015f\u0131la\u015fd\u0131r\u0131r. Stres\u0259 daha effektiv cavab ver\u0259n, bitkinin fotosintetik aktivliyini art\u0131ran v\u0259 bel\u0259likl\u0259, m\u0259hsulun istehsal\u0131n\u0131n v\u0259 keyfiyy\u0259tinin artmas\u0131na k\u00f6m\u0259k ed\u0259n resursdur .\" \/>\n<meta property=\"og:url\" content=\"https:\/\/magida-agro.az\/az\/product\/osmoplant\/\" \/>\n<meta property=\"og:site_name\" content=\"Magida Agro\" \/>\n<meta property=\"article:modified_time\" content=\"2025-10-02T20:25:39+00:00\" \/>\n<meta property=\"og:image\" content=\"https:\/\/magida-agro.az\/wp-content\/uploads\/2025\/03\/osmoplant-productos-coda-sas.jpg\" \/>\n\t<meta property=\"og:image:width\" content=\"1000\" \/>\n\t<meta property=\"og:image:height\" content=\"1000\" \/>\n\t<meta property=\"og:image:type\" content=\"image\/jpeg\" \/>\n<meta name=\"twitter:card\" content=\"summary_large_image\" \/>\n<script type=\"application\/ld+json\" class=\"yoast-schema-graph\">{\"@context\":\"https:\/\/schema.org\",\"@graph\":[{\"@type\":\"WebPage\",\"@id\":\"https:\/\/magida-agro.az\/product\/osmoplant\/\",\"url\":\"https:\/\/magida-agro.az\/product\/osmoplant\/\",\"name\":\"Osmoplant - Magida Agro\",\"isPartOf\":{\"@id\":\"https:\/\/magida-agro.az\/#website\"},\"primaryImageOfPage\":{\"@id\":\"https:\/\/magida-agro.az\/product\/osmoplant\/#primaryimage\"},\"image\":{\"@id\":\"https:\/\/magida-agro.az\/product\/osmoplant\/#primaryimage\"},\"thumbnailUrl\":\"https:\/\/magida-agro.az\/wp-content\/uploads\/2025\/03\/osmoplant-productos-coda-sas.jpg\",\"datePublished\":\"2025-03-10T12:58:42+00:00\",\"dateModified\":\"2025-10-02T20:25:39+00:00\",\"breadcrumb\":{\"@id\":\"https:\/\/magida-agro.az\/product\/osmoplant\/#breadcrumb\"},\"inLanguage\":\"az\",\"potentialAction\":[{\"@type\":\"ReadAction\",\"target\":[\"https:\/\/magida-agro.az\/product\/osmoplant\/\"]}]},{\"@type\":\"ImageObject\",\"inLanguage\":\"az\",\"@id\":\"https:\/\/magida-agro.az\/product\/osmoplant\/#primaryimage\",\"url\":\"https:\/\/magida-agro.az\/wp-content\/uploads\/2025\/03\/osmoplant-productos-coda-sas.jpg\",\"contentUrl\":\"https:\/\/magida-agro.az\/wp-content\/uploads\/2025\/03\/osmoplant-productos-coda-sas.jpg\",\"width\":1000,\"height\":1000},{\"@type\":\"BreadcrumbList\",\"@id\":\"https:\/\/magida-agro.az\/product\/osmoplant\/#breadcrumb\",\"itemListElement\":[{\"@type\":\"ListItem\",\"position\":1,\"name\":\"Home\",\"item\":\"https:\/\/magida-agro.az\/\"},{\"@type\":\"ListItem\",\"position\":2,\"name\":\"Shop\",\"item\":\"https:\/\/magida-agro.az\/shop\/\"},{\"@type\":\"ListItem\",\"position\":3,\"name\":\"Osmoplant\"}]},{\"@type\":\"WebSite\",\"@id\":\"https:\/\/magida-agro.az\/#website\",\"url\":\"https:\/\/magida-agro.az\/\",\"name\":\"Magida Agro\",\"description\":\"\",\"publisher\":{\"@id\":\"https:\/\/magida-agro.az\/#organization\"},\"potentialAction\":[{\"@type\":\"SearchAction\",\"target\":{\"@type\":\"EntryPoint\",\"urlTemplate\":\"https:\/\/magida-agro.az\/?s={search_term_string}\"},\"query-input\":{\"@type\":\"PropertyValueSpecification\",\"valueRequired\":true,\"valueName\":\"search_term_string\"}}],\"inLanguage\":\"az\"},{\"@type\":\"Organization\",\"@id\":\"https:\/\/magida-agro.az\/#organization\",\"name\":\"Magida Agro\",\"url\":\"https:\/\/magida-agro.az\/\",\"logo\":{\"@type\":\"ImageObject\",\"inLanguage\":\"az\",\"@id\":\"https:\/\/magida-agro.az\/#\/schema\/logo\/image\/\",\"url\":\"https:\/\/magida-agro.az\/wp-content\/uploads\/2025\/02\/cropped-207768526-1.png\",\"contentUrl\":\"https:\/\/magida-agro.az\/wp-content\/uploads\/2025\/02\/cropped-207768526-1.png\",\"width\":1000,\"height\":998,\"caption\":\"Magida Agro\"},\"image\":{\"@id\":\"https:\/\/magida-agro.az\/#\/schema\/logo\/image\/\"}}]}<\/script>\n<!-- \/ Yoast SEO plugin. -->","yoast_head_json":{"title":"Osmoplant - Magida Agro","robots":{"index":"index","follow":"follow","max-snippet":"max-snippet:-1","max-image-preview":"max-image-preview:large","max-video-preview":"max-video-preview:-1"},"canonical":"https:\/\/magida-agro.az\/az\/product\/osmoplant\/","og_locale":"az_AZ","og_type":"article","og_title":"Osmoplant - Magida Agro","og_description":"2.65% N + 6.63% % amin tur\u015fular\u0131 +  3.70% K2O (w\/v) X\u00fcsusi amin tur\u015fular\u0131na v\u0259 osmoprotektorlara \u0259saslanan biostimulyatordur . Bitkinin suyun azalmas\u0131na qar\u015f\u0131 d\u00f6z\u00fcml\u00fcl\u00fck mexanizml\u0259rini yax\u015f\u0131la\u015fd\u0131r\u0131r. Stres\u0259 daha effektiv cavab ver\u0259n, bitkinin fotosintetik aktivliyini art\u0131ran v\u0259 bel\u0259likl\u0259, m\u0259hsulun istehsal\u0131n\u0131n v\u0259 keyfiyy\u0259tinin artmas\u0131na k\u00f6m\u0259k ed\u0259n resursdur .","og_url":"https:\/\/magida-agro.az\/az\/product\/osmoplant\/","og_site_name":"Magida Agro","article_modified_time":"2025-10-02T20:25:39+00:00","og_image":[{"width":1000,"height":1000,"url":"https:\/\/magida-agro.az\/wp-content\/uploads\/2025\/03\/osmoplant-productos-coda-sas.jpg","type":"image\/jpeg"}],"twitter_card":"summary_large_image","schema":{"@context":"https:\/\/schema.org","@graph":[{"@type":"WebPage","@id":"https:\/\/magida-agro.az\/product\/osmoplant\/","url":"https:\/\/magida-agro.az\/product\/osmoplant\/","name":"Osmoplant - Magida Agro","isPartOf":{"@id":"https:\/\/magida-agro.az\/#website"},"primaryImageOfPage":{"@id":"https:\/\/magida-agro.az\/product\/osmoplant\/#primaryimage"},"image":{"@id":"https:\/\/magida-agro.az\/product\/osmoplant\/#primaryimage"},"thumbnailUrl":"https:\/\/magida-agro.az\/wp-content\/uploads\/2025\/03\/osmoplant-productos-coda-sas.jpg","datePublished":"2025-03-10T12:58:42+00:00","dateModified":"2025-10-02T20:25:39+00:00","breadcrumb":{"@id":"https:\/\/magida-agro.az\/product\/osmoplant\/#breadcrumb"},"inLanguage":"az","potentialAction":[{"@type":"ReadAction","target":["https:\/\/magida-agro.az\/product\/osmoplant\/"]}]},{"@type":"ImageObject","inLanguage":"az","@id":"https:\/\/magida-agro.az\/product\/osmoplant\/#primaryimage","url":"https:\/\/magida-agro.az\/wp-content\/uploads\/2025\/03\/osmoplant-productos-coda-sas.jpg","contentUrl":"https:\/\/magida-agro.az\/wp-content\/uploads\/2025\/03\/osmoplant-productos-coda-sas.jpg","width":1000,"height":1000},{"@type":"BreadcrumbList","@id":"https:\/\/magida-agro.az\/product\/osmoplant\/#breadcrumb","itemListElement":[{"@type":"ListItem","position":1,"name":"Home","item":"https:\/\/magida-agro.az\/"},{"@type":"ListItem","position":2,"name":"Shop","item":"https:\/\/magida-agro.az\/shop\/"},{"@type":"ListItem","position":3,"name":"Osmoplant"}]},{"@type":"WebSite","@id":"https:\/\/magida-agro.az\/#website","url":"https:\/\/magida-agro.az\/","name":"Magida Agro","description":"","publisher":{"@id":"https:\/\/magida-agro.az\/#organization"},"potentialAction":[{"@type":"SearchAction","target":{"@type":"EntryPoint","urlTemplate":"https:\/\/magida-agro.az\/?s={search_term_string}"},"query-input":{"@type":"PropertyValueSpecification","valueRequired":true,"valueName":"search_term_string"}}],"inLanguage":"az"},{"@type":"Organization","@id":"https:\/\/magida-agro.az\/#organization","name":"Magida Agro","url":"https:\/\/magida-agro.az\/","logo":{"@type":"ImageObject","inLanguage":"az","@id":"https:\/\/magida-agro.az\/#\/schema\/logo\/image\/","url":"https:\/\/magida-agro.az\/wp-content\/uploads\/2025\/02\/cropped-207768526-1.png","contentUrl":"https:\/\/magida-agro.az\/wp-content\/uploads\/2025\/02\/cropped-207768526-1.png","width":1000,"height":998,"caption":"Magida Agro"},"image":{"@id":"https:\/\/magida-agro.az\/#\/schema\/logo\/image\/"}}]}},"_links":{"self":[{"href":"https:\/\/magida-agro.az\/az\/wp-json\/wp\/v2\/product\/5188","targetHints":{"allow":["GET"]}}],"collection":[{"href":"https:\/\/magida-agro.az\/az\/wp-json\/wp\/v2\/product"}],"about":[{"href":"https:\/\/magida-agro.az\/az\/wp-json\/wp\/v2\/types\/product"}],"replies":[{"embeddable":true,"href":"https:\/\/magida-agro.az\/az\/wp-json\/wp\/v2\/comments?post=5188"}],"wp:featuredmedia":[{"embeddable":true,"href":"https:\/\/magida-agro.az\/az\/wp-json\/wp\/v2\/media\/5395"}],"wp:attachment":[{"href":"https:\/\/magida-agro.az\/az\/wp-json\/wp\/v2\/media?parent=5188"}],"wp:term":[{"taxonomy":"product_brand","embeddable":true,"href":"https:\/\/magida-agro.az\/az\/wp-json\/wp\/v2\/product_brand?post=5188"},{"taxonomy":"product_cat","embeddable":true,"href":"https:\/\/magida-agro.az\/az\/wp-json\/wp\/v2\/product_cat?post=5188"},{"taxonomy":"product_tag","embeddable":true,"href":"https:\/\/magida-agro.az\/az\/wp-json\/wp\/v2\/product_tag?post=5188"}],"curies":[{"name":"wp","href":"https:\/\/api.w.org\/{rel}","templated":true}]}}