{"id":5190,"date":"2025-03-10T13:19:57","date_gmt":"2025-03-10T13:19:57","guid":{"rendered":"https:\/\/magida-agro.az\/?post_type=product&#038;p=5190"},"modified":"2025-10-02T18:07:16","modified_gmt":"2025-10-02T18:07:16","slug":"sthenos","status":"publish","type":"product","link":"https:\/\/magida-agro.az\/az\/product\/sthenos\/","title":{"rendered":"Sthenos"},"content":{"rendered":"","protected":false},"excerpt":{"rendered":"<h3><strong><span dir=\"auto\" style=\"vertical-align: inherit;\"><span dir=\"auto\" style=\"vertical-align: inherit;\">Meyv\u0259l\u0259ri g\u00fcn\u0259\u015fd\u0259n qorumaq \u00fc\u00e7\u00fcn kompleks kalsium v\u0259 dig\u0259r <\/span><\/span><\/strong><br \/>\n<strong><span dir=\"auto\" style=\"vertical-align: inherit;\"><span dir=\"auto\" style=\"vertical-align: inherit;\">birl\u0259\u015fm\u0259l\u0259rind\u0259n haz\u0131rlanm\u0131\u015f fotoqoruyucu potensiala malik olan <\/span><\/span><\/strong><br \/>\n<strong><span dir=\"auto\" style=\"vertical-align: inherit;\"><span dir=\"auto\" style=\"vertical-align: inherit;\">suspoemulsiyas\u0131d\u0131r (SE).<\/span><\/span><\/strong><\/h3>\n<p><span dir=\"auto\" style=\"vertical-align: inherit;\"><span dir=\"auto\" style=\"vertical-align: inherit;\">Meyv\u0259 s\u0259thi \u00fczvi qoruyucular \u0438 \u0430\u043d\u0442\u0438\u043e\u043a\u0441\u0438\u0434\u0430\u043d\u0442\u043d\u044b\u0439 \u0432\u0430\u0441\u0438\u0442\u0259sil\u0259 g\u00fcn\u0259\u015f <\/span><\/span><br \/>\n<span dir=\"auto\" style=\"vertical-align: inherit;\"><span dir=\"auto\" style=\"vertical-align: inherit;\">radiasiyas\u0131n\u0131n t\u0259sirini udmaqla z\u0259ifl\u0259dir. <\/span><\/span><br \/>\n<span dir=\"auto\" style=\"vertical-align: inherit;\"><span dir=\"auto\" style=\"vertical-align: inherit;\">\u041e, meyv\u0259nin s\u0259thinin tempaturunu azald\u0131r v\u0259 oksidl\u0259\u015fdirici <\/span><\/span><br \/>\n<span dir=\"auto\" style=\"vertical-align: inherit;\"><span dir=\"auto\" style=\"vertical-align: inherit;\">z\u0259d\u0259l\u0259nm\u0259nisind\u0259n qoruyur. \u041a\u0430\u043b\u044c\u0446\u0438\u0439 \u0438\u043b\u0438 \u0441\u0438\u043d\u0435\u0440\u0433\u0435\u0442\u0438\u043a, \u043a\u043e\u0442\u043e\u0440\u044b\u0439 \u0438\u0441\u043f\u043e\u043b\u044c\u0437\u0443\u0435\u0442\u0441\u044f \u0432 \u043a\u0430\u0447\u0435\u0441\u0442\u0432\u0435 \u0441\u0438\u043d\u0435\u0440\u0433\u0435\u0442\u0438\u0447\u0435\u0441\u043a\u043e\u0433\u043e \u043f\u0440\u0435\u043f\u0430\u0440\u0430\u0442\u0430, \u043c\u043e\u0436\u0435\u0442 \u0431\u044b\u0442\u044c <\/span><\/span><br \/>\n<span dir=\"auto\" style=\"vertical-align: inherit;\"><span dir=\"auto\" style=\"vertical-align: inherit;\">\u0438\u0441\u043f\u043e\u043b\u044c\u0437\u043e\u0432\u0430\u043d \u0432 \u043a\u0430\u0447\u0435\u0441\u0442\u0432\u0435 \u0431\u0438\u043e\u0442\u0438\u043a\u0430\/\u0430\u0431\u0438\u043e\u0442\u0438\u043a\u0430 <\/span><\/span><br \/>\n<span dir=\"auto\" style=\"vertical-align: inherit;\"><span dir=\"auto\" style=\"vertical-align: inherit;\">\u0434\u043b\u044f \u0441\u0442\u0440\u0435\u0441\u0441\u0430 (\u0442\u0435\u0440\u043c\u0430\u043b\u044c\u043d\u044b\u0439, \u0445\u0438\u0434\u0440\u0438\u043a) \u0434\u043b\u044f \u043b\u0435\u0447\u0435\u043d\u0438\u044f, \u0432 \u0440\u0435\u0437\u0443\u043b\u044c\u0442\u0430\u0442\u0435 \u0447\u0435\u0433\u043e \u043a\u0430\u043b\u044c\u0446\u0438\u0439 \u043c\u043e\u0436\u0435\u0442 <\/span><\/span><br \/>\n<span dir=\"auto\" style=\"vertical-align: inherit;\"><span dir=\"auto\" style=\"vertical-align: inherit;\">\u0431\u044b\u0442\u044c \u0438\u0441\u043f\u043e\u043b\u044c\u0437\u043e\u0432\u0430\u043d \u0432 \u043a\u0430\u0447\u0435\u0441\u0442\u0432\u0435 \u0441\u0438\u043d\u0435\u0440\u0433\u0435\u0442\u0438\u043a\u0430. ba\u011fl\u0131 olan fiziopatoloji g\u00f6r\u00fcn\u00fc\u015f\u00fcn\u00fc azald\u0131r.<\/span><\/span><\/p>","protected":false},"featured_media":5393,"comment_status":"open","ping_status":"closed","template":"","meta":[],"product_brand":[],"product_cat":[25],"product_tag":[],"class_list":{"0":"post-5190","1":"product","2":"type-product","3":"status-publish","4":"has-post-thumbnail","6":"product_cat-organic-foods","8":"first","9":"instock","10":"shipping-taxable","11":"purchasable","12":"product-type-variable"},"yoast_head":"<!-- This site is optimized with the Yoast SEO plugin v26.4 - https:\/\/yoast.com\/wordpress\/plugins\/seo\/ -->\n<title>Sthenos - Magida Agro<\/title>\n<meta name=\"robots\" content=\"index, follow, max-snippet:-1, max-image-preview:large, max-video-preview:-1\" \/>\n<link rel=\"canonical\" href=\"https:\/\/magida-agro.az\/az\/product\/sthenos\/\" \/>\n<meta property=\"og:locale\" content=\"az_AZ\" \/>\n<meta property=\"og:type\" content=\"article\" \/>\n<meta property=\"og:title\" content=\"Sthenos - Magida Agro\" \/>\n<meta property=\"og:description\" content=\"Meyv\u0259l\u0259ri g\u00fcn\u0259\u015fd\u0259n qorumaq \u00fc\u00e7\u00fcn kompleks kalsium v\u0259 dig\u0259r  birl\u0259\u015fm\u0259l\u0259rind\u0259n haz\u0131rlanm\u0131\u015f fotoqoruyucu potensiala malik olan  suspoemulsiyas\u0131d\u0131r (SE). Meyv\u0259 s\u0259thi \u00fczvi qoruyucular \u0438 \u0430\u043d\u0442\u0438\u043e\u043a\u0441\u0438\u0434\u0430\u043d\u0442\u043d\u044b\u0439 \u0432\u0430\u0441\u0438\u0442\u0259sil\u0259 g\u00fcn\u0259\u015f  radiasiyas\u0131n\u0131n t\u0259sirini udmaqla z\u0259ifl\u0259dir.  \u041e, meyv\u0259nin s\u0259thinin tempaturunu azald\u0131r v\u0259 oksidl\u0259\u015fdirici  z\u0259d\u0259l\u0259nm\u0259nisind\u0259n qoruyur. \u041a\u0430\u043b\u044c\u0446\u0438\u0439 \u0438\u043b\u0438 \u0441\u0438\u043d\u0435\u0440\u0433\u0435\u0442\u0438\u043a, \u043a\u043e\u0442\u043e\u0440\u044b\u0439 \u0438\u0441\u043f\u043e\u043b\u044c\u0437\u0443\u0435\u0442\u0441\u044f \u0432 \u043a\u0430\u0447\u0435\u0441\u0442\u0432\u0435 \u0441\u0438\u043d\u0435\u0440\u0433\u0435\u0442\u0438\u0447\u0435\u0441\u043a\u043e\u0433\u043e \u043f\u0440\u0435\u043f\u0430\u0440\u0430\u0442\u0430, \u043c\u043e\u0436\u0435\u0442 \u0431\u044b\u0442\u044c  \u0438\u0441\u043f\u043e\u043b\u044c\u0437\u043e\u0432\u0430\u043d \u0432 \u043a\u0430\u0447\u0435\u0441\u0442\u0432\u0435 \u0431\u0438\u043e\u0442\u0438\u043a\u0430\/\u0430\u0431\u0438\u043e\u0442\u0438\u043a\u0430  \u0434\u043b\u044f \u0441\u0442\u0440\u0435\u0441\u0441\u0430 (\u0442\u0435\u0440\u043c\u0430\u043b\u044c\u043d\u044b\u0439, \u0445\u0438\u0434\u0440\u0438\u043a) \u0434\u043b\u044f \u043b\u0435\u0447\u0435\u043d\u0438\u044f, \u0432 \u0440\u0435\u0437\u0443\u043b\u044c\u0442\u0430\u0442\u0435 \u0447\u0435\u0433\u043e \u043a\u0430\u043b\u044c\u0446\u0438\u0439 \u043c\u043e\u0436\u0435\u0442  \u0431\u044b\u0442\u044c \u0438\u0441\u043f\u043e\u043b\u044c\u0437\u043e\u0432\u0430\u043d \u0432 \u043a\u0430\u0447\u0435\u0441\u0442\u0432\u0435 \u0441\u0438\u043d\u0435\u0440\u0433\u0435\u0442\u0438\u043a\u0430. ba\u011fl\u0131 olan fiziopatoloji g\u00f6r\u00fcn\u00fc\u015f\u00fcn\u00fc azald\u0131r.\" \/>\n<meta property=\"og:url\" content=\"https:\/\/magida-agro.az\/az\/product\/sthenos\/\" \/>\n<meta property=\"og:site_name\" content=\"Magida Agro\" \/>\n<meta property=\"article:modified_time\" content=\"2025-10-02T18:07:16+00:00\" \/>\n<meta property=\"og:image\" content=\"https:\/\/magida-agro.az\/wp-content\/uploads\/2025\/03\/sthenos-productos-coda-sas.jpg\" \/>\n\t<meta property=\"og:image:width\" content=\"1000\" \/>\n\t<meta property=\"og:image:height\" content=\"1000\" \/>\n\t<meta property=\"og:image:type\" content=\"image\/jpeg\" \/>\n<meta name=\"twitter:card\" content=\"summary_large_image\" \/>\n<meta name=\"twitter:label1\" content=\"Est. reading time\" \/>\n\t<meta name=\"twitter:data1\" content=\"1 minute\" \/>\n<script type=\"application\/ld+json\" class=\"yoast-schema-graph\">{\"@context\":\"https:\/\/schema.org\",\"@graph\":[{\"@type\":\"WebPage\",\"@id\":\"https:\/\/magida-agro.az\/product\/sthenos\/\",\"url\":\"https:\/\/magida-agro.az\/product\/sthenos\/\",\"name\":\"Sthenos - Magida Agro\",\"isPartOf\":{\"@id\":\"https:\/\/magida-agro.az\/#website\"},\"primaryImageOfPage\":{\"@id\":\"https:\/\/magida-agro.az\/product\/sthenos\/#primaryimage\"},\"image\":{\"@id\":\"https:\/\/magida-agro.az\/product\/sthenos\/#primaryimage\"},\"thumbnailUrl\":\"https:\/\/magida-agro.az\/wp-content\/uploads\/2025\/03\/sthenos-productos-coda-sas.jpg\",\"datePublished\":\"2025-03-10T13:19:57+00:00\",\"dateModified\":\"2025-10-02T18:07:16+00:00\",\"breadcrumb\":{\"@id\":\"https:\/\/magida-agro.az\/product\/sthenos\/#breadcrumb\"},\"inLanguage\":\"az\",\"potentialAction\":[{\"@type\":\"ReadAction\",\"target\":[\"https:\/\/magida-agro.az\/product\/sthenos\/\"]}]},{\"@type\":\"ImageObject\",\"inLanguage\":\"az\",\"@id\":\"https:\/\/magida-agro.az\/product\/sthenos\/#primaryimage\",\"url\":\"https:\/\/magida-agro.az\/wp-content\/uploads\/2025\/03\/sthenos-productos-coda-sas.jpg\",\"contentUrl\":\"https:\/\/magida-agro.az\/wp-content\/uploads\/2025\/03\/sthenos-productos-coda-sas.jpg\",\"width\":1000,\"height\":1000},{\"@type\":\"BreadcrumbList\",\"@id\":\"https:\/\/magida-agro.az\/product\/sthenos\/#breadcrumb\",\"itemListElement\":[{\"@type\":\"ListItem\",\"position\":1,\"name\":\"Home\",\"item\":\"https:\/\/magida-agro.az\/\"},{\"@type\":\"ListItem\",\"position\":2,\"name\":\"Shop\",\"item\":\"https:\/\/magida-agro.az\/shop\/\"},{\"@type\":\"ListItem\",\"position\":3,\"name\":\"Sthenos\"}]},{\"@type\":\"WebSite\",\"@id\":\"https:\/\/magida-agro.az\/#website\",\"url\":\"https:\/\/magida-agro.az\/\",\"name\":\"Magida Agro\",\"description\":\"\",\"publisher\":{\"@id\":\"https:\/\/magida-agro.az\/#organization\"},\"potentialAction\":[{\"@type\":\"SearchAction\",\"target\":{\"@type\":\"EntryPoint\",\"urlTemplate\":\"https:\/\/magida-agro.az\/?s={search_term_string}\"},\"query-input\":{\"@type\":\"PropertyValueSpecification\",\"valueRequired\":true,\"valueName\":\"search_term_string\"}}],\"inLanguage\":\"az\"},{\"@type\":\"Organization\",\"@id\":\"https:\/\/magida-agro.az\/#organization\",\"name\":\"Magida Agro\",\"url\":\"https:\/\/magida-agro.az\/\",\"logo\":{\"@type\":\"ImageObject\",\"inLanguage\":\"az\",\"@id\":\"https:\/\/magida-agro.az\/#\/schema\/logo\/image\/\",\"url\":\"https:\/\/magida-agro.az\/wp-content\/uploads\/2025\/02\/cropped-207768526-1.png\",\"contentUrl\":\"https:\/\/magida-agro.az\/wp-content\/uploads\/2025\/02\/cropped-207768526-1.png\",\"width\":1000,\"height\":998,\"caption\":\"Magida Agro\"},\"image\":{\"@id\":\"https:\/\/magida-agro.az\/#\/schema\/logo\/image\/\"}}]}<\/script>\n<!-- \/ Yoast SEO plugin. -->","yoast_head_json":{"title":"Sthenos - Magida Agro","robots":{"index":"index","follow":"follow","max-snippet":"max-snippet:-1","max-image-preview":"max-image-preview:large","max-video-preview":"max-video-preview:-1"},"canonical":"https:\/\/magida-agro.az\/az\/product\/sthenos\/","og_locale":"az_AZ","og_type":"article","og_title":"Sthenos - Magida Agro","og_description":"Meyv\u0259l\u0259ri g\u00fcn\u0259\u015fd\u0259n qorumaq \u00fc\u00e7\u00fcn kompleks kalsium v\u0259 dig\u0259r  birl\u0259\u015fm\u0259l\u0259rind\u0259n haz\u0131rlanm\u0131\u015f fotoqoruyucu potensiala malik olan  suspoemulsiyas\u0131d\u0131r (SE). Meyv\u0259 s\u0259thi \u00fczvi qoruyucular \u0438 \u0430\u043d\u0442\u0438\u043e\u043a\u0441\u0438\u0434\u0430\u043d\u0442\u043d\u044b\u0439 \u0432\u0430\u0441\u0438\u0442\u0259sil\u0259 g\u00fcn\u0259\u015f  radiasiyas\u0131n\u0131n t\u0259sirini udmaqla z\u0259ifl\u0259dir.  \u041e, meyv\u0259nin s\u0259thinin tempaturunu azald\u0131r v\u0259 oksidl\u0259\u015fdirici  z\u0259d\u0259l\u0259nm\u0259nisind\u0259n qoruyur. \u041a\u0430\u043b\u044c\u0446\u0438\u0439 \u0438\u043b\u0438 \u0441\u0438\u043d\u0435\u0440\u0433\u0435\u0442\u0438\u043a, \u043a\u043e\u0442\u043e\u0440\u044b\u0439 \u0438\u0441\u043f\u043e\u043b\u044c\u0437\u0443\u0435\u0442\u0441\u044f \u0432 \u043a\u0430\u0447\u0435\u0441\u0442\u0432\u0435 \u0441\u0438\u043d\u0435\u0440\u0433\u0435\u0442\u0438\u0447\u0435\u0441\u043a\u043e\u0433\u043e \u043f\u0440\u0435\u043f\u0430\u0440\u0430\u0442\u0430, \u043c\u043e\u0436\u0435\u0442 \u0431\u044b\u0442\u044c  \u0438\u0441\u043f\u043e\u043b\u044c\u0437\u043e\u0432\u0430\u043d \u0432 \u043a\u0430\u0447\u0435\u0441\u0442\u0432\u0435 \u0431\u0438\u043e\u0442\u0438\u043a\u0430\/\u0430\u0431\u0438\u043e\u0442\u0438\u043a\u0430  \u0434\u043b\u044f \u0441\u0442\u0440\u0435\u0441\u0441\u0430 (\u0442\u0435\u0440\u043c\u0430\u043b\u044c\u043d\u044b\u0439, \u0445\u0438\u0434\u0440\u0438\u043a) \u0434\u043b\u044f \u043b\u0435\u0447\u0435\u043d\u0438\u044f, \u0432 \u0440\u0435\u0437\u0443\u043b\u044c\u0442\u0430\u0442\u0435 \u0447\u0435\u0433\u043e \u043a\u0430\u043b\u044c\u0446\u0438\u0439 \u043c\u043e\u0436\u0435\u0442  \u0431\u044b\u0442\u044c \u0438\u0441\u043f\u043e\u043b\u044c\u0437\u043e\u0432\u0430\u043d \u0432 \u043a\u0430\u0447\u0435\u0441\u0442\u0432\u0435 \u0441\u0438\u043d\u0435\u0440\u0433\u0435\u0442\u0438\u043a\u0430. ba\u011fl\u0131 olan fiziopatoloji g\u00f6r\u00fcn\u00fc\u015f\u00fcn\u00fc azald\u0131r.","og_url":"https:\/\/magida-agro.az\/az\/product\/sthenos\/","og_site_name":"Magida Agro","article_modified_time":"2025-10-02T18:07:16+00:00","og_image":[{"width":1000,"height":1000,"url":"https:\/\/magida-agro.az\/wp-content\/uploads\/2025\/03\/sthenos-productos-coda-sas.jpg","type":"image\/jpeg"}],"twitter_card":"summary_large_image","twitter_misc":{"Est. reading time":"1 minute"},"schema":{"@context":"https:\/\/schema.org","@graph":[{"@type":"WebPage","@id":"https:\/\/magida-agro.az\/product\/sthenos\/","url":"https:\/\/magida-agro.az\/product\/sthenos\/","name":"Sthenos - Magida Agro","isPartOf":{"@id":"https:\/\/magida-agro.az\/#website"},"primaryImageOfPage":{"@id":"https:\/\/magida-agro.az\/product\/sthenos\/#primaryimage"},"image":{"@id":"https:\/\/magida-agro.az\/product\/sthenos\/#primaryimage"},"thumbnailUrl":"https:\/\/magida-agro.az\/wp-content\/uploads\/2025\/03\/sthenos-productos-coda-sas.jpg","datePublished":"2025-03-10T13:19:57+00:00","dateModified":"2025-10-02T18:07:16+00:00","breadcrumb":{"@id":"https:\/\/magida-agro.az\/product\/sthenos\/#breadcrumb"},"inLanguage":"az","potentialAction":[{"@type":"ReadAction","target":["https:\/\/magida-agro.az\/product\/sthenos\/"]}]},{"@type":"ImageObject","inLanguage":"az","@id":"https:\/\/magida-agro.az\/product\/sthenos\/#primaryimage","url":"https:\/\/magida-agro.az\/wp-content\/uploads\/2025\/03\/sthenos-productos-coda-sas.jpg","contentUrl":"https:\/\/magida-agro.az\/wp-content\/uploads\/2025\/03\/sthenos-productos-coda-sas.jpg","width":1000,"height":1000},{"@type":"BreadcrumbList","@id":"https:\/\/magida-agro.az\/product\/sthenos\/#breadcrumb","itemListElement":[{"@type":"ListItem","position":1,"name":"Home","item":"https:\/\/magida-agro.az\/"},{"@type":"ListItem","position":2,"name":"Shop","item":"https:\/\/magida-agro.az\/shop\/"},{"@type":"ListItem","position":3,"name":"Sthenos"}]},{"@type":"WebSite","@id":"https:\/\/magida-agro.az\/#website","url":"https:\/\/magida-agro.az\/","name":"Magida Agro","description":"","publisher":{"@id":"https:\/\/magida-agro.az\/#organization"},"potentialAction":[{"@type":"SearchAction","target":{"@type":"EntryPoint","urlTemplate":"https:\/\/magida-agro.az\/?s={search_term_string}"},"query-input":{"@type":"PropertyValueSpecification","valueRequired":true,"valueName":"search_term_string"}}],"inLanguage":"az"},{"@type":"Organization","@id":"https:\/\/magida-agro.az\/#organization","name":"Magida Agro","url":"https:\/\/magida-agro.az\/","logo":{"@type":"ImageObject","inLanguage":"az","@id":"https:\/\/magida-agro.az\/#\/schema\/logo\/image\/","url":"https:\/\/magida-agro.az\/wp-content\/uploads\/2025\/02\/cropped-207768526-1.png","contentUrl":"https:\/\/magida-agro.az\/wp-content\/uploads\/2025\/02\/cropped-207768526-1.png","width":1000,"height":998,"caption":"Magida Agro"},"image":{"@id":"https:\/\/magida-agro.az\/#\/schema\/logo\/image\/"}}]}},"_links":{"self":[{"href":"https:\/\/magida-agro.az\/az\/wp-json\/wp\/v2\/product\/5190","targetHints":{"allow":["GET"]}}],"collection":[{"href":"https:\/\/magida-agro.az\/az\/wp-json\/wp\/v2\/product"}],"about":[{"href":"https:\/\/magida-agro.az\/az\/wp-json\/wp\/v2\/types\/product"}],"replies":[{"embeddable":true,"href":"https:\/\/magida-agro.az\/az\/wp-json\/wp\/v2\/comments?post=5190"}],"wp:featuredmedia":[{"embeddable":true,"href":"https:\/\/magida-agro.az\/az\/wp-json\/wp\/v2\/media\/5393"}],"wp:attachment":[{"href":"https:\/\/magida-agro.az\/az\/wp-json\/wp\/v2\/media?parent=5190"}],"wp:term":[{"taxonomy":"product_brand","embeddable":true,"href":"https:\/\/magida-agro.az\/az\/wp-json\/wp\/v2\/product_brand?post=5190"},{"taxonomy":"product_cat","embeddable":true,"href":"https:\/\/magida-agro.az\/az\/wp-json\/wp\/v2\/product_cat?post=5190"},{"taxonomy":"product_tag","embeddable":true,"href":"https:\/\/magida-agro.az\/az\/wp-json\/wp\/v2\/product_tag?post=5190"}],"curies":[{"name":"wp","href":"https:\/\/api.w.org\/{rel}","templated":true}]}}