{"id":5192,"date":"2025-03-10T13:29:51","date_gmt":"2025-03-10T13:29:51","guid":{"rendered":"https:\/\/magida-agro.az\/?post_type=product&#038;p=5192"},"modified":"2025-10-02T20:17:42","modified_gmt":"2025-10-02T20:17:42","slug":"eurotim-mppa-duo-10-18-12","status":"publish","type":"product","link":"https:\/\/magida-agro.az\/az\/product\/eurotim-mppa-duo-10-18-12\/","title":{"rendered":"Eurotim MPPA DUO 10-18-12"},"content":{"rendered":"","protected":false},"excerpt":{"rendered":"<h3><strong>MPPA DUO kompleksi t\u0259rkibli NPK g\u00fcbr\u0259si qorunan fosfor, k\u00fck\u00fcrd v\u0259 sink komponentl\u0259ri<\/strong><br \/>\n<strong>il\u0259 z\u0259nginl\u0259\u015fdirilmi\u015fdir.<\/strong><\/h3>\n<p>\u2756 Fosfor \u00e7at\u0131\u015fmazl\u0131\u011f\u0131 olan torpaqlar\u0131n yax\u015f\u0131la\u015fd\u0131r\u0131lmas\u0131 \u00fc\u00e7\u00fcn x\u00fcsusil\u0259 effektivdir;<br \/>\n\u2756 Bitkil\u0259r t\u0259r\u0259find\u0259n asanl\u0131qla m\u0259nims\u0259nil\u0259 bil\u0259n sink (Zn) v\u0259 k\u00fck\u00fcrd t\u0259rkiblidir (S);<br \/>\n\u2756 MPPA kompleksi say\u0259sind\u0259 Eurotim m\u00fcxt\u0259lif torpaq tipl\u0259rin\u0259 uy\u011funla\u015f\u0131r;<br \/>\n\u2756 MPPA DUO kompleksi g\u00fcbr\u0259d\u0259ki fosforu qoruyur, onu h\u0259m q\u0259l\u0259vi, h\u0259m d\u0259 tur\u015f torpaqlarda<br \/>\nba\u011flanmadan saxlay\u0131r;<br \/>\n\u2756 Eurotim t\u0259rkibind\u0259ki qida madd\u0259l\u0259ri bitkil\u0259r \u00fc\u00e7\u00fcn tam \u0259l\u00e7atand\u0131r;<br \/>\n\u2756 Eurotim il\u0259 g\u00fcbr\u0259l\u0259nmi\u015f torpaqlarda bitkil\u0259rin b\u00f6y\u00fcm\u0259si n\u0259z\u0259r\u0259\u00e7arpacaq d\u0259r\u0259c\u0259d\u0259<br \/>\ns\u00fcr\u0259tl\u0259nir v\u0259 daha g\u00fccl\u00fc inki\u015faf edir;<br \/>\n\u2756 Optimal qida m\u0259nims\u0259nilm\u0259si n\u0259tic\u0259sind\u0259 m\u0259hsuldarl\u0131q \u0259h\u0259miyy\u0259tli d\u0259r\u0259c\u0259d\u0259 art\u0131r.<\/p>","protected":false},"featured_media":5391,"comment_status":"open","ping_status":"closed","template":"","meta":[],"product_brand":[],"product_cat":[21],"product_tag":[],"class_list":{"0":"post-5192","1":"product","2":"type-product","3":"status-publish","4":"has-post-thumbnail","6":"product_cat-fresh-berries","8":"first","9":"instock","10":"shipping-taxable","11":"purchasable","12":"product-type-variable"},"yoast_head":"<!-- This site is optimized with the Yoast SEO plugin v26.4 - https:\/\/yoast.com\/wordpress\/plugins\/seo\/ -->\n<title>Eurotim MPPA DUO 10-18-12 - Magida Agro<\/title>\n<meta name=\"robots\" content=\"index, follow, max-snippet:-1, max-image-preview:large, max-video-preview:-1\" \/>\n<link rel=\"canonical\" href=\"https:\/\/magida-agro.az\/az\/product\/eurotim-mppa-duo-10-18-12\/\" \/>\n<meta property=\"og:locale\" content=\"az_AZ\" \/>\n<meta property=\"og:type\" content=\"article\" \/>\n<meta property=\"og:title\" content=\"Eurotim MPPA DUO 10-18-12 - Magida Agro\" \/>\n<meta property=\"og:description\" content=\"MPPA DUO kompleksi t\u0259rkibli NPK g\u00fcbr\u0259si qorunan fosfor, k\u00fck\u00fcrd v\u0259 sink komponentl\u0259ri il\u0259 z\u0259nginl\u0259\u015fdirilmi\u015fdir. \u2756 Fosfor \u00e7at\u0131\u015fmazl\u0131\u011f\u0131 olan torpaqlar\u0131n yax\u015f\u0131la\u015fd\u0131r\u0131lmas\u0131 \u00fc\u00e7\u00fcn x\u00fcsusil\u0259 effektivdir; \u2756 Bitkil\u0259r t\u0259r\u0259find\u0259n asanl\u0131qla m\u0259nims\u0259nil\u0259 bil\u0259n sink (Zn) v\u0259 k\u00fck\u00fcrd t\u0259rkiblidir (S); \u2756 MPPA kompleksi say\u0259sind\u0259 Eurotim m\u00fcxt\u0259lif torpaq tipl\u0259rin\u0259 uy\u011funla\u015f\u0131r; \u2756 MPPA DUO kompleksi g\u00fcbr\u0259d\u0259ki fosforu qoruyur, onu h\u0259m q\u0259l\u0259vi, h\u0259m d\u0259 tur\u015f torpaqlarda ba\u011flanmadan saxlay\u0131r; \u2756 Eurotim t\u0259rkibind\u0259ki qida madd\u0259l\u0259ri bitkil\u0259r \u00fc\u00e7\u00fcn tam \u0259l\u00e7atand\u0131r; \u2756 Eurotim il\u0259 g\u00fcbr\u0259l\u0259nmi\u015f torpaqlarda bitkil\u0259rin b\u00f6y\u00fcm\u0259si n\u0259z\u0259r\u0259\u00e7arpacaq d\u0259r\u0259c\u0259d\u0259 s\u00fcr\u0259tl\u0259nir v\u0259 daha g\u00fccl\u00fc inki\u015faf edir; \u2756 Optimal qida m\u0259nims\u0259nilm\u0259si n\u0259tic\u0259sind\u0259 m\u0259hsuldarl\u0131q \u0259h\u0259miyy\u0259tli d\u0259r\u0259c\u0259d\u0259 art\u0131r.\" \/>\n<meta property=\"og:url\" content=\"https:\/\/magida-agro.az\/az\/product\/eurotim-mppa-duo-10-18-12\/\" \/>\n<meta property=\"og:site_name\" content=\"Magida Agro\" \/>\n<meta property=\"article:modified_time\" content=\"2025-10-02T20:17:42+00:00\" \/>\n<meta property=\"og:image\" content=\"https:\/\/magida-agro.az\/wp-content\/uploads\/2025\/03\/IMG-20250406-WA0004.jpg\" \/>\n\t<meta property=\"og:image:width\" content=\"956\" \/>\n\t<meta property=\"og:image:height\" content=\"1280\" \/>\n\t<meta property=\"og:image:type\" content=\"image\/jpeg\" \/>\n<meta name=\"twitter:card\" content=\"summary_large_image\" \/>\n<script type=\"application\/ld+json\" class=\"yoast-schema-graph\">{\"@context\":\"https:\/\/schema.org\",\"@graph\":[{\"@type\":\"WebPage\",\"@id\":\"https:\/\/magida-agro.az\/product\/eurotim-mppa-duo-10-18-12\/\",\"url\":\"https:\/\/magida-agro.az\/product\/eurotim-mppa-duo-10-18-12\/\",\"name\":\"Eurotim MPPA DUO 10-18-12 - Magida Agro\",\"isPartOf\":{\"@id\":\"https:\/\/magida-agro.az\/#website\"},\"primaryImageOfPage\":{\"@id\":\"https:\/\/magida-agro.az\/product\/eurotim-mppa-duo-10-18-12\/#primaryimage\"},\"image\":{\"@id\":\"https:\/\/magida-agro.az\/product\/eurotim-mppa-duo-10-18-12\/#primaryimage\"},\"thumbnailUrl\":\"https:\/\/magida-agro.az\/wp-content\/uploads\/2025\/03\/IMG-20250406-WA0004.jpg\",\"datePublished\":\"2025-03-10T13:29:51+00:00\",\"dateModified\":\"2025-10-02T20:17:42+00:00\",\"breadcrumb\":{\"@id\":\"https:\/\/magida-agro.az\/product\/eurotim-mppa-duo-10-18-12\/#breadcrumb\"},\"inLanguage\":\"az\",\"potentialAction\":[{\"@type\":\"ReadAction\",\"target\":[\"https:\/\/magida-agro.az\/product\/eurotim-mppa-duo-10-18-12\/\"]}]},{\"@type\":\"ImageObject\",\"inLanguage\":\"az\",\"@id\":\"https:\/\/magida-agro.az\/product\/eurotim-mppa-duo-10-18-12\/#primaryimage\",\"url\":\"https:\/\/magida-agro.az\/wp-content\/uploads\/2025\/03\/IMG-20250406-WA0004.jpg\",\"contentUrl\":\"https:\/\/magida-agro.az\/wp-content\/uploads\/2025\/03\/IMG-20250406-WA0004.jpg\",\"width\":956,\"height\":1280},{\"@type\":\"BreadcrumbList\",\"@id\":\"https:\/\/magida-agro.az\/product\/eurotim-mppa-duo-10-18-12\/#breadcrumb\",\"itemListElement\":[{\"@type\":\"ListItem\",\"position\":1,\"name\":\"Home\",\"item\":\"https:\/\/magida-agro.az\/\"},{\"@type\":\"ListItem\",\"position\":2,\"name\":\"Shop\",\"item\":\"https:\/\/magida-agro.az\/shop\/\"},{\"@type\":\"ListItem\",\"position\":3,\"name\":\"Eurotim MPPA DUO 10-18-12\"}]},{\"@type\":\"WebSite\",\"@id\":\"https:\/\/magida-agro.az\/#website\",\"url\":\"https:\/\/magida-agro.az\/\",\"name\":\"Magida Agro\",\"description\":\"\",\"publisher\":{\"@id\":\"https:\/\/magida-agro.az\/#organization\"},\"potentialAction\":[{\"@type\":\"SearchAction\",\"target\":{\"@type\":\"EntryPoint\",\"urlTemplate\":\"https:\/\/magida-agro.az\/?s={search_term_string}\"},\"query-input\":{\"@type\":\"PropertyValueSpecification\",\"valueRequired\":true,\"valueName\":\"search_term_string\"}}],\"inLanguage\":\"az\"},{\"@type\":\"Organization\",\"@id\":\"https:\/\/magida-agro.az\/#organization\",\"name\":\"Magida Agro\",\"url\":\"https:\/\/magida-agro.az\/\",\"logo\":{\"@type\":\"ImageObject\",\"inLanguage\":\"az\",\"@id\":\"https:\/\/magida-agro.az\/#\/schema\/logo\/image\/\",\"url\":\"https:\/\/magida-agro.az\/wp-content\/uploads\/2025\/02\/cropped-207768526-1.png\",\"contentUrl\":\"https:\/\/magida-agro.az\/wp-content\/uploads\/2025\/02\/cropped-207768526-1.png\",\"width\":1000,\"height\":998,\"caption\":\"Magida Agro\"},\"image\":{\"@id\":\"https:\/\/magida-agro.az\/#\/schema\/logo\/image\/\"}}]}<\/script>\n<!-- \/ Yoast SEO plugin. -->","yoast_head_json":{"title":"Eurotim MPPA DUO 10-18-12 - Magida Agro","robots":{"index":"index","follow":"follow","max-snippet":"max-snippet:-1","max-image-preview":"max-image-preview:large","max-video-preview":"max-video-preview:-1"},"canonical":"https:\/\/magida-agro.az\/az\/product\/eurotim-mppa-duo-10-18-12\/","og_locale":"az_AZ","og_type":"article","og_title":"Eurotim MPPA DUO 10-18-12 - Magida Agro","og_description":"MPPA DUO kompleksi t\u0259rkibli NPK g\u00fcbr\u0259si qorunan fosfor, k\u00fck\u00fcrd v\u0259 sink komponentl\u0259ri il\u0259 z\u0259nginl\u0259\u015fdirilmi\u015fdir. \u2756 Fosfor \u00e7at\u0131\u015fmazl\u0131\u011f\u0131 olan torpaqlar\u0131n yax\u015f\u0131la\u015fd\u0131r\u0131lmas\u0131 \u00fc\u00e7\u00fcn x\u00fcsusil\u0259 effektivdir; \u2756 Bitkil\u0259r t\u0259r\u0259find\u0259n asanl\u0131qla m\u0259nims\u0259nil\u0259 bil\u0259n sink (Zn) v\u0259 k\u00fck\u00fcrd t\u0259rkiblidir (S); \u2756 MPPA kompleksi say\u0259sind\u0259 Eurotim m\u00fcxt\u0259lif torpaq tipl\u0259rin\u0259 uy\u011funla\u015f\u0131r; \u2756 MPPA DUO kompleksi g\u00fcbr\u0259d\u0259ki fosforu qoruyur, onu h\u0259m q\u0259l\u0259vi, h\u0259m d\u0259 tur\u015f torpaqlarda ba\u011flanmadan saxlay\u0131r; \u2756 Eurotim t\u0259rkibind\u0259ki qida madd\u0259l\u0259ri bitkil\u0259r \u00fc\u00e7\u00fcn tam \u0259l\u00e7atand\u0131r; \u2756 Eurotim il\u0259 g\u00fcbr\u0259l\u0259nmi\u015f torpaqlarda bitkil\u0259rin b\u00f6y\u00fcm\u0259si n\u0259z\u0259r\u0259\u00e7arpacaq d\u0259r\u0259c\u0259d\u0259 s\u00fcr\u0259tl\u0259nir v\u0259 daha g\u00fccl\u00fc inki\u015faf edir; \u2756 Optimal qida m\u0259nims\u0259nilm\u0259si n\u0259tic\u0259sind\u0259 m\u0259hsuldarl\u0131q \u0259h\u0259miyy\u0259tli d\u0259r\u0259c\u0259d\u0259 art\u0131r.","og_url":"https:\/\/magida-agro.az\/az\/product\/eurotim-mppa-duo-10-18-12\/","og_site_name":"Magida Agro","article_modified_time":"2025-10-02T20:17:42+00:00","og_image":[{"width":956,"height":1280,"url":"https:\/\/magida-agro.az\/wp-content\/uploads\/2025\/03\/IMG-20250406-WA0004.jpg","type":"image\/jpeg"}],"twitter_card":"summary_large_image","schema":{"@context":"https:\/\/schema.org","@graph":[{"@type":"WebPage","@id":"https:\/\/magida-agro.az\/product\/eurotim-mppa-duo-10-18-12\/","url":"https:\/\/magida-agro.az\/product\/eurotim-mppa-duo-10-18-12\/","name":"Eurotim MPPA DUO 10-18-12 - Magida Agro","isPartOf":{"@id":"https:\/\/magida-agro.az\/#website"},"primaryImageOfPage":{"@id":"https:\/\/magida-agro.az\/product\/eurotim-mppa-duo-10-18-12\/#primaryimage"},"image":{"@id":"https:\/\/magida-agro.az\/product\/eurotim-mppa-duo-10-18-12\/#primaryimage"},"thumbnailUrl":"https:\/\/magida-agro.az\/wp-content\/uploads\/2025\/03\/IMG-20250406-WA0004.jpg","datePublished":"2025-03-10T13:29:51+00:00","dateModified":"2025-10-02T20:17:42+00:00","breadcrumb":{"@id":"https:\/\/magida-agro.az\/product\/eurotim-mppa-duo-10-18-12\/#breadcrumb"},"inLanguage":"az","potentialAction":[{"@type":"ReadAction","target":["https:\/\/magida-agro.az\/product\/eurotim-mppa-duo-10-18-12\/"]}]},{"@type":"ImageObject","inLanguage":"az","@id":"https:\/\/magida-agro.az\/product\/eurotim-mppa-duo-10-18-12\/#primaryimage","url":"https:\/\/magida-agro.az\/wp-content\/uploads\/2025\/03\/IMG-20250406-WA0004.jpg","contentUrl":"https:\/\/magida-agro.az\/wp-content\/uploads\/2025\/03\/IMG-20250406-WA0004.jpg","width":956,"height":1280},{"@type":"BreadcrumbList","@id":"https:\/\/magida-agro.az\/product\/eurotim-mppa-duo-10-18-12\/#breadcrumb","itemListElement":[{"@type":"ListItem","position":1,"name":"Home","item":"https:\/\/magida-agro.az\/"},{"@type":"ListItem","position":2,"name":"Shop","item":"https:\/\/magida-agro.az\/shop\/"},{"@type":"ListItem","position":3,"name":"Eurotim MPPA DUO 10-18-12"}]},{"@type":"WebSite","@id":"https:\/\/magida-agro.az\/#website","url":"https:\/\/magida-agro.az\/","name":"Magida Agro","description":"","publisher":{"@id":"https:\/\/magida-agro.az\/#organization"},"potentialAction":[{"@type":"SearchAction","target":{"@type":"EntryPoint","urlTemplate":"https:\/\/magida-agro.az\/?s={search_term_string}"},"query-input":{"@type":"PropertyValueSpecification","valueRequired":true,"valueName":"search_term_string"}}],"inLanguage":"az"},{"@type":"Organization","@id":"https:\/\/magida-agro.az\/#organization","name":"Magida Agro","url":"https:\/\/magida-agro.az\/","logo":{"@type":"ImageObject","inLanguage":"az","@id":"https:\/\/magida-agro.az\/#\/schema\/logo\/image\/","url":"https:\/\/magida-agro.az\/wp-content\/uploads\/2025\/02\/cropped-207768526-1.png","contentUrl":"https:\/\/magida-agro.az\/wp-content\/uploads\/2025\/02\/cropped-207768526-1.png","width":1000,"height":998,"caption":"Magida Agro"},"image":{"@id":"https:\/\/magida-agro.az\/#\/schema\/logo\/image\/"}}]}},"_links":{"self":[{"href":"https:\/\/magida-agro.az\/az\/wp-json\/wp\/v2\/product\/5192","targetHints":{"allow":["GET"]}}],"collection":[{"href":"https:\/\/magida-agro.az\/az\/wp-json\/wp\/v2\/product"}],"about":[{"href":"https:\/\/magida-agro.az\/az\/wp-json\/wp\/v2\/types\/product"}],"replies":[{"embeddable":true,"href":"https:\/\/magida-agro.az\/az\/wp-json\/wp\/v2\/comments?post=5192"}],"wp:featuredmedia":[{"embeddable":true,"href":"https:\/\/magida-agro.az\/az\/wp-json\/wp\/v2\/media\/5391"}],"wp:attachment":[{"href":"https:\/\/magida-agro.az\/az\/wp-json\/wp\/v2\/media?parent=5192"}],"wp:term":[{"taxonomy":"product_brand","embeddable":true,"href":"https:\/\/magida-agro.az\/az\/wp-json\/wp\/v2\/product_brand?post=5192"},{"taxonomy":"product_cat","embeddable":true,"href":"https:\/\/magida-agro.az\/az\/wp-json\/wp\/v2\/product_cat?post=5192"},{"taxonomy":"product_tag","embeddable":true,"href":"https:\/\/magida-agro.az\/az\/wp-json\/wp\/v2\/product_tag?post=5192"}],"curies":[{"name":"wp","href":"https:\/\/api.w.org\/{rel}","templated":true}]}}