{"id":5194,"date":"2025-03-10T13:31:58","date_gmt":"2025-03-10T13:31:58","guid":{"rendered":"https:\/\/magida-agro.az\/?post_type=product&#038;p=5194"},"modified":"2025-10-02T20:11:54","modified_gmt":"2025-10-02T20:11:54","slug":"grogreen-gel-starter-16-69-16-micronutrients","status":"publish","type":"product","link":"https:\/\/magida-agro.az\/az\/product\/grogreen-gel-starter-16-69-16-micronutrients\/","title":{"rendered":"Grogreen Gel Starter 16-69-16 + micronutrients"},"content":{"rendered":"","protected":false},"excerpt":{"rendered":"<h3><strong>M\u0259hsul suda tamamil\u0259 h\u0259ll oland\u0131r. S\u0131xl\u0131q: +\/- 1.64 kg\/l<\/strong><br \/>\n<strong>pH (1g\/l 200C) \u2013 2.3<\/strong><br \/>\n<strong>EC (mS\/cm 1g\/l 200C): 0.57<\/strong><br \/>\n<strong>Suda h\u0259ll olunmas\u0131 (200C): 200 g\/l<\/strong><\/h3>\n<p>GROGREEN GEL Starter, transplantasiya, k\u00f6k inki\u015faf\u0131 v\u0259 \u00e7i\u00e7\u0259kl\u0259m\u0259 kimi kifay\u0259t<br \/>\nq\u0259d\u0259r fosfat q\u0259bulunun vacib oldu\u011fu m\u0259rh\u0259l\u0259l\u0259r \u00fc\u00e7\u00fcn t\u0259rkibind\u0259 y\u00fcks\u0259k fosfor v\u0259<br \/>\nmikro elementl\u0259r olan NPK g\u00fcbr\u0259sidir;<br \/>\nG\u00fcbr\u0259nin bel\u0259 bir formala\u015fd\u0131r\u0131lmas\u0131 k\u00f6k sisteminin qorunmas\u0131n\u0131 t\u0259min edir;<br \/>\n\u0130ntensiv inki\u015faf\u0131 t\u0259min edir;<br \/>\nG\u00fcbr\u0259 bitki \u00fc\u00e7\u00fcn laz\u0131m olan b\u00fct\u00fcn mikro v\u0259 makro elementl\u0259ri \u00f6z\u00fcnd\u0259 ehtiva edir;<br \/>\n\u018fvv\u0259ld\u0259n bitkinin sa\u011flam inki\u015faf\u0131n\u0131 t\u0259min ed\u0259n elementl\u0259rl\u0259 z\u0259ngindir;<br \/>\n\u00c7i\u00e7\u0259kl\u0259nm\u0259ni stimulla\u015fd\u0131r\u0131r v\u0259 r\u00fc\u015feym itkisinin qar\u015f\u0131s\u0131n\u0131 al\u0131r;<br \/>\nG\u00fcbr\u0259 bitkinin vegetasiya d\u00f6vr\u00fcnd\u0259 \u0259n y\u00fcks\u0259k fosfor s\u0259viyy\u0259si \u00fc\u00e7\u00fcn n\u0259z\u0259rd\u0259<br \/>\ntutulmu\u015fdur;<br \/>\nK\u00f6k sisteminin inki\u015faf\u0131, bitkinin \u00e7i\u00e7\u0259kl\u0259nm\u0259si v\u0259 meyv\u0259nin formala\u015fmas\u0131 kimi t\u0259l\u0259b<br \/>\nolunan d\u00f6vrl\u0259rd\u0259 istifad\u0259 \u00fc\u00e7\u00fcn vacibdir;<br \/>\nM\u0259hsul suda tamamil\u0259 h\u0259ll oland\u0131r.<\/p>","protected":false},"featured_media":5394,"comment_status":"open","ping_status":"closed","template":"","meta":[],"product_brand":[],"product_cat":[21],"product_tag":[],"class_list":{"0":"post-5194","1":"product","2":"type-product","3":"status-publish","4":"has-post-thumbnail","6":"product_cat-fresh-berries","8":"first","9":"instock","10":"shipping-taxable","11":"purchasable","12":"product-type-variable"},"yoast_head":"<!-- This site is optimized with the Yoast SEO plugin v26.4 - https:\/\/yoast.com\/wordpress\/plugins\/seo\/ -->\n<title>Grogreen Gel Starter 16-69-16 + micronutrients - Magida Agro<\/title>\n<meta name=\"robots\" content=\"index, follow, max-snippet:-1, max-image-preview:large, max-video-preview:-1\" \/>\n<link rel=\"canonical\" href=\"https:\/\/magida-agro.az\/az\/product\/grogreen-gel-starter-16-69-16-micronutrients\/\" \/>\n<meta property=\"og:locale\" content=\"az_AZ\" \/>\n<meta property=\"og:type\" content=\"article\" \/>\n<meta property=\"og:title\" content=\"Grogreen Gel Starter 16-69-16 + micronutrients - Magida Agro\" \/>\n<meta property=\"og:description\" content=\"M\u0259hsul suda tamamil\u0259 h\u0259ll oland\u0131r. S\u0131xl\u0131q: +\/- 1.64 kg\/l pH (1g\/l 200C) \u2013 2.3 EC (mS\/cm 1g\/l 200C): 0.57 Suda h\u0259ll olunmas\u0131 (200C): 200 g\/l GROGREEN GEL Starter, transplantasiya, k\u00f6k inki\u015faf\u0131 v\u0259 \u00e7i\u00e7\u0259kl\u0259m\u0259 kimi kifay\u0259t q\u0259d\u0259r fosfat q\u0259bulunun vacib oldu\u011fu m\u0259rh\u0259l\u0259l\u0259r \u00fc\u00e7\u00fcn t\u0259rkibind\u0259 y\u00fcks\u0259k fosfor v\u0259 mikro elementl\u0259r olan NPK g\u00fcbr\u0259sidir; G\u00fcbr\u0259nin bel\u0259 bir formala\u015fd\u0131r\u0131lmas\u0131 k\u00f6k sisteminin qorunmas\u0131n\u0131 t\u0259min edir; \u0130ntensiv inki\u015faf\u0131 t\u0259min edir; G\u00fcbr\u0259 bitki \u00fc\u00e7\u00fcn laz\u0131m olan b\u00fct\u00fcn mikro v\u0259 makro elementl\u0259ri \u00f6z\u00fcnd\u0259 ehtiva edir; \u018fvv\u0259ld\u0259n bitkinin sa\u011flam inki\u015faf\u0131n\u0131 t\u0259min ed\u0259n elementl\u0259rl\u0259 z\u0259ngindir; \u00c7i\u00e7\u0259kl\u0259nm\u0259ni stimulla\u015fd\u0131r\u0131r v\u0259 r\u00fc\u015feym itkisinin qar\u015f\u0131s\u0131n\u0131 al\u0131r; G\u00fcbr\u0259 bitkinin vegetasiya d\u00f6vr\u00fcnd\u0259 \u0259n y\u00fcks\u0259k fosfor s\u0259viyy\u0259si \u00fc\u00e7\u00fcn n\u0259z\u0259rd\u0259 tutulmu\u015fdur; K\u00f6k sisteminin inki\u015faf\u0131, bitkinin \u00e7i\u00e7\u0259kl\u0259nm\u0259si v\u0259 meyv\u0259nin formala\u015fmas\u0131 kimi t\u0259l\u0259b olunan d\u00f6vrl\u0259rd\u0259 istifad\u0259 \u00fc\u00e7\u00fcn vacibdir; M\u0259hsul suda tamamil\u0259 h\u0259ll oland\u0131r.\" \/>\n<meta property=\"og:url\" content=\"https:\/\/magida-agro.az\/az\/product\/grogreen-gel-starter-16-69-16-micronutrients\/\" \/>\n<meta property=\"og:site_name\" content=\"Magida Agro\" \/>\n<meta property=\"article:modified_time\" content=\"2025-10-02T20:11:54+00:00\" \/>\n<meta property=\"og:image\" content=\"https:\/\/magida-agro.az\/wp-content\/uploads\/2025\/03\/grogrin-starteri-16-69-16.png\" \/>\n\t<meta property=\"og:image:width\" content=\"1000\" \/>\n\t<meta property=\"og:image:height\" content=\"1000\" \/>\n\t<meta property=\"og:image:type\" content=\"image\/png\" \/>\n<meta name=\"twitter:card\" content=\"summary_large_image\" \/>\n<script type=\"application\/ld+json\" class=\"yoast-schema-graph\">{\"@context\":\"https:\/\/schema.org\",\"@graph\":[{\"@type\":\"WebPage\",\"@id\":\"https:\/\/magida-agro.az\/product\/grogreen-gel-starter-16-69-16-micronutrients\/\",\"url\":\"https:\/\/magida-agro.az\/product\/grogreen-gel-starter-16-69-16-micronutrients\/\",\"name\":\"Grogreen Gel Starter 16-69-16 + micronutrients - Magida Agro\",\"isPartOf\":{\"@id\":\"https:\/\/magida-agro.az\/#website\"},\"primaryImageOfPage\":{\"@id\":\"https:\/\/magida-agro.az\/product\/grogreen-gel-starter-16-69-16-micronutrients\/#primaryimage\"},\"image\":{\"@id\":\"https:\/\/magida-agro.az\/product\/grogreen-gel-starter-16-69-16-micronutrients\/#primaryimage\"},\"thumbnailUrl\":\"https:\/\/magida-agro.az\/wp-content\/uploads\/2025\/03\/grogrin-starteri-16-69-16.png\",\"datePublished\":\"2025-03-10T13:31:58+00:00\",\"dateModified\":\"2025-10-02T20:11:54+00:00\",\"breadcrumb\":{\"@id\":\"https:\/\/magida-agro.az\/product\/grogreen-gel-starter-16-69-16-micronutrients\/#breadcrumb\"},\"inLanguage\":\"az\",\"potentialAction\":[{\"@type\":\"ReadAction\",\"target\":[\"https:\/\/magida-agro.az\/product\/grogreen-gel-starter-16-69-16-micronutrients\/\"]}]},{\"@type\":\"ImageObject\",\"inLanguage\":\"az\",\"@id\":\"https:\/\/magida-agro.az\/product\/grogreen-gel-starter-16-69-16-micronutrients\/#primaryimage\",\"url\":\"https:\/\/magida-agro.az\/wp-content\/uploads\/2025\/03\/grogrin-starteri-16-69-16.png\",\"contentUrl\":\"https:\/\/magida-agro.az\/wp-content\/uploads\/2025\/03\/grogrin-starteri-16-69-16.png\",\"width\":1000,\"height\":1000},{\"@type\":\"BreadcrumbList\",\"@id\":\"https:\/\/magida-agro.az\/product\/grogreen-gel-starter-16-69-16-micronutrients\/#breadcrumb\",\"itemListElement\":[{\"@type\":\"ListItem\",\"position\":1,\"name\":\"Home\",\"item\":\"https:\/\/magida-agro.az\/\"},{\"@type\":\"ListItem\",\"position\":2,\"name\":\"Shop\",\"item\":\"https:\/\/magida-agro.az\/shop\/\"},{\"@type\":\"ListItem\",\"position\":3,\"name\":\"Grogreen Gel Starter 16-69-16 + micronutrients\"}]},{\"@type\":\"WebSite\",\"@id\":\"https:\/\/magida-agro.az\/#website\",\"url\":\"https:\/\/magida-agro.az\/\",\"name\":\"Magida Agro\",\"description\":\"\",\"publisher\":{\"@id\":\"https:\/\/magida-agro.az\/#organization\"},\"potentialAction\":[{\"@type\":\"SearchAction\",\"target\":{\"@type\":\"EntryPoint\",\"urlTemplate\":\"https:\/\/magida-agro.az\/?s={search_term_string}\"},\"query-input\":{\"@type\":\"PropertyValueSpecification\",\"valueRequired\":true,\"valueName\":\"search_term_string\"}}],\"inLanguage\":\"az\"},{\"@type\":\"Organization\",\"@id\":\"https:\/\/magida-agro.az\/#organization\",\"name\":\"Magida Agro\",\"url\":\"https:\/\/magida-agro.az\/\",\"logo\":{\"@type\":\"ImageObject\",\"inLanguage\":\"az\",\"@id\":\"https:\/\/magida-agro.az\/#\/schema\/logo\/image\/\",\"url\":\"https:\/\/magida-agro.az\/wp-content\/uploads\/2025\/02\/cropped-207768526-1.png\",\"contentUrl\":\"https:\/\/magida-agro.az\/wp-content\/uploads\/2025\/02\/cropped-207768526-1.png\",\"width\":1000,\"height\":998,\"caption\":\"Magida Agro\"},\"image\":{\"@id\":\"https:\/\/magida-agro.az\/#\/schema\/logo\/image\/\"}}]}<\/script>\n<!-- \/ Yoast SEO plugin. -->","yoast_head_json":{"title":"Grogreen Gel Starter 16-69-16 + micronutrients - Magida Agro","robots":{"index":"index","follow":"follow","max-snippet":"max-snippet:-1","max-image-preview":"max-image-preview:large","max-video-preview":"max-video-preview:-1"},"canonical":"https:\/\/magida-agro.az\/az\/product\/grogreen-gel-starter-16-69-16-micronutrients\/","og_locale":"az_AZ","og_type":"article","og_title":"Grogreen Gel Starter 16-69-16 + micronutrients - Magida Agro","og_description":"M\u0259hsul suda tamamil\u0259 h\u0259ll oland\u0131r. S\u0131xl\u0131q: +\/- 1.64 kg\/l pH (1g\/l 200C) \u2013 2.3 EC (mS\/cm 1g\/l 200C): 0.57 Suda h\u0259ll olunmas\u0131 (200C): 200 g\/l GROGREEN GEL Starter, transplantasiya, k\u00f6k inki\u015faf\u0131 v\u0259 \u00e7i\u00e7\u0259kl\u0259m\u0259 kimi kifay\u0259t q\u0259d\u0259r fosfat q\u0259bulunun vacib oldu\u011fu m\u0259rh\u0259l\u0259l\u0259r \u00fc\u00e7\u00fcn t\u0259rkibind\u0259 y\u00fcks\u0259k fosfor v\u0259 mikro elementl\u0259r olan NPK g\u00fcbr\u0259sidir; G\u00fcbr\u0259nin bel\u0259 bir formala\u015fd\u0131r\u0131lmas\u0131 k\u00f6k sisteminin qorunmas\u0131n\u0131 t\u0259min edir; \u0130ntensiv inki\u015faf\u0131 t\u0259min edir; G\u00fcbr\u0259 bitki \u00fc\u00e7\u00fcn laz\u0131m olan b\u00fct\u00fcn mikro v\u0259 makro elementl\u0259ri \u00f6z\u00fcnd\u0259 ehtiva edir; \u018fvv\u0259ld\u0259n bitkinin sa\u011flam inki\u015faf\u0131n\u0131 t\u0259min ed\u0259n elementl\u0259rl\u0259 z\u0259ngindir; \u00c7i\u00e7\u0259kl\u0259nm\u0259ni stimulla\u015fd\u0131r\u0131r v\u0259 r\u00fc\u015feym itkisinin qar\u015f\u0131s\u0131n\u0131 al\u0131r; G\u00fcbr\u0259 bitkinin vegetasiya d\u00f6vr\u00fcnd\u0259 \u0259n y\u00fcks\u0259k fosfor s\u0259viyy\u0259si \u00fc\u00e7\u00fcn n\u0259z\u0259rd\u0259 tutulmu\u015fdur; K\u00f6k sisteminin inki\u015faf\u0131, bitkinin \u00e7i\u00e7\u0259kl\u0259nm\u0259si v\u0259 meyv\u0259nin formala\u015fmas\u0131 kimi t\u0259l\u0259b olunan d\u00f6vrl\u0259rd\u0259 istifad\u0259 \u00fc\u00e7\u00fcn vacibdir; M\u0259hsul suda tamamil\u0259 h\u0259ll oland\u0131r.","og_url":"https:\/\/magida-agro.az\/az\/product\/grogreen-gel-starter-16-69-16-micronutrients\/","og_site_name":"Magida Agro","article_modified_time":"2025-10-02T20:11:54+00:00","og_image":[{"width":1000,"height":1000,"url":"https:\/\/magida-agro.az\/wp-content\/uploads\/2025\/03\/grogrin-starteri-16-69-16.png","type":"image\/png"}],"twitter_card":"summary_large_image","schema":{"@context":"https:\/\/schema.org","@graph":[{"@type":"WebPage","@id":"https:\/\/magida-agro.az\/product\/grogreen-gel-starter-16-69-16-micronutrients\/","url":"https:\/\/magida-agro.az\/product\/grogreen-gel-starter-16-69-16-micronutrients\/","name":"Grogreen Gel Starter 16-69-16 + micronutrients - Magida Agro","isPartOf":{"@id":"https:\/\/magida-agro.az\/#website"},"primaryImageOfPage":{"@id":"https:\/\/magida-agro.az\/product\/grogreen-gel-starter-16-69-16-micronutrients\/#primaryimage"},"image":{"@id":"https:\/\/magida-agro.az\/product\/grogreen-gel-starter-16-69-16-micronutrients\/#primaryimage"},"thumbnailUrl":"https:\/\/magida-agro.az\/wp-content\/uploads\/2025\/03\/grogrin-starteri-16-69-16.png","datePublished":"2025-03-10T13:31:58+00:00","dateModified":"2025-10-02T20:11:54+00:00","breadcrumb":{"@id":"https:\/\/magida-agro.az\/product\/grogreen-gel-starter-16-69-16-micronutrients\/#breadcrumb"},"inLanguage":"az","potentialAction":[{"@type":"ReadAction","target":["https:\/\/magida-agro.az\/product\/grogreen-gel-starter-16-69-16-micronutrients\/"]}]},{"@type":"ImageObject","inLanguage":"az","@id":"https:\/\/magida-agro.az\/product\/grogreen-gel-starter-16-69-16-micronutrients\/#primaryimage","url":"https:\/\/magida-agro.az\/wp-content\/uploads\/2025\/03\/grogrin-starteri-16-69-16.png","contentUrl":"https:\/\/magida-agro.az\/wp-content\/uploads\/2025\/03\/grogrin-starteri-16-69-16.png","width":1000,"height":1000},{"@type":"BreadcrumbList","@id":"https:\/\/magida-agro.az\/product\/grogreen-gel-starter-16-69-16-micronutrients\/#breadcrumb","itemListElement":[{"@type":"ListItem","position":1,"name":"Home","item":"https:\/\/magida-agro.az\/"},{"@type":"ListItem","position":2,"name":"Shop","item":"https:\/\/magida-agro.az\/shop\/"},{"@type":"ListItem","position":3,"name":"Grogreen Gel Starter 16-69-16 + micronutrients"}]},{"@type":"WebSite","@id":"https:\/\/magida-agro.az\/#website","url":"https:\/\/magida-agro.az\/","name":"Magida Agro","description":"","publisher":{"@id":"https:\/\/magida-agro.az\/#organization"},"potentialAction":[{"@type":"SearchAction","target":{"@type":"EntryPoint","urlTemplate":"https:\/\/magida-agro.az\/?s={search_term_string}"},"query-input":{"@type":"PropertyValueSpecification","valueRequired":true,"valueName":"search_term_string"}}],"inLanguage":"az"},{"@type":"Organization","@id":"https:\/\/magida-agro.az\/#organization","name":"Magida Agro","url":"https:\/\/magida-agro.az\/","logo":{"@type":"ImageObject","inLanguage":"az","@id":"https:\/\/magida-agro.az\/#\/schema\/logo\/image\/","url":"https:\/\/magida-agro.az\/wp-content\/uploads\/2025\/02\/cropped-207768526-1.png","contentUrl":"https:\/\/magida-agro.az\/wp-content\/uploads\/2025\/02\/cropped-207768526-1.png","width":1000,"height":998,"caption":"Magida Agro"},"image":{"@id":"https:\/\/magida-agro.az\/#\/schema\/logo\/image\/"}}]}},"_links":{"self":[{"href":"https:\/\/magida-agro.az\/az\/wp-json\/wp\/v2\/product\/5194","targetHints":{"allow":["GET"]}}],"collection":[{"href":"https:\/\/magida-agro.az\/az\/wp-json\/wp\/v2\/product"}],"about":[{"href":"https:\/\/magida-agro.az\/az\/wp-json\/wp\/v2\/types\/product"}],"replies":[{"embeddable":true,"href":"https:\/\/magida-agro.az\/az\/wp-json\/wp\/v2\/comments?post=5194"}],"wp:featuredmedia":[{"embeddable":true,"href":"https:\/\/magida-agro.az\/az\/wp-json\/wp\/v2\/media\/5394"}],"wp:attachment":[{"href":"https:\/\/magida-agro.az\/az\/wp-json\/wp\/v2\/media?parent=5194"}],"wp:term":[{"taxonomy":"product_brand","embeddable":true,"href":"https:\/\/magida-agro.az\/az\/wp-json\/wp\/v2\/product_brand?post=5194"},{"taxonomy":"product_cat","embeddable":true,"href":"https:\/\/magida-agro.az\/az\/wp-json\/wp\/v2\/product_cat?post=5194"},{"taxonomy":"product_tag","embeddable":true,"href":"https:\/\/magida-agro.az\/az\/wp-json\/wp\/v2\/product_tag?post=5194"}],"curies":[{"name":"wp","href":"https:\/\/api.w.org\/{rel}","templated":true}]}}