{"id":5196,"date":"2025-03-10T13:33:53","date_gmt":"2025-03-10T13:33:53","guid":{"rendered":"https:\/\/magida-agro.az\/?post_type=product&#038;p=5196"},"modified":"2025-10-02T20:09:43","modified_gmt":"2025-10-02T20:09:43","slug":"grogreen-gel-vegetative-27-27-27-3-mgo-te","status":"publish","type":"product","link":"https:\/\/magida-agro.az\/az\/product\/grogreen-gel-vegetative-27-27-27-3-mgo-te\/","title":{"rendered":"Grogreen Gel Vegetative 27-27-27 + 3 MgO + TE"},"content":{"rendered":"","protected":false},"excerpt":{"rendered":"<h3><strong>M\u0259hsul suda tamamil\u0259 h\u0259ll oland\u0131r. S\u0131xl\u0131q: +\/- 1.64 kg\/l<\/strong><br \/>\n<strong>pH (1g\/l 200C) \u2013 2.3<\/strong><br \/>\n<strong>EC (mS\/cm 1g\/l 200C): 0.57<\/strong><br \/>\n<strong>Suda h\u0259ll olunmas\u0131 (200C): 200 g\/l<\/strong><\/h3>\n<p>BALANSLA\u015eDIRILMI\u015e, \u00c7OXM\u018fQS\u018fDL\u0130 FORMULA<br \/>\n\u2713 Bitkil\u0259rin b\u00fct\u00fcn vegetasiya d\u00f6vr\u00fc \u0259rzind\u0259 istifad\u0259 edil\u0259 bil\u0259r.<br \/>\n\u2713 X\u00fcsusil\u0259 erk\u0259n inki\u015faf m\u0259rh\u0259l\u0259l\u0259rind\u0259 azot ehtiyac\u0131n\u0131 qar\u015f\u0131lamaq \u00fc\u00e7\u00fcn uy\u011fundur;<br \/>\n\u2713 2 \u2013 5 kq\/ha t\u0259tbiq edin, maksimum konsentrasiya 0,5% (1 litr suya 5 qram) olmal\u0131d\u0131r;<br \/>\n\u2713 Tam yarpaq \u00f6rt\u00fcy\u00fcn\u00fc t\u0259min etm\u0259k \u00fc\u00e7\u00fcn h\u0259mi\u015f\u0259 kifay\u0259t q\u0259d\u0259r su h\u0259cmi il\u0259 t\u0259tbiq<br \/>\nedin.<br \/>\n\u2713 M\u0259hsul dig\u0259r maye g\u00fcbr\u0259l\u0259rd\u0259n f\u0259rqli olaraq anbarda saxlanark\u0259n \u00f6z keyfiyy\u0259tini,<br \/>\nfiziki v\u0259 kimy\u0259vi xass\u0259l\u0259rini saxlay\u0131r.<\/p>","protected":false},"featured_media":5389,"comment_status":"open","ping_status":"closed","template":"","meta":[],"product_brand":[],"product_cat":[21],"product_tag":[],"class_list":{"0":"post-5196","1":"product","2":"type-product","3":"status-publish","4":"has-post-thumbnail","6":"product_cat-fresh-berries","8":"first","9":"instock","10":"shipping-taxable","11":"purchasable","12":"product-type-variable"},"yoast_head":"<!-- This site is optimized with the Yoast SEO plugin v26.4 - https:\/\/yoast.com\/wordpress\/plugins\/seo\/ -->\n<title>Grogreen Gel Vegetative 27-27-27 + 3 MgO + TE - Magida Agro<\/title>\n<meta name=\"robots\" content=\"index, follow, max-snippet:-1, max-image-preview:large, max-video-preview:-1\" \/>\n<link rel=\"canonical\" href=\"https:\/\/magida-agro.az\/az\/product\/grogreen-gel-vegetative-27-27-27-3-mgo-te\/\" \/>\n<meta property=\"og:locale\" content=\"az_AZ\" \/>\n<meta property=\"og:type\" content=\"article\" \/>\n<meta property=\"og:title\" content=\"Grogreen Gel Vegetative 27-27-27 + 3 MgO + TE - Magida Agro\" \/>\n<meta property=\"og:description\" content=\"M\u0259hsul suda tamamil\u0259 h\u0259ll oland\u0131r. S\u0131xl\u0131q: +\/- 1.64 kg\/l pH (1g\/l 200C) \u2013 2.3 EC (mS\/cm 1g\/l 200C): 0.57 Suda h\u0259ll olunmas\u0131 (200C): 200 g\/l BALANSLA\u015eDIRILMI\u015e, \u00c7OXM\u018fQS\u018fDL\u0130 FORMULA \u2713 Bitkil\u0259rin b\u00fct\u00fcn vegetasiya d\u00f6vr\u00fc \u0259rzind\u0259 istifad\u0259 edil\u0259 bil\u0259r. \u2713 X\u00fcsusil\u0259 erk\u0259n inki\u015faf m\u0259rh\u0259l\u0259l\u0259rind\u0259 azot ehtiyac\u0131n\u0131 qar\u015f\u0131lamaq \u00fc\u00e7\u00fcn uy\u011fundur; \u2713 2 \u2013 5 kq\/ha t\u0259tbiq edin, maksimum konsentrasiya 0,5% (1 litr suya 5 qram) olmal\u0131d\u0131r; \u2713 Tam yarpaq \u00f6rt\u00fcy\u00fcn\u00fc t\u0259min etm\u0259k \u00fc\u00e7\u00fcn h\u0259mi\u015f\u0259 kifay\u0259t q\u0259d\u0259r su h\u0259cmi il\u0259 t\u0259tbiq edin. \u2713 M\u0259hsul dig\u0259r maye g\u00fcbr\u0259l\u0259rd\u0259n f\u0259rqli olaraq anbarda saxlanark\u0259n \u00f6z keyfiyy\u0259tini, fiziki v\u0259 kimy\u0259vi xass\u0259l\u0259rini saxlay\u0131r.\" \/>\n<meta property=\"og:url\" content=\"https:\/\/magida-agro.az\/az\/product\/grogreen-gel-vegetative-27-27-27-3-mgo-te\/\" \/>\n<meta property=\"og:site_name\" content=\"Magida Agro\" \/>\n<meta property=\"article:modified_time\" content=\"2025-10-02T20:09:43+00:00\" \/>\n<meta property=\"og:image\" content=\"https:\/\/magida-agro.az\/wp-content\/uploads\/2025\/03\/IMG-20250406-WA0001.jpg\" \/>\n\t<meta property=\"og:image:width\" content=\"349\" \/>\n\t<meta property=\"og:image:height\" content=\"338\" \/>\n\t<meta property=\"og:image:type\" content=\"image\/jpeg\" \/>\n<meta name=\"twitter:card\" content=\"summary_large_image\" \/>\n<script type=\"application\/ld+json\" class=\"yoast-schema-graph\">{\"@context\":\"https:\/\/schema.org\",\"@graph\":[{\"@type\":\"WebPage\",\"@id\":\"https:\/\/magida-agro.az\/product\/grogreen-gel-vegetative-27-27-27-3-mgo-te\/\",\"url\":\"https:\/\/magida-agro.az\/product\/grogreen-gel-vegetative-27-27-27-3-mgo-te\/\",\"name\":\"Grogreen Gel Vegetative 27-27-27 + 3 MgO + TE - Magida Agro\",\"isPartOf\":{\"@id\":\"https:\/\/magida-agro.az\/#website\"},\"primaryImageOfPage\":{\"@id\":\"https:\/\/magida-agro.az\/product\/grogreen-gel-vegetative-27-27-27-3-mgo-te\/#primaryimage\"},\"image\":{\"@id\":\"https:\/\/magida-agro.az\/product\/grogreen-gel-vegetative-27-27-27-3-mgo-te\/#primaryimage\"},\"thumbnailUrl\":\"https:\/\/magida-agro.az\/wp-content\/uploads\/2025\/03\/IMG-20250406-WA0001.jpg\",\"datePublished\":\"2025-03-10T13:33:53+00:00\",\"dateModified\":\"2025-10-02T20:09:43+00:00\",\"breadcrumb\":{\"@id\":\"https:\/\/magida-agro.az\/product\/grogreen-gel-vegetative-27-27-27-3-mgo-te\/#breadcrumb\"},\"inLanguage\":\"az\",\"potentialAction\":[{\"@type\":\"ReadAction\",\"target\":[\"https:\/\/magida-agro.az\/product\/grogreen-gel-vegetative-27-27-27-3-mgo-te\/\"]}]},{\"@type\":\"ImageObject\",\"inLanguage\":\"az\",\"@id\":\"https:\/\/magida-agro.az\/product\/grogreen-gel-vegetative-27-27-27-3-mgo-te\/#primaryimage\",\"url\":\"https:\/\/magida-agro.az\/wp-content\/uploads\/2025\/03\/IMG-20250406-WA0001.jpg\",\"contentUrl\":\"https:\/\/magida-agro.az\/wp-content\/uploads\/2025\/03\/IMG-20250406-WA0001.jpg\",\"width\":349,\"height\":338},{\"@type\":\"BreadcrumbList\",\"@id\":\"https:\/\/magida-agro.az\/product\/grogreen-gel-vegetative-27-27-27-3-mgo-te\/#breadcrumb\",\"itemListElement\":[{\"@type\":\"ListItem\",\"position\":1,\"name\":\"Home\",\"item\":\"https:\/\/magida-agro.az\/\"},{\"@type\":\"ListItem\",\"position\":2,\"name\":\"Shop\",\"item\":\"https:\/\/magida-agro.az\/shop\/\"},{\"@type\":\"ListItem\",\"position\":3,\"name\":\"Grogreen Gel Vegetative 27-27-27 + 3 MgO + TE\"}]},{\"@type\":\"WebSite\",\"@id\":\"https:\/\/magida-agro.az\/#website\",\"url\":\"https:\/\/magida-agro.az\/\",\"name\":\"Magida Agro\",\"description\":\"\",\"publisher\":{\"@id\":\"https:\/\/magida-agro.az\/#organization\"},\"potentialAction\":[{\"@type\":\"SearchAction\",\"target\":{\"@type\":\"EntryPoint\",\"urlTemplate\":\"https:\/\/magida-agro.az\/?s={search_term_string}\"},\"query-input\":{\"@type\":\"PropertyValueSpecification\",\"valueRequired\":true,\"valueName\":\"search_term_string\"}}],\"inLanguage\":\"az\"},{\"@type\":\"Organization\",\"@id\":\"https:\/\/magida-agro.az\/#organization\",\"name\":\"Magida Agro\",\"url\":\"https:\/\/magida-agro.az\/\",\"logo\":{\"@type\":\"ImageObject\",\"inLanguage\":\"az\",\"@id\":\"https:\/\/magida-agro.az\/#\/schema\/logo\/image\/\",\"url\":\"https:\/\/magida-agro.az\/wp-content\/uploads\/2025\/02\/cropped-207768526-1.png\",\"contentUrl\":\"https:\/\/magida-agro.az\/wp-content\/uploads\/2025\/02\/cropped-207768526-1.png\",\"width\":1000,\"height\":998,\"caption\":\"Magida Agro\"},\"image\":{\"@id\":\"https:\/\/magida-agro.az\/#\/schema\/logo\/image\/\"}}]}<\/script>\n<!-- \/ Yoast SEO plugin. -->","yoast_head_json":{"title":"Grogreen Gel Vegetative 27-27-27 + 3 MgO + TE - Magida Agro","robots":{"index":"index","follow":"follow","max-snippet":"max-snippet:-1","max-image-preview":"max-image-preview:large","max-video-preview":"max-video-preview:-1"},"canonical":"https:\/\/magida-agro.az\/az\/product\/grogreen-gel-vegetative-27-27-27-3-mgo-te\/","og_locale":"az_AZ","og_type":"article","og_title":"Grogreen Gel Vegetative 27-27-27 + 3 MgO + TE - Magida Agro","og_description":"M\u0259hsul suda tamamil\u0259 h\u0259ll oland\u0131r. S\u0131xl\u0131q: +\/- 1.64 kg\/l pH (1g\/l 200C) \u2013 2.3 EC (mS\/cm 1g\/l 200C): 0.57 Suda h\u0259ll olunmas\u0131 (200C): 200 g\/l BALANSLA\u015eDIRILMI\u015e, \u00c7OXM\u018fQS\u018fDL\u0130 FORMULA \u2713 Bitkil\u0259rin b\u00fct\u00fcn vegetasiya d\u00f6vr\u00fc \u0259rzind\u0259 istifad\u0259 edil\u0259 bil\u0259r. \u2713 X\u00fcsusil\u0259 erk\u0259n inki\u015faf m\u0259rh\u0259l\u0259l\u0259rind\u0259 azot ehtiyac\u0131n\u0131 qar\u015f\u0131lamaq \u00fc\u00e7\u00fcn uy\u011fundur; \u2713 2 \u2013 5 kq\/ha t\u0259tbiq edin, maksimum konsentrasiya 0,5% (1 litr suya 5 qram) olmal\u0131d\u0131r; \u2713 Tam yarpaq \u00f6rt\u00fcy\u00fcn\u00fc t\u0259min etm\u0259k \u00fc\u00e7\u00fcn h\u0259mi\u015f\u0259 kifay\u0259t q\u0259d\u0259r su h\u0259cmi il\u0259 t\u0259tbiq edin. \u2713 M\u0259hsul dig\u0259r maye g\u00fcbr\u0259l\u0259rd\u0259n f\u0259rqli olaraq anbarda saxlanark\u0259n \u00f6z keyfiyy\u0259tini, fiziki v\u0259 kimy\u0259vi xass\u0259l\u0259rini saxlay\u0131r.","og_url":"https:\/\/magida-agro.az\/az\/product\/grogreen-gel-vegetative-27-27-27-3-mgo-te\/","og_site_name":"Magida Agro","article_modified_time":"2025-10-02T20:09:43+00:00","og_image":[{"width":349,"height":338,"url":"https:\/\/magida-agro.az\/wp-content\/uploads\/2025\/03\/IMG-20250406-WA0001.jpg","type":"image\/jpeg"}],"twitter_card":"summary_large_image","schema":{"@context":"https:\/\/schema.org","@graph":[{"@type":"WebPage","@id":"https:\/\/magida-agro.az\/product\/grogreen-gel-vegetative-27-27-27-3-mgo-te\/","url":"https:\/\/magida-agro.az\/product\/grogreen-gel-vegetative-27-27-27-3-mgo-te\/","name":"Grogreen Gel Vegetative 27-27-27 + 3 MgO + TE - Magida Agro","isPartOf":{"@id":"https:\/\/magida-agro.az\/#website"},"primaryImageOfPage":{"@id":"https:\/\/magida-agro.az\/product\/grogreen-gel-vegetative-27-27-27-3-mgo-te\/#primaryimage"},"image":{"@id":"https:\/\/magida-agro.az\/product\/grogreen-gel-vegetative-27-27-27-3-mgo-te\/#primaryimage"},"thumbnailUrl":"https:\/\/magida-agro.az\/wp-content\/uploads\/2025\/03\/IMG-20250406-WA0001.jpg","datePublished":"2025-03-10T13:33:53+00:00","dateModified":"2025-10-02T20:09:43+00:00","breadcrumb":{"@id":"https:\/\/magida-agro.az\/product\/grogreen-gel-vegetative-27-27-27-3-mgo-te\/#breadcrumb"},"inLanguage":"az","potentialAction":[{"@type":"ReadAction","target":["https:\/\/magida-agro.az\/product\/grogreen-gel-vegetative-27-27-27-3-mgo-te\/"]}]},{"@type":"ImageObject","inLanguage":"az","@id":"https:\/\/magida-agro.az\/product\/grogreen-gel-vegetative-27-27-27-3-mgo-te\/#primaryimage","url":"https:\/\/magida-agro.az\/wp-content\/uploads\/2025\/03\/IMG-20250406-WA0001.jpg","contentUrl":"https:\/\/magida-agro.az\/wp-content\/uploads\/2025\/03\/IMG-20250406-WA0001.jpg","width":349,"height":338},{"@type":"BreadcrumbList","@id":"https:\/\/magida-agro.az\/product\/grogreen-gel-vegetative-27-27-27-3-mgo-te\/#breadcrumb","itemListElement":[{"@type":"ListItem","position":1,"name":"Home","item":"https:\/\/magida-agro.az\/"},{"@type":"ListItem","position":2,"name":"Shop","item":"https:\/\/magida-agro.az\/shop\/"},{"@type":"ListItem","position":3,"name":"Grogreen Gel Vegetative 27-27-27 + 3 MgO + TE"}]},{"@type":"WebSite","@id":"https:\/\/magida-agro.az\/#website","url":"https:\/\/magida-agro.az\/","name":"Magida Agro","description":"","publisher":{"@id":"https:\/\/magida-agro.az\/#organization"},"potentialAction":[{"@type":"SearchAction","target":{"@type":"EntryPoint","urlTemplate":"https:\/\/magida-agro.az\/?s={search_term_string}"},"query-input":{"@type":"PropertyValueSpecification","valueRequired":true,"valueName":"search_term_string"}}],"inLanguage":"az"},{"@type":"Organization","@id":"https:\/\/magida-agro.az\/#organization","name":"Magida Agro","url":"https:\/\/magida-agro.az\/","logo":{"@type":"ImageObject","inLanguage":"az","@id":"https:\/\/magida-agro.az\/#\/schema\/logo\/image\/","url":"https:\/\/magida-agro.az\/wp-content\/uploads\/2025\/02\/cropped-207768526-1.png","contentUrl":"https:\/\/magida-agro.az\/wp-content\/uploads\/2025\/02\/cropped-207768526-1.png","width":1000,"height":998,"caption":"Magida Agro"},"image":{"@id":"https:\/\/magida-agro.az\/#\/schema\/logo\/image\/"}}]}},"_links":{"self":[{"href":"https:\/\/magida-agro.az\/az\/wp-json\/wp\/v2\/product\/5196","targetHints":{"allow":["GET"]}}],"collection":[{"href":"https:\/\/magida-agro.az\/az\/wp-json\/wp\/v2\/product"}],"about":[{"href":"https:\/\/magida-agro.az\/az\/wp-json\/wp\/v2\/types\/product"}],"replies":[{"embeddable":true,"href":"https:\/\/magida-agro.az\/az\/wp-json\/wp\/v2\/comments?post=5196"}],"wp:featuredmedia":[{"embeddable":true,"href":"https:\/\/magida-agro.az\/az\/wp-json\/wp\/v2\/media\/5389"}],"wp:attachment":[{"href":"https:\/\/magida-agro.az\/az\/wp-json\/wp\/v2\/media?parent=5196"}],"wp:term":[{"taxonomy":"product_brand","embeddable":true,"href":"https:\/\/magida-agro.az\/az\/wp-json\/wp\/v2\/product_brand?post=5196"},{"taxonomy":"product_cat","embeddable":true,"href":"https:\/\/magida-agro.az\/az\/wp-json\/wp\/v2\/product_cat?post=5196"},{"taxonomy":"product_tag","embeddable":true,"href":"https:\/\/magida-agro.az\/az\/wp-json\/wp\/v2\/product_tag?post=5196"}],"curies":[{"name":"wp","href":"https:\/\/api.w.org\/{rel}","templated":true}]}}