{"id":5783,"date":"2025-08-29T17:50:42","date_gmt":"2025-08-29T17:50:42","guid":{"rendered":"https:\/\/magida-agro.az\/?post_type=product&#038;p=5783"},"modified":"2025-09-15T12:23:10","modified_gmt":"2025-09-15T12:23:10","slug":"klini-xtreme-herbisid","status":"publish","type":"product","link":"https:\/\/magida-agro.az\/az\/product\/klini-xtreme-herbisid\/","title":{"rendered":"Klini Xtreme (Herbisid )"},"content":{"rendered":"","protected":false},"excerpt":{"rendered":"<p>Nufarm \u015firk\u0259tinin Klini Xtreme herbisidini unikal saymaq olar. \u00c7\u00fcnki, o h\u0259m kalium, h\u0259m d\u0259 IPA duzlar\u0131 il\u0259<br \/>\nDual Salt Technology\u2122 t\u0259klif ed\u0259n yegan\u0259 qlifosat m\u0259hsuludur. S\u00fcr\u0259tli m\u0259nims\u0259nilm\u0259 daha s\u00fcr\u0259tli<br \/>\naktivliy\u0259 v\u0259 ya\u011f\u0131\u015fa davaml\u0131l\u0131\u011fa g\u0259tirib \u00e7\u0131xar\u0131r, buna g\u00f6r\u0259 d\u0259 onu \u0259minlikl\u0259 t\u0259tbiq ed\u0259 bil\u0259rsiniz. H\u0259tta<br \/>\ndonuz otu v\u0259 k\u0259ndirotu kimi s\u0259rt alaq otlar\u0131 Klini Xtreme \u00fc\u00e7\u00fcn problem deyil.<br \/>\nT\u0259siredici madd\u0259 :<br \/>\nQlifosat: izopropil amin duzu (30.94%), kalium duzu (22.99%)<\/p>\n<p>FORMA:Maye<\/p>\n<p>\u018fSAS \u00dcST\u00dcNL\u00dcKL\u018fR\u0130:<br \/>\n\u2022 X\u00fcsusi Dual-Salt Texnologiyas\u0131n\u0131 \u0259hat\u0259 edir; \u0259la m\u0259hsul<br \/>\nt\u0259hl\u00fck\u0259sizliyi t\u0259min edir<br \/>\n\u2022 Tez yanma il\u0259 \u0259n s\u0259rt alaq otlar\u0131n\u0131 aradan qald\u0131r\u0131r v\u0259 \u00e7\u0131xma\u011f\u0131n\u0131n<br \/>\nqar\u015f\u0131s\u0131n\u0131 al\u0131r<br \/>\n\u2022 H\u0259tta s\u0259rt v\u0259 keyfiyy\u0259tsiz su il\u0259 t\u0259tbiq olunduqda bel\u0259 \u0259la<br \/>\ng\u00f6st\u0259ricil\u0259r\u0259 malikdir<br \/>\n\u2022 100% ya\u011f\u0131\u015fa davaml\u0131d\u0131r<br \/>\n\u2022 Bir \u00e7ox alternativ glifosat m\u0259hsullar\u0131ndan daha \u00e7ox \u0259raziy\u0259 t\u0259sirini<br \/>\ng\u00f6st\u0259rir<\/p>","protected":false},"featured_media":5785,"comment_status":"open","ping_status":"closed","template":"","meta":[],"product_brand":[],"product_cat":[37],"product_tag":[],"class_list":{"0":"post-5783","1":"product","2":"type-product","3":"status-publish","4":"has-post-thumbnail","6":"product_cat-pestisidler","8":"first","9":"instock","10":"shipping-taxable","11":"purchasable","12":"product-type-simple"},"yoast_head":"<!-- This site is optimized with the Yoast SEO plugin v26.4 - https:\/\/yoast.com\/wordpress\/plugins\/seo\/ -->\n<title>Klini Xtreme (Herbisid ) - Magida Agro Klini Xtreme - s\u0259rt alaq otlar\u0131na qar\u015f\u0131<\/title>\n<meta name=\"description\" content=\"O h\u0259m kalium, h\u0259m d\u0259 IPA duzlar\u0131 il\u0259 Dual Salt Technology\u2122 t\u0259klif ed\u0259n yegan\u0259 qlifosat m\u0259hsuludur. S\u00fcr\u0259tli m\u0259nims\u0259nilm\u0259 v\u0259 ya\u011f\u0131\u015fa davaml\u0131l\u0131\u011fa g\u0259tirib \u00e7\u0131xar\u0131r,\" \/>\n<meta name=\"robots\" content=\"index, follow, max-snippet:-1, max-image-preview:large, max-video-preview:-1\" \/>\n<link rel=\"canonical\" href=\"https:\/\/magida-agro.az\/az\/product\/klini-xtreme-herbisid\/\" \/>\n<meta property=\"og:locale\" content=\"az_AZ\" \/>\n<meta property=\"og:type\" content=\"article\" \/>\n<meta property=\"og:title\" content=\"Klini Xtreme (Herbisid ) - Magida Agro Klini Xtreme - s\u0259rt alaq otlar\u0131na qar\u015f\u0131\" \/>\n<meta property=\"og:description\" content=\"O h\u0259m kalium, h\u0259m d\u0259 IPA duzlar\u0131 il\u0259 Dual Salt Technology\u2122 t\u0259klif ed\u0259n yegan\u0259 qlifosat m\u0259hsuludur. S\u00fcr\u0259tli m\u0259nims\u0259nilm\u0259 v\u0259 ya\u011f\u0131\u015fa davaml\u0131l\u0131\u011fa g\u0259tirib \u00e7\u0131xar\u0131r,\" \/>\n<meta property=\"og:url\" content=\"https:\/\/magida-agro.az\/az\/product\/klini-xtreme-herbisid\/\" \/>\n<meta property=\"og:site_name\" content=\"Magida Agro\" \/>\n<meta property=\"article:modified_time\" content=\"2025-09-15T12:23:10+00:00\" \/>\n<meta property=\"og:image\" content=\"https:\/\/magida-agro.az\/wp-content\/uploads\/2025\/08\/klini-iqstrimi.png\" \/>\n\t<meta property=\"og:image:width\" content=\"1000\" \/>\n\t<meta property=\"og:image:height\" content=\"1000\" \/>\n\t<meta property=\"og:image:type\" content=\"image\/png\" \/>\n<meta name=\"twitter:card\" content=\"summary_large_image\" \/>\n<meta name=\"twitter:label1\" content=\"Est. reading time\" \/>\n\t<meta name=\"twitter:data1\" content=\"1 minute\" \/>\n<script type=\"application\/ld+json\" class=\"yoast-schema-graph\">{\"@context\":\"https:\/\/schema.org\",\"@graph\":[{\"@type\":\"WebPage\",\"@id\":\"https:\/\/magida-agro.az\/product\/klini-xtreme-herbisid\/\",\"url\":\"https:\/\/magida-agro.az\/product\/klini-xtreme-herbisid\/\",\"name\":\"Klini Xtreme (Herbisid ) - Magida Agro Klini Xtreme - s\u0259rt alaq otlar\u0131na qar\u015f\u0131\",\"isPartOf\":{\"@id\":\"https:\/\/magida-agro.az\/#website\"},\"primaryImageOfPage\":{\"@id\":\"https:\/\/magida-agro.az\/product\/klini-xtreme-herbisid\/#primaryimage\"},\"image\":{\"@id\":\"https:\/\/magida-agro.az\/product\/klini-xtreme-herbisid\/#primaryimage\"},\"thumbnailUrl\":\"https:\/\/magida-agro.az\/wp-content\/uploads\/2025\/08\/klini-iqstrimi.png\",\"datePublished\":\"2025-08-29T17:50:42+00:00\",\"dateModified\":\"2025-09-15T12:23:10+00:00\",\"description\":\"O h\u0259m kalium, h\u0259m d\u0259 IPA duzlar\u0131 il\u0259 Dual Salt Technology\u2122 t\u0259klif ed\u0259n yegan\u0259 qlifosat m\u0259hsuludur. S\u00fcr\u0259tli m\u0259nims\u0259nilm\u0259 v\u0259 ya\u011f\u0131\u015fa davaml\u0131l\u0131\u011fa g\u0259tirib \u00e7\u0131xar\u0131r,\",\"breadcrumb\":{\"@id\":\"https:\/\/magida-agro.az\/product\/klini-xtreme-herbisid\/#breadcrumb\"},\"inLanguage\":\"az\",\"potentialAction\":[{\"@type\":\"ReadAction\",\"target\":[\"https:\/\/magida-agro.az\/product\/klini-xtreme-herbisid\/\"]}]},{\"@type\":\"ImageObject\",\"inLanguage\":\"az\",\"@id\":\"https:\/\/magida-agro.az\/product\/klini-xtreme-herbisid\/#primaryimage\",\"url\":\"https:\/\/magida-agro.az\/wp-content\/uploads\/2025\/08\/klini-iqstrimi.png\",\"contentUrl\":\"https:\/\/magida-agro.az\/wp-content\/uploads\/2025\/08\/klini-iqstrimi.png\",\"width\":1000,\"height\":1000},{\"@type\":\"BreadcrumbList\",\"@id\":\"https:\/\/magida-agro.az\/product\/klini-xtreme-herbisid\/#breadcrumb\",\"itemListElement\":[{\"@type\":\"ListItem\",\"position\":1,\"name\":\"Home\",\"item\":\"https:\/\/magida-agro.az\/\"},{\"@type\":\"ListItem\",\"position\":2,\"name\":\"Shop\",\"item\":\"https:\/\/magida-agro.az\/shop\/\"},{\"@type\":\"ListItem\",\"position\":3,\"name\":\"Klini Xtreme (Herbisid )\"}]},{\"@type\":\"WebSite\",\"@id\":\"https:\/\/magida-agro.az\/#website\",\"url\":\"https:\/\/magida-agro.az\/\",\"name\":\"Magida Agro\",\"description\":\"\",\"publisher\":{\"@id\":\"https:\/\/magida-agro.az\/#organization\"},\"potentialAction\":[{\"@type\":\"SearchAction\",\"target\":{\"@type\":\"EntryPoint\",\"urlTemplate\":\"https:\/\/magida-agro.az\/?s={search_term_string}\"},\"query-input\":{\"@type\":\"PropertyValueSpecification\",\"valueRequired\":true,\"valueName\":\"search_term_string\"}}],\"inLanguage\":\"az\"},{\"@type\":\"Organization\",\"@id\":\"https:\/\/magida-agro.az\/#organization\",\"name\":\"Magida Agro\",\"url\":\"https:\/\/magida-agro.az\/\",\"logo\":{\"@type\":\"ImageObject\",\"inLanguage\":\"az\",\"@id\":\"https:\/\/magida-agro.az\/#\/schema\/logo\/image\/\",\"url\":\"https:\/\/magida-agro.az\/wp-content\/uploads\/2025\/02\/cropped-207768526-1.png\",\"contentUrl\":\"https:\/\/magida-agro.az\/wp-content\/uploads\/2025\/02\/cropped-207768526-1.png\",\"width\":1000,\"height\":998,\"caption\":\"Magida Agro\"},\"image\":{\"@id\":\"https:\/\/magida-agro.az\/#\/schema\/logo\/image\/\"}}]}<\/script>\n<!-- \/ Yoast SEO plugin. -->","yoast_head_json":{"title":"Klini Xtreme (Herbisid ) - Magida Agro Klini Xtreme - s\u0259rt alaq otlar\u0131na qar\u015f\u0131","description":"O h\u0259m kalium, h\u0259m d\u0259 IPA duzlar\u0131 il\u0259 Dual Salt Technology\u2122 t\u0259klif ed\u0259n yegan\u0259 qlifosat m\u0259hsuludur. S\u00fcr\u0259tli m\u0259nims\u0259nilm\u0259 v\u0259 ya\u011f\u0131\u015fa davaml\u0131l\u0131\u011fa g\u0259tirib \u00e7\u0131xar\u0131r,","robots":{"index":"index","follow":"follow","max-snippet":"max-snippet:-1","max-image-preview":"max-image-preview:large","max-video-preview":"max-video-preview:-1"},"canonical":"https:\/\/magida-agro.az\/az\/product\/klini-xtreme-herbisid\/","og_locale":"az_AZ","og_type":"article","og_title":"Klini Xtreme (Herbisid ) - Magida Agro Klini Xtreme - s\u0259rt alaq otlar\u0131na qar\u015f\u0131","og_description":"O h\u0259m kalium, h\u0259m d\u0259 IPA duzlar\u0131 il\u0259 Dual Salt Technology\u2122 t\u0259klif ed\u0259n yegan\u0259 qlifosat m\u0259hsuludur. S\u00fcr\u0259tli m\u0259nims\u0259nilm\u0259 v\u0259 ya\u011f\u0131\u015fa davaml\u0131l\u0131\u011fa g\u0259tirib \u00e7\u0131xar\u0131r,","og_url":"https:\/\/magida-agro.az\/az\/product\/klini-xtreme-herbisid\/","og_site_name":"Magida Agro","article_modified_time":"2025-09-15T12:23:10+00:00","og_image":[{"width":1000,"height":1000,"url":"https:\/\/magida-agro.az\/wp-content\/uploads\/2025\/08\/klini-iqstrimi.png","type":"image\/png"}],"twitter_card":"summary_large_image","twitter_misc":{"Est. reading time":"1 minute"},"schema":{"@context":"https:\/\/schema.org","@graph":[{"@type":"WebPage","@id":"https:\/\/magida-agro.az\/product\/klini-xtreme-herbisid\/","url":"https:\/\/magida-agro.az\/product\/klini-xtreme-herbisid\/","name":"Klini Xtreme (Herbisid ) - Magida Agro Klini Xtreme - s\u0259rt alaq otlar\u0131na qar\u015f\u0131","isPartOf":{"@id":"https:\/\/magida-agro.az\/#website"},"primaryImageOfPage":{"@id":"https:\/\/magida-agro.az\/product\/klini-xtreme-herbisid\/#primaryimage"},"image":{"@id":"https:\/\/magida-agro.az\/product\/klini-xtreme-herbisid\/#primaryimage"},"thumbnailUrl":"https:\/\/magida-agro.az\/wp-content\/uploads\/2025\/08\/klini-iqstrimi.png","datePublished":"2025-08-29T17:50:42+00:00","dateModified":"2025-09-15T12:23:10+00:00","description":"O h\u0259m kalium, h\u0259m d\u0259 IPA duzlar\u0131 il\u0259 Dual Salt Technology\u2122 t\u0259klif ed\u0259n yegan\u0259 qlifosat m\u0259hsuludur. S\u00fcr\u0259tli m\u0259nims\u0259nilm\u0259 v\u0259 ya\u011f\u0131\u015fa davaml\u0131l\u0131\u011fa g\u0259tirib \u00e7\u0131xar\u0131r,","breadcrumb":{"@id":"https:\/\/magida-agro.az\/product\/klini-xtreme-herbisid\/#breadcrumb"},"inLanguage":"az","potentialAction":[{"@type":"ReadAction","target":["https:\/\/magida-agro.az\/product\/klini-xtreme-herbisid\/"]}]},{"@type":"ImageObject","inLanguage":"az","@id":"https:\/\/magida-agro.az\/product\/klini-xtreme-herbisid\/#primaryimage","url":"https:\/\/magida-agro.az\/wp-content\/uploads\/2025\/08\/klini-iqstrimi.png","contentUrl":"https:\/\/magida-agro.az\/wp-content\/uploads\/2025\/08\/klini-iqstrimi.png","width":1000,"height":1000},{"@type":"BreadcrumbList","@id":"https:\/\/magida-agro.az\/product\/klini-xtreme-herbisid\/#breadcrumb","itemListElement":[{"@type":"ListItem","position":1,"name":"Home","item":"https:\/\/magida-agro.az\/"},{"@type":"ListItem","position":2,"name":"Shop","item":"https:\/\/magida-agro.az\/shop\/"},{"@type":"ListItem","position":3,"name":"Klini Xtreme (Herbisid )"}]},{"@type":"WebSite","@id":"https:\/\/magida-agro.az\/#website","url":"https:\/\/magida-agro.az\/","name":"Magida Agro","description":"","publisher":{"@id":"https:\/\/magida-agro.az\/#organization"},"potentialAction":[{"@type":"SearchAction","target":{"@type":"EntryPoint","urlTemplate":"https:\/\/magida-agro.az\/?s={search_term_string}"},"query-input":{"@type":"PropertyValueSpecification","valueRequired":true,"valueName":"search_term_string"}}],"inLanguage":"az"},{"@type":"Organization","@id":"https:\/\/magida-agro.az\/#organization","name":"Magida Agro","url":"https:\/\/magida-agro.az\/","logo":{"@type":"ImageObject","inLanguage":"az","@id":"https:\/\/magida-agro.az\/#\/schema\/logo\/image\/","url":"https:\/\/magida-agro.az\/wp-content\/uploads\/2025\/02\/cropped-207768526-1.png","contentUrl":"https:\/\/magida-agro.az\/wp-content\/uploads\/2025\/02\/cropped-207768526-1.png","width":1000,"height":998,"caption":"Magida Agro"},"image":{"@id":"https:\/\/magida-agro.az\/#\/schema\/logo\/image\/"}}]}},"_links":{"self":[{"href":"https:\/\/magida-agro.az\/az\/wp-json\/wp\/v2\/product\/5783","targetHints":{"allow":["GET"]}}],"collection":[{"href":"https:\/\/magida-agro.az\/az\/wp-json\/wp\/v2\/product"}],"about":[{"href":"https:\/\/magida-agro.az\/az\/wp-json\/wp\/v2\/types\/product"}],"replies":[{"embeddable":true,"href":"https:\/\/magida-agro.az\/az\/wp-json\/wp\/v2\/comments?post=5783"}],"wp:featuredmedia":[{"embeddable":true,"href":"https:\/\/magida-agro.az\/az\/wp-json\/wp\/v2\/media\/5785"}],"wp:attachment":[{"href":"https:\/\/magida-agro.az\/az\/wp-json\/wp\/v2\/media?parent=5783"}],"wp:term":[{"taxonomy":"product_brand","embeddable":true,"href":"https:\/\/magida-agro.az\/az\/wp-json\/wp\/v2\/product_brand?post=5783"},{"taxonomy":"product_cat","embeddable":true,"href":"https:\/\/magida-agro.az\/az\/wp-json\/wp\/v2\/product_cat?post=5783"},{"taxonomy":"product_tag","embeddable":true,"href":"https:\/\/magida-agro.az\/az\/wp-json\/wp\/v2\/product_tag?post=5783"}],"curies":[{"name":"wp","href":"https:\/\/api.w.org\/{rel}","templated":true}]}}