{"id":6044,"date":"2025-11-26T20:03:11","date_gmt":"2025-11-26T20:03:11","guid":{"rendered":"https:\/\/magida-agro.az\/?post_type=product&#038;p=6044"},"modified":"2025-11-26T20:03:11","modified_gmt":"2025-11-26T20:03:11","slug":"prius-400-sc","status":"publish","type":"product","link":"https:\/\/magida-agro.az\/az\/product\/prius-400-sc\/","title":{"rendered":"Prius 400 SC"},"content":{"rendered":"","protected":false},"excerpt":{"rendered":"<p>Geni\u015f spektrli fungisid, aktiv madd\u0259si 400 g\/l pyrimethanil, suspensiya-konsentrat<br \/>\nformas\u0131nda.<br \/>\nT\u0259tbiq sah\u0259si v\u0259 \u00fcst\u00fcnl\u00fckl\u0259ri:<\/p>\n<p>Meyv\u0259 a\u011faclar\u0131, t\u0259r\u0259v\u0259z<br \/>\nv\u0259 \u00fcz\u00fcm ba\u011flar\u0131nda bir \u00e7ox g\u00f6b\u0259l\u0259k x\u0259st\u0259likl\u0259rin\u0259<br \/>\nqar\u015f\u0131 kontakt t\u0259sir g\u00f6st\u0259rir. G\u00f6b\u0259l\u0259yin metionin amin<br \/>\ntur\u015fusunun biosintezini pozur\u2014bu is\u0259 h\u00fcceyr\u0259<br \/>\nz\u00fclallar\u0131n\u0131n azalmas\u0131na v\u0259 patogenin<br \/>\nf\u0259aliyy\u0259tsizl\u0259\u015fm\u0259sin\u0259 g\u0259tirib \u00e7\u0131xar\u0131r. Qal\u0131c\u0131 \u00f6rt\u00fck<br \/>\nyarad\u0131r v\u0259 vaxt\u0131nda m\u00fchafiz\u0259 t\u0259min edir, ya\u011f\u0131\u015f<br \/>\nsonras\u0131 yuyulma riski azd\u0131r.<br \/>\n\u0130nteqrasiyal\u0131 m\u00fcbariz\u0259 sisteml\u0259rind\u0259 istifad\u0259<br \/>\nolunma\u011fa uy\u011fundur \u2014 rezistentlik riski effektiv<br \/>\n\u015f\u0259kild\u0259 idar\u0259 edilir.<br \/>\n\u0130stifad\u0259 qaydas\u0131:<\/p>\n<p>Bitki n\u00f6v\u00fc v\u0259 x\u0259st\u0259liy\u0259 g\u00f6r\u0259 doza v\u0259 t\u0259tbiq vaxt\u0131<br \/>\nd\u0259yi\u015fir. M\u0259s\u0259l\u0259n, meyv\u0259 a\u011faclar\u0131nda v\u0259 \u00fcz\u00fcm<br \/>\nba\u011flar\u0131nda vegetasiya d\u00f6vr\u00fcnd\u0259 uy\u011fun \u015f\u0259raitd\u0259<br \/>\nistifad\u0259 oluna bil\u0259r.<\/p>","protected":false},"featured_media":6045,"comment_status":"open","ping_status":"closed","template":"","meta":[],"product_brand":[],"product_cat":[37],"product_tag":[],"class_list":{"0":"post-6044","1":"product","2":"type-product","3":"status-publish","4":"has-post-thumbnail","6":"product_cat-pestisidler","8":"first","9":"instock","10":"shipping-taxable","11":"product-type-simple"},"yoast_head":"<!-- This site is optimized with the Yoast SEO plugin v26.4 - https:\/\/yoast.com\/wordpress\/plugins\/seo\/ -->\n<title>Prius 400 SC - Magida Agro<\/title>\n<meta name=\"description\" content=\"Qal\u0131c\u0131 \u00f6rt\u00fck yarad\u0131r v\u0259 vaxt\u0131nda m\u00fchafiz\u0259 t\u0259min edir, ya\u011f\u0131\u015f sonras\u0131 yuyulma riski azd\u0131r.\u0130nteqrasiyal\u0131 m\u00fcbariz\u0259 sisteml\u0259rind\u0259 istifad\u0259 olunma\u011fa uy\u011fundur\" \/>\n<meta name=\"robots\" content=\"index, follow, max-snippet:-1, max-image-preview:large, max-video-preview:-1\" \/>\n<link rel=\"canonical\" href=\"https:\/\/magida-agro.az\/az\/product\/prius-400-sc\/\" \/>\n<meta property=\"og:locale\" content=\"az_AZ\" \/>\n<meta property=\"og:type\" content=\"article\" \/>\n<meta property=\"og:title\" content=\"Prius 400 SC - Magida Agro\" \/>\n<meta property=\"og:description\" content=\"Qal\u0131c\u0131 \u00f6rt\u00fck yarad\u0131r v\u0259 vaxt\u0131nda m\u00fchafiz\u0259 t\u0259min edir, ya\u011f\u0131\u015f sonras\u0131 yuyulma riski azd\u0131r.\u0130nteqrasiyal\u0131 m\u00fcbariz\u0259 sisteml\u0259rind\u0259 istifad\u0259 olunma\u011fa uy\u011fundur\" \/>\n<meta property=\"og:url\" content=\"https:\/\/magida-agro.az\/az\/product\/prius-400-sc\/\" \/>\n<meta property=\"og:site_name\" content=\"Magida Agro\" \/>\n<meta property=\"og:image\" content=\"https:\/\/magida-agro.az\/wp-content\/uploads\/2025\/11\/Prius.jpg\" \/>\n\t<meta property=\"og:image:width\" content=\"484\" \/>\n\t<meta property=\"og:image:height\" content=\"484\" \/>\n\t<meta property=\"og:image:type\" content=\"image\/jpeg\" \/>\n<meta name=\"twitter:card\" content=\"summary_large_image\" \/>\n<meta name=\"twitter:label1\" content=\"Est. reading time\" \/>\n\t<meta name=\"twitter:data1\" content=\"1 minute\" \/>\n<script type=\"application\/ld+json\" class=\"yoast-schema-graph\">{\"@context\":\"https:\/\/schema.org\",\"@graph\":[{\"@type\":\"WebPage\",\"@id\":\"https:\/\/magida-agro.az\/product\/prius-400-sc\/\",\"url\":\"https:\/\/magida-agro.az\/product\/prius-400-sc\/\",\"name\":\"Prius 400 SC - Magida Agro\",\"isPartOf\":{\"@id\":\"https:\/\/magida-agro.az\/#website\"},\"primaryImageOfPage\":{\"@id\":\"https:\/\/magida-agro.az\/product\/prius-400-sc\/#primaryimage\"},\"image\":{\"@id\":\"https:\/\/magida-agro.az\/product\/prius-400-sc\/#primaryimage\"},\"thumbnailUrl\":\"https:\/\/magida-agro.az\/wp-content\/uploads\/2025\/11\/Prius.jpg\",\"datePublished\":\"2025-11-26T20:03:11+00:00\",\"description\":\"Qal\u0131c\u0131 \u00f6rt\u00fck yarad\u0131r v\u0259 vaxt\u0131nda m\u00fchafiz\u0259 t\u0259min edir, ya\u011f\u0131\u015f sonras\u0131 yuyulma riski azd\u0131r.\u0130nteqrasiyal\u0131 m\u00fcbariz\u0259 sisteml\u0259rind\u0259 istifad\u0259 olunma\u011fa uy\u011fundur\",\"breadcrumb\":{\"@id\":\"https:\/\/magida-agro.az\/product\/prius-400-sc\/#breadcrumb\"},\"inLanguage\":\"az\",\"potentialAction\":[{\"@type\":\"ReadAction\",\"target\":[\"https:\/\/magida-agro.az\/product\/prius-400-sc\/\"]}]},{\"@type\":\"ImageObject\",\"inLanguage\":\"az\",\"@id\":\"https:\/\/magida-agro.az\/product\/prius-400-sc\/#primaryimage\",\"url\":\"https:\/\/magida-agro.az\/wp-content\/uploads\/2025\/11\/Prius.jpg\",\"contentUrl\":\"https:\/\/magida-agro.az\/wp-content\/uploads\/2025\/11\/Prius.jpg\",\"width\":484,\"height\":484},{\"@type\":\"BreadcrumbList\",\"@id\":\"https:\/\/magida-agro.az\/product\/prius-400-sc\/#breadcrumb\",\"itemListElement\":[{\"@type\":\"ListItem\",\"position\":1,\"name\":\"Home\",\"item\":\"https:\/\/magida-agro.az\/\"},{\"@type\":\"ListItem\",\"position\":2,\"name\":\"Shop\",\"item\":\"https:\/\/magida-agro.az\/shop\/\"},{\"@type\":\"ListItem\",\"position\":3,\"name\":\"Prius 400 SC\"}]},{\"@type\":\"WebSite\",\"@id\":\"https:\/\/magida-agro.az\/#website\",\"url\":\"https:\/\/magida-agro.az\/\",\"name\":\"Magida Agro\",\"description\":\"\",\"publisher\":{\"@id\":\"https:\/\/magida-agro.az\/#organization\"},\"potentialAction\":[{\"@type\":\"SearchAction\",\"target\":{\"@type\":\"EntryPoint\",\"urlTemplate\":\"https:\/\/magida-agro.az\/?s={search_term_string}\"},\"query-input\":{\"@type\":\"PropertyValueSpecification\",\"valueRequired\":true,\"valueName\":\"search_term_string\"}}],\"inLanguage\":\"az\"},{\"@type\":\"Organization\",\"@id\":\"https:\/\/magida-agro.az\/#organization\",\"name\":\"Magida Agro\",\"url\":\"https:\/\/magida-agro.az\/\",\"logo\":{\"@type\":\"ImageObject\",\"inLanguage\":\"az\",\"@id\":\"https:\/\/magida-agro.az\/#\/schema\/logo\/image\/\",\"url\":\"https:\/\/magida-agro.az\/wp-content\/uploads\/2025\/02\/cropped-207768526-1.png\",\"contentUrl\":\"https:\/\/magida-agro.az\/wp-content\/uploads\/2025\/02\/cropped-207768526-1.png\",\"width\":1000,\"height\":998,\"caption\":\"Magida Agro\"},\"image\":{\"@id\":\"https:\/\/magida-agro.az\/#\/schema\/logo\/image\/\"}}]}<\/script>\n<!-- \/ Yoast SEO plugin. -->","yoast_head_json":{"title":"Prius 400 SC - Magida Agro","description":"Qal\u0131c\u0131 \u00f6rt\u00fck yarad\u0131r v\u0259 vaxt\u0131nda m\u00fchafiz\u0259 t\u0259min edir, ya\u011f\u0131\u015f sonras\u0131 yuyulma riski azd\u0131r.\u0130nteqrasiyal\u0131 m\u00fcbariz\u0259 sisteml\u0259rind\u0259 istifad\u0259 olunma\u011fa uy\u011fundur","robots":{"index":"index","follow":"follow","max-snippet":"max-snippet:-1","max-image-preview":"max-image-preview:large","max-video-preview":"max-video-preview:-1"},"canonical":"https:\/\/magida-agro.az\/az\/product\/prius-400-sc\/","og_locale":"az_AZ","og_type":"article","og_title":"Prius 400 SC - Magida Agro","og_description":"Qal\u0131c\u0131 \u00f6rt\u00fck yarad\u0131r v\u0259 vaxt\u0131nda m\u00fchafiz\u0259 t\u0259min edir, ya\u011f\u0131\u015f sonras\u0131 yuyulma riski azd\u0131r.\u0130nteqrasiyal\u0131 m\u00fcbariz\u0259 sisteml\u0259rind\u0259 istifad\u0259 olunma\u011fa uy\u011fundur","og_url":"https:\/\/magida-agro.az\/az\/product\/prius-400-sc\/","og_site_name":"Magida Agro","og_image":[{"width":484,"height":484,"url":"https:\/\/magida-agro.az\/wp-content\/uploads\/2025\/11\/Prius.jpg","type":"image\/jpeg"}],"twitter_card":"summary_large_image","twitter_misc":{"Est. reading time":"1 minute"},"schema":{"@context":"https:\/\/schema.org","@graph":[{"@type":"WebPage","@id":"https:\/\/magida-agro.az\/product\/prius-400-sc\/","url":"https:\/\/magida-agro.az\/product\/prius-400-sc\/","name":"Prius 400 SC - Magida Agro","isPartOf":{"@id":"https:\/\/magida-agro.az\/#website"},"primaryImageOfPage":{"@id":"https:\/\/magida-agro.az\/product\/prius-400-sc\/#primaryimage"},"image":{"@id":"https:\/\/magida-agro.az\/product\/prius-400-sc\/#primaryimage"},"thumbnailUrl":"https:\/\/magida-agro.az\/wp-content\/uploads\/2025\/11\/Prius.jpg","datePublished":"2025-11-26T20:03:11+00:00","description":"Qal\u0131c\u0131 \u00f6rt\u00fck yarad\u0131r v\u0259 vaxt\u0131nda m\u00fchafiz\u0259 t\u0259min edir, ya\u011f\u0131\u015f sonras\u0131 yuyulma riski azd\u0131r.\u0130nteqrasiyal\u0131 m\u00fcbariz\u0259 sisteml\u0259rind\u0259 istifad\u0259 olunma\u011fa uy\u011fundur","breadcrumb":{"@id":"https:\/\/magida-agro.az\/product\/prius-400-sc\/#breadcrumb"},"inLanguage":"az","potentialAction":[{"@type":"ReadAction","target":["https:\/\/magida-agro.az\/product\/prius-400-sc\/"]}]},{"@type":"ImageObject","inLanguage":"az","@id":"https:\/\/magida-agro.az\/product\/prius-400-sc\/#primaryimage","url":"https:\/\/magida-agro.az\/wp-content\/uploads\/2025\/11\/Prius.jpg","contentUrl":"https:\/\/magida-agro.az\/wp-content\/uploads\/2025\/11\/Prius.jpg","width":484,"height":484},{"@type":"BreadcrumbList","@id":"https:\/\/magida-agro.az\/product\/prius-400-sc\/#breadcrumb","itemListElement":[{"@type":"ListItem","position":1,"name":"Home","item":"https:\/\/magida-agro.az\/"},{"@type":"ListItem","position":2,"name":"Shop","item":"https:\/\/magida-agro.az\/shop\/"},{"@type":"ListItem","position":3,"name":"Prius 400 SC"}]},{"@type":"WebSite","@id":"https:\/\/magida-agro.az\/#website","url":"https:\/\/magida-agro.az\/","name":"Magida Agro","description":"","publisher":{"@id":"https:\/\/magida-agro.az\/#organization"},"potentialAction":[{"@type":"SearchAction","target":{"@type":"EntryPoint","urlTemplate":"https:\/\/magida-agro.az\/?s={search_term_string}"},"query-input":{"@type":"PropertyValueSpecification","valueRequired":true,"valueName":"search_term_string"}}],"inLanguage":"az"},{"@type":"Organization","@id":"https:\/\/magida-agro.az\/#organization","name":"Magida Agro","url":"https:\/\/magida-agro.az\/","logo":{"@type":"ImageObject","inLanguage":"az","@id":"https:\/\/magida-agro.az\/#\/schema\/logo\/image\/","url":"https:\/\/magida-agro.az\/wp-content\/uploads\/2025\/02\/cropped-207768526-1.png","contentUrl":"https:\/\/magida-agro.az\/wp-content\/uploads\/2025\/02\/cropped-207768526-1.png","width":1000,"height":998,"caption":"Magida Agro"},"image":{"@id":"https:\/\/magida-agro.az\/#\/schema\/logo\/image\/"}}]}},"_links":{"self":[{"href":"https:\/\/magida-agro.az\/az\/wp-json\/wp\/v2\/product\/6044","targetHints":{"allow":["GET"]}}],"collection":[{"href":"https:\/\/magida-agro.az\/az\/wp-json\/wp\/v2\/product"}],"about":[{"href":"https:\/\/magida-agro.az\/az\/wp-json\/wp\/v2\/types\/product"}],"replies":[{"embeddable":true,"href":"https:\/\/magida-agro.az\/az\/wp-json\/wp\/v2\/comments?post=6044"}],"wp:featuredmedia":[{"embeddable":true,"href":"https:\/\/magida-agro.az\/az\/wp-json\/wp\/v2\/media\/6045"}],"wp:attachment":[{"href":"https:\/\/magida-agro.az\/az\/wp-json\/wp\/v2\/media?parent=6044"}],"wp:term":[{"taxonomy":"product_brand","embeddable":true,"href":"https:\/\/magida-agro.az\/az\/wp-json\/wp\/v2\/product_brand?post=6044"},{"taxonomy":"product_cat","embeddable":true,"href":"https:\/\/magida-agro.az\/az\/wp-json\/wp\/v2\/product_cat?post=6044"},{"taxonomy":"product_tag","embeddable":true,"href":"https:\/\/magida-agro.az\/az\/wp-json\/wp\/v2\/product_tag?post=6044"}],"curies":[{"name":"wp","href":"https:\/\/api.w.org\/{rel}","templated":true}]}}